{"id":3949,"date":"2016-05-03T10:53:00","date_gmt":"2016-05-03T08:53:00","guid":{"rendered":"http:\/\/wordpress.postmuenster.de\/?page_id=3949"},"modified":"2026-04-08T10:55:26","modified_gmt":"2026-04-08T08:55:26","slug":"verwaltung","status":"publish","type":"page","link":"https:\/\/www.postmuenster.de\/?page_id=3949","title":{"rendered":"Verwaltung"},"content":{"rendered":"<div id=\"attachment_4448\" style=\"width: 310px\" class=\"wp-caption alignright\"><a href=\"https:\/\/www.postmuenster.de\/wp-content\/uploads\/2016\/05\/Rathaus-Postmuenster.jpg\" data-lbwps-width=\"2000\" data-lbwps-height=\"1500\" data-lbwps-srcsmall=\"https:\/\/www.postmuenster.de\/wp-content\/uploads\/2016\/05\/Rathaus-Postmuenster.jpg\"><img loading=\"lazy\" decoding=\"async\" aria-describedby=\"caption-attachment-4448\" class=\"wp-image-4448 size-medium\" src=\"https:\/\/www.postmuenster.de\/wp-content\/uploads\/2016\/05\/Rathaus-Postmuenster-300x225.jpg\" alt=\"Rathaus-Postmuenster\" width=\"300\" height=\"225\" srcset=\"https:\/\/www.postmuenster.de\/wp-content\/uploads\/2016\/05\/Rathaus-Postmuenster-300x225.jpg 300w, https:\/\/www.postmuenster.de\/wp-content\/uploads\/2016\/05\/Rathaus-Postmuenster-1024x768.jpg 1024w, https:\/\/www.postmuenster.de\/wp-content\/uploads\/2016\/05\/Rathaus-Postmuenster.jpg 2000w\" sizes=\"auto, (max-width: 300px) 100vw, 300px\" \/><\/a><p id=\"caption-attachment-4448\" class=\"wp-caption-text\">Das Rathaus<\/p><\/div>\n<p>Die Gemeindeverwaltung im Rathaus Postm\u00fcnster k\u00f6nnen Sie wie folgt erreichen:<\/p>\n<p>&nbsp;<\/p>\n<h2>Anschrift und Kontaktdaten<\/h2>\n<p>Gemeinde Postm\u00fcnster<br \/>\nHauptstra\u00dfe 23<br \/>\n84389 Postm\u00fcnster<br \/>\nTelefon: 08561 \/ 98 49 0<br \/>\nTelefax: 08561 \/ 98 49 29<br \/>\nE-Mail: <a href=\"mailto:poststelle@postmuenster.de\">poststelle@postmuenster.de<\/a><br \/>\n<a href=\"https:\/\/formularserver-bp.bayern.de\/sichererKontakt?caller=52663498683\" target=\"_blank\" rel=\"noopener noreferrer\">Sicheres Kontaktformular<\/a><\/p>\n<p>&nbsp;<\/p>\n<h2>\u00d6ffnungszeiten<\/h2>\n<div id=\"attachment_4474\" style=\"width: 310px\" class=\"wp-caption alignright\"><a href=\"https:\/\/www.postmuenster.de\/wp-content\/uploads\/2016\/05\/Rathaus-Foyer.jpg\" data-lbwps-width=\"2000\" data-lbwps-height=\"1500\" data-lbwps-srcsmall=\"https:\/\/www.postmuenster.de\/wp-content\/uploads\/2016\/05\/Rathaus-Foyer.jpg\"><img loading=\"lazy\" decoding=\"async\" aria-describedby=\"caption-attachment-4474\" class=\"wp-image-4474 size-medium\" src=\"https:\/\/www.postmuenster.de\/wp-content\/uploads\/2016\/05\/Rathaus-Foyer-300x225.jpg\" alt=\"Rathaus-Foyer\" width=\"300\" height=\"225\" srcset=\"https:\/\/www.postmuenster.de\/wp-content\/uploads\/2016\/05\/Rathaus-Foyer-300x225.jpg 300w, https:\/\/www.postmuenster.de\/wp-content\/uploads\/2016\/05\/Rathaus-Foyer-1024x768.jpg 1024w, https:\/\/www.postmuenster.de\/wp-content\/uploads\/2016\/05\/Rathaus-Foyer.jpg 2000w\" sizes=\"auto, (max-width: 300px) 100vw, 300px\" \/><\/a><p id=\"caption-attachment-4474\" class=\"wp-caption-text\">Rathaus-Foyer<\/p><\/div>\n<p>Montag:\u00a0\u00a0\u00a0\u00a0 \u00a0 \u00a0 \u00a0 \u00a0 7.30 &#8211; 12.00 Uhr<br \/>\nDienstag:\u00a0\u00a0\u00a0\u00a0\u00a0\u00a0\u00a0\u00a0\u00a0\u00a0 7.30 &#8211; 12.00 Uhr\u00a0\u00a0\u00a0\u00a0 und \u00a0\u00a0\u00a0 13.00 &#8211; 18.00 Uhr<b><b><br \/>\n<\/b><\/b>Mittwoch:\u00a0\u00a0\u00a0\u00a0\u00a0\u00a0\u00a0\u00a0\u00a0 7.30 &#8211; 12.00 Uhr<b><b><br \/>\n<\/b><\/b>Donnerstag:\u00a0\u00a0\u00a0\u00a0\u00a0 7.30 &#8211; 12.00 Uhr\u00a0\u00a0\u00a0\u00a0 und \u00a0\u00a0\u00a0 13.00 &#8211; 17.00 Uhr<b><b><b><br \/>\n<\/b><\/b><\/b>Freitag:\u00a0\u00a0\u00a0\u00a0\u00a0\u00a0\u00a0\u00a0\u00a0\u00a0\u00a0\u00a0\u00a0 7.30 &#8211; 12.00 Uhr<b><b><b><br \/>\n<\/b><\/b><\/b><\/p>\n<p>&nbsp;<\/p>\n<h2>Gesch\u00e4ftsverteilung<\/h2>\n<p>Beachten Sie auch unsere <a href=\"\/?page_id=4386\">Sonderseite mit h\u00e4ufig gestellten Fragen!<\/a><br \/>\nPostOffice &#8211; das Online-Service-Portal der Gemeinde Postm\u00fcnster: Zahlreiche Beh\u00f6rdeng\u00e4nge k\u00f6nnen Sie 24 Stunden am Tag, an 7 Tagen der Woche <a href=\"http:\/\/www.postmuenster.de\/?page_id=6215\">hier bequem online erledigen.<\/a><br \/>\nIm \u00dcbrigen helfen Ihnen folgende Ansprechpartner bei Ihrem Anliegen weiter:<\/p>\n<p>&nbsp;<\/p>\n<div id=\"attachment_4475\" style=\"width: 310px\" class=\"wp-caption alignright\"><a href=\"https:\/\/www.postmuenster.de\/wp-content\/uploads\/2016\/05\/Tablet-Buergerbuero.jpg\" data-lbwps-width=\"2000\" data-lbwps-height=\"1500\" data-lbwps-srcsmall=\"https:\/\/www.postmuenster.de\/wp-content\/uploads\/2016\/05\/Tablet-Buergerbuero.jpg\"><img loading=\"lazy\" decoding=\"async\" aria-describedby=\"caption-attachment-4475\" class=\"wp-image-4475 size-medium\" src=\"https:\/\/www.postmuenster.de\/wp-content\/uploads\/2016\/05\/Tablet-Buergerbuero-300x225.jpg\" alt=\"Tablet-Buergerbuero\" width=\"300\" height=\"225\" srcset=\"https:\/\/www.postmuenster.de\/wp-content\/uploads\/2016\/05\/Tablet-Buergerbuero-300x225.jpg 300w, https:\/\/www.postmuenster.de\/wp-content\/uploads\/2016\/05\/Tablet-Buergerbuero-1024x768.jpg 1024w, https:\/\/www.postmuenster.de\/wp-content\/uploads\/2016\/05\/Tablet-Buergerbuero.jpg 2000w\" sizes=\"auto, (max-width: 300px) 100vw, 300px\" \/><\/a><p id=\"caption-attachment-4475\" class=\"wp-caption-text\">Modernes B\u00fcrgerb\u00fcro<\/p><\/div>\n<p><strong>1. B\u00fcrgermeister\u00a0\u00a0<\/strong><\/p>\n<p>Stefan Weindl<br \/>\nTel. 08561\/9849-0<br \/>\n<a href=\"mailto:stefan.weindl@postmuenster.de\">stefan.weindl@postmuenster.de<\/a><\/p>\n<p>&nbsp;<\/p>\n<p><strong>Gesch\u00e4ftsleitung<\/strong><\/p>\n<p>Michael Smetanski<br \/>\nTel. 08561\/9849-12<br \/>\n<a href=\"mailto:michael.smetanski@postmuenster.de\">michael.smetanski@postmuenster.de<\/a><\/p>\n<p>Zust\u00e4ndig f\u00fcr: Gesch\u00e4ftsleitung, Bauamt, Ortsrecht, Sitzungsdienst, Breitbandausbau, Erschlie\u00dfungsrecht, Stra\u00dfenbestandsverzeichnis, Verkehrswesen, Wahlen, Liegenschaftsverwaltung, Personal, EDV, Homepage, Redaktion \u201eDer Postbote\u201c<\/p>\n<p>&nbsp;<\/p>\n<p><strong>Einwohnermeldeamt \/<\/strong> <strong>B\u00fcrgerb\u00fcro<\/strong><\/p>\n<p>Stefanie Achter (Mo, Di, Do, Fr)<br \/>\nTel. 08561\/9849-0<br \/>\n<a href=\"mailto:stefanie.achter@postmuenster.de\">stefanie.achter@postmuenster.de<\/a><\/p>\n<p>Wir bitten um vorherige Terminvereinbarung z.B. f\u00fcr Anmeldungen, Rentenantr\u00e4ge etc.!<\/p>\n<p>Zust\u00e4ndig f\u00fcr: Einwohnermelde- und Passamt, Renten- u. Sozialamt, \u00d6ffentl. Sicherheit u. Ordnung, Gewerbeamt, Fischereischeine, Telefonzentrale, Poststelle, Sekretariat, Fundb\u00fcro, Fremdenverkehrswesen, Personennahverkehr, Gemeindearchiv, Alters- und Ehejubilare, Ehrungen, Hausnummerierung, Ferienprogramm, Redaktion \u201eDer Postbote\u201c<\/p>\n<p>&nbsp;<\/p>\n<p><strong>Finanzverwaltung \/<\/strong> <strong>B\u00fcrgerb\u00fcro<\/strong><\/p>\n<p>Christian Hirl<br \/>\nTel. 08561\/9849-15<br \/>\n<a href=\"mailto:christian.hirl@postmuenster.de\">christian.hirl@postmuenster.de<\/a><\/p>\n<p>Zust\u00e4ndig f\u00fcr: K\u00e4mmerei, Schul- und Kindergartenwesen, Friedhofsverwaltung, Feuerwehrwesen, Abwasserabgabe f\u00fcr Kleineinleiter, Renten- und Sozialamt, \u00d6ffentl. Sicherheit- und Ordnung, Schadensf\u00e4lle, stv. Gesch\u00e4ftsleitung<\/p>\n<p>&nbsp;<\/p>\n<p><strong>Finanzverwaltung \/ Kasse \u00a0\u00a0<\/strong><\/p>\n<p>Renate Baumgartner<br \/>\nTel. 08561\/9849-14<br \/>\n<a href=\"mailto:renate.baumgartner@postmuenster.de\">renate.baumgartner@postmuenster.de<\/a><\/p>\n<p>Zust\u00e4ndig f\u00fcr: Leitung der Gemeindekasse, Abrechnung Abwassergeb\u00fchren, Finanzverwaltung, Hundesteuer<\/p>\n<p>Marlene Bruckmaier<br \/>\nTel. 08561\/9849-11<br \/>\n<a href=\"mailto:marlene.bruckmaier@postmuenster.de\">marlene.bruckmaier@postmuenster.de<\/a><br \/>\nZust\u00e4ndig f\u00fcr: Gemeindekasse, Abwasserabgabe f\u00fcr Kleineinleiter, Finanzverwaltung, Gemeindearchiv, Vertretung Einwohnermeldeamt\/B\u00fcrgerb\u00fcro<\/p>\n<p>&nbsp;<\/p>\n<p><strong>Was erledige ich wo?<\/strong><\/p>\n<p>Weitere Informationen erhalten Sie auch auf dem <a href=\"http:\/\/www.behoerdenwegweiser.bayern.de\/dokumente\/behoerde\/52663498683?plz=84389&amp;behoerde=52663498683&amp;gemeinde=798968857671\" target=\"_blank\" rel=\"noopener noreferrer\">Bayerischen Beh\u00f6rdenwegweiser<\/a>.<\/p>\n<p>&nbsp;<\/p>\n<h2>Konten der Gemeindekasse<\/h2>\n<p>VR-Bank Rottal-Inn eG<br \/>\n(BLZ 740 618 13) Kto. 104 337<br \/>\nIBAN: DE68 7406 1813 0000 1043 37<br \/>\nBIC: GENODEF1PFK<\/p>\n<p>Sparkasse Rottal-Inn<br \/>\n(BLZ 743 514 30) Kto. 570 165 027<br \/>\nIBAN: DE 75 7435 1430 0570 1650 27<br \/>\nBIC: BYLADEM1EGF<\/p>\n","protected":false},"excerpt":{"rendered":"<p>Die Gemeindeverwaltung im Rathaus Postm\u00fcnster k\u00f6nnen Sie wie folgt erreichen: &nbsp; Anschrift und Kontaktdaten Gemeinde Postm\u00fcnster Hauptstra\u00dfe 23 84389 Postm\u00fcnster Telefon: 08561 \/ 98 49 0 Telefax: 08561 \/ 98 49 29 E-Mail: poststelle@postmuenster.de Sicheres Kontaktformular &nbsp; \u00d6ffnungszeiten Montag:\u00a0\u00a0\u00a0\u00a0 \u00a0 \u00a0 \u00a0 \u00a0 7.30 &#8211; 12.00 Uhr Dienstag:\u00a0\u00a0\u00a0\u00a0\u00a0\u00a0\u00a0\u00a0\u00a0\u00a0 7.30 &#8211; 12.00 Uhr\u00a0\u00a0\u00a0\u00a0 und \u00a0\u00a0\u00a0 13.00 [&hellip;]<\/p>\n","protected":false},"author":11,"featured_media":0,"parent":3936,"menu_order":3,"comment_status":"closed","ping_status":"closed","template":"page-full.php","meta":{"footnotes":""},"class_list":["post-3949","page","type-page","status-publish","hentry"],"publishpress_future_action":{"enabled":false,"date":"2026-04-23 06:07:01","action":"change-status","newStatus":"draft","terms":[],"taxonomy":"","extraData":[]},"publishpress_future_workflow_manual_trigger":{"enabledWorkflows":[]},"_links":{"self":[{"href":"https:\/\/www.postmuenster.de\/index.php?rest_route=\/wp\/v2\/pages\/3949","targetHints":{"allow":["GET"]}}],"collection":[{"href":"https:\/\/www.postmuenster.de\/index.php?rest_route=\/wp\/v2\/pages"}],"about":[{"href":"https:\/\/www.postmuenster.de\/index.php?rest_route=\/wp\/v2\/types\/page"}],"author":[{"embeddable":true,"href":"https:\/\/www.postmuenster.de\/index.php?rest_route=\/wp\/v2\/users\/11"}],"replies":[{"embeddable":true,"href":"https:\/\/www.postmuenster.de\/index.php?rest_route=%2Fwp%2Fv2%2Fcomments&post=3949"}],"version-history":[{"count":47,"href":"https:\/\/www.postmuenster.de\/index.php?rest_route=\/wp\/v2\/pages\/3949\/revisions"}],"predecessor-version":[{"id":9816,"href":"https:\/\/www.postmuenster.de\/index.php?rest_route=\/wp\/v2\/pages\/3949\/revisions\/9816"}],"up":[{"embeddable":true,"href":"https:\/\/www.postmuenster.de\/index.php?rest_route=\/wp\/v2\/pages\/3936"}],"wp:attachment":[{"href":"https:\/\/www.postmuenster.de\/index.php?rest_route=%2Fwp%2Fv2%2Fmedia&parent=3949"}],"curies":[{"name":"wp","href":"https:\/\/api.w.org\/{rel}","templated":true}]}}