{"id":3953,"date":"2016-05-03T10:56:39","date_gmt":"2016-05-03T08:56:39","guid":{"rendered":"http:\/\/wordpress.postmuenster.de\/?page_id=3953"},"modified":"2023-06-27T09:00:01","modified_gmt":"2023-06-27T07:00:01","slug":"einrichtungen","status":"publish","type":"page","link":"https:\/\/www.postmuenster.de\/?page_id=3953","title":{"rendered":"Einrichtungen"},"content":{"rendered":"<div id=\"attachment_4480\" style=\"width: 310px\" class=\"wp-caption alignright\"><a href=\"https:\/\/www.postmuenster.de\/wp-content\/uploads\/2016\/05\/Grundschule.jpg\" data-lbwps-width=\"2000\" data-lbwps-height=\"1247\" data-lbwps-srcsmall=\"https:\/\/www.postmuenster.de\/wp-content\/uploads\/2016\/05\/Grundschule.jpg\"><img loading=\"lazy\" decoding=\"async\" aria-describedby=\"caption-attachment-4480\" class=\"wp-image-4480 size-medium\" src=\"https:\/\/www.postmuenster.de\/wp-content\/uploads\/2016\/05\/Grundschule-300x187.jpg\" alt=\"Grundschule\" width=\"300\" height=\"187\" srcset=\"https:\/\/www.postmuenster.de\/wp-content\/uploads\/2016\/05\/Grundschule-300x187.jpg 300w, https:\/\/www.postmuenster.de\/wp-content\/uploads\/2016\/05\/Grundschule-1024x638.jpg 1024w, https:\/\/www.postmuenster.de\/wp-content\/uploads\/2016\/05\/Grundschule.jpg 2000w\" sizes=\"auto, (max-width: 300px) 100vw, 300px\" \/><\/a><p id=\"caption-attachment-4480\" class=\"wp-caption-text\">Grundschule Postm\u00fcnster<\/p><\/div>\n<p>Folgende \u00f6ffentliche Stellen und Einrichtungen sind f\u00fcr Gemeindeb\u00fcrgerinnen und -b\u00fcrger wichtig:<\/p>\n<p>&nbsp;<\/p>\n<h2>A<\/h2>\n<p><strong>Abfallbeseitigung<\/strong> \u2022 Abfallwirtschaftsverband Isar-Inn \u2022 Karl-Rolle-Str. 43, 84307 Eggenfelden \u2022 Tel. 08721\/9612-0 \u2022 <a href=\"http:\/\/www.awv-isar-inn.de\" target=\"_blank\" rel=\"noopener noreferrer\">www.awv-isar-inn.de<\/a><\/p>\n<p><strong>\u00c4rztlicher Bereitschaftsdienst<\/strong> \u2022 au\u00dferhalb der Sprechzeiten (nachts, Wochenende, Feiertage) bundesweit \u00fcber einheitliche Telefonnummer erreichbar: Tel. 116 117 (Achtung: bei Notf\u00e4llen aber 112!)<\/p>\n<p><strong>Apothekennotdienst-Hotline<\/strong> \u2022 Tel. 0800 00 22833 (kostenlos aus dt. Festnetz) \u2022 22833 vom Handy (max. 69 Cent\/min)<\/p>\n<p><strong>Angelkarten f\u00fcr den Rottauensee<\/strong> \u2022 erh\u00e4ltlich bei Abti\u00b4s Angelstube, Dr.-Bachl-Str. 3, 84347 Pfarrkirchen, Tel. 08561\/929244 oder bei Rottaler Angelshop Dirnaichner, Edhofer Str. 5, 84332 Hebertsfelden, Tel. 08721\/6536<\/p>\n<p>&nbsp;<\/p>\n<h2>B<\/h2>\n<p><strong>Bauhof<\/strong>\u00a0\u2022 Hauptstra\u00dfe 9<\/p>\n<p><strong>Bayernwerk AG<\/strong> \u2022 St\u00f6rungsnummer Strom: 0941\/28003366 \u2022 St\u00f6rungsnummer Gas: 0941\/28003355<\/p>\n<p><strong>Bank mit Geldautomat<\/strong> \u2022 VR-Bank Rottal-Inn eG &#8211; Gesch\u00e4ftsstelle Postm\u00fcnster \u2022 Poststr. 2 \u2022 Tel. 08561\/98792-0<time><\/time><\/p>\n<p>&nbsp;<\/p>\n<h2>C<\/h2>\n<p><strong>Containerstellplatz<\/strong> \u2022 Am Klausenberg (n\u00f6rdlich von Postm\u00fcnster, jenseits der B388) \u2022 Montag &#8211; Donnerstag 8 &#8211; 16 Uhr, Freitag 8 &#8211; 11 Uhr (derzeit geschlossen)<\/p>\n<p>&nbsp;<\/p>\n<h2>F<\/h2>\n<p><strong>Feuerwehr<\/strong>\u00a0\u2022 Notruf: Tel. 112<\/p>\n<p style=\"padding-left: 30px;\"><strong>Ger\u00e4tehaus Postm\u00fcnster<\/strong>\u00a0\u2022\u00a0Hauptstr. 9\u00a0\u2022 Tel. 08561\/71514<\/p>\n<p style=\"padding-left: 30px;\"><strong>Ger\u00e4tehaus Gangerbauer<\/strong>\u00a0\u2022\u00a0Gr\u00fcbl 3<\/p>\n<p style=\"padding-left: 30px;\"><strong>Ger\u00e4tehaus Neuhofen<\/strong>\u00a0\u2022\u00a0Kaism\u00fchler Str. 5<\/p>\n<p style=\"padding-left: 30px;\"><strong>Ger\u00e4tehaus Schalldorf\u00a0<\/strong>\u2022\u00a0Schalldorf 7<\/p>\n<p><strong><br \/>\nFriedhofsverwaltung<\/strong><\/p>\n<p style=\"padding-left: 30px;\"><strong>Gemeindefriedhof in Postm\u00fcnster:<\/strong> \u00fcber Gemeindeverwaltung \u2022\u00a0Tel. 08561 \/ 98 49 0<\/p>\n<p style=\"padding-left: 30px;\"><strong>kirchlicher Friedhof in Neuhofen:<\/strong> \u00fcber Kirchenpfleger Herrn Frank \u2022\u00a0Tel. 08726 \/ 212<\/p>\n<p>&nbsp;<\/p>\n<h2>G<\/h2>\n<p><strong>Gemeindeverwaltung\u00a0<\/strong>\u2022\u00a0Hauptstra\u00dfe 23\u00a0\u2022\u00a0Tel. 08561 \/ 98 49 0\u00a0\u2022\u00a0Fax 08561 \/ 98 49 29\u00a0\u2022 E-Mail: <a href=\"mailto:poststelle@postmuenster.de\">poststelle@postmuenster.de<\/a><\/p>\n<p><strong>Grundschule<\/strong>\u00a0\u2022\u00a0Schulstra\u00dfe 5\u00a0\u2022\u00a0Tel. 08561\/1718\u00a0\u2022\u00a0Fax 08561\/984-607\u00a0\u2022\u00a0<a href=\"http:\/\/www.vs-postmuenster.de\" target=\"_blank\" rel=\"noopener noreferrer\">www.vs-postmuenster.de<\/a><\/p>\n<p>&nbsp;<\/p>\n<h2>K<\/h2>\n<p><strong>Kindergarten<\/strong>\u00a0\u2022\u00a0Christanger 1-8\u00a0\u2022\u00a0Tel. 08561\/309-152\u00a0\u2022\u00a0<a href=\"http:\/\/www.kindergarten-christanger.de\" target=\"_blank\" rel=\"noopener noreferrer\">www.kindergarten-christanger.de<\/a><\/p>\n<p><strong>KFZ-Zulassungs- und F\u00fchrerscheinstelle<\/strong> \u2022 Industriestra\u00dfe 18, 84347 Pfarrkirchen\u00a0\u2022 Tel. 08561\/20-800 \u2022 <a href=\"http:\/\/www.rottal-inn.de\" target=\"_blank\" rel=\"noopener noreferrer\">www.rottal-inn.de<\/a><\/p>\n<p><strong>Kaminkehrer<\/strong> \u2022 Karl Maier (Bezirkskaminkehrermeister)\u00a0\u2022 St. Bernhardsberg 5\u00a0\u2022 94501 Aldersbach\u00a0\u2022 Tel. 08543\/3811\u00a0\u2022 Handy 0171\/5248385<\/p>\n<p>&nbsp;<\/p>\n<h2>L<\/h2>\n<p><strong>Landratsamt Rottal-Inn<\/strong>\u00a0\u2022 Ringstra\u00dfe 4-7, 84347 Pfarrkirchen \u2022 Tel. 08561\/20-0 \u2022 <a href=\"http:\/\/www.rottal-inn.de\" target=\"_blank\" rel=\"noopener noreferrer\">www.rottal-inn.de<\/a><\/p>\n<p><strong>\u00a0<\/strong><\/p>\n<h2>M<\/h2>\n<p><strong>Minigolfanlage<\/strong> \u2022 Beckenrandstra\u00dfe 2 \u2022 Tel. 08561\/988867 oder 0171\/5785087\u00a0\u2022 <a href=\"http:\/\/www.minigolf-postmuenster.de\" target=\"_blank\" rel=\"noopener noreferrer\">www.minigolf-postmuenster.de<\/a><\/p>\n<p>&nbsp;<\/p>\n<h2>P<\/h2>\n<p><strong>Polizeiinspektion Pfarrkirchen<\/strong> \u2022 Arnstorfer Str. 4, 84347 Pfarrkirchen \u2022 Tel. 08561\/9604-0<\/p>\n<p><strong>Polizei-Notruf<\/strong> \u2022 Tel. 110<\/p>\n<p><strong>Postfiliale<\/strong> \u2022 Plinganser Str. 3, \u00d6ffnungszeiten: Montag &#8211; Freitag 15.00 Uhr &#8211; 17.00 Uhr, Samstag 10.00 Uhr &#8211; 11.00 Uhr<\/p>\n<p><strong>Pfarr\u00e4mter<\/strong><\/p>\n<p style=\"padding-left: 30px;\"><strong>Katholisches Pfarramt<\/strong> \u2022 Postm\u00fcnster und Neuhofen sind Teil des Pfarrverbandes Pfarrkirchen \u2022 Pflegstra\u00dfe 22, 84347 Pfarrkirchen\u00a0 \u2022\u00a0 Tel. 08561\/98779-20 \u2022\u00a0 Fax 08561\/98779-29 \u2022 B\u00fcrozeiten: Montag 8.30 \u2013 12.00 und 14.00 \u2013 17.00 Uhr, Dienstag 8.30 \u2013 12.00 Uhr, Mittwoch 8.30 \u2013 12.00 Uhr, Donnerstag 8.30 \u2013 12.00 Uhr, Freitag 10.00 \u2013 12.00 und 14.00 \u2013 17.00 Uhr \u2022 E-Mail: <a href=\"mailto:pfarramt.pfarrkirchen@bistum-passau.de\">pfarramt.pfarrkirchen@bistum-passau.de<\/a> \u2022\u00a0<a href=\"http:\/\/www.pfarrverband-pfarrkirchen.de\" target=\"_blank\" rel=\"noopener noreferrer\">www.pfarrverband-pfarrkirchen.de<\/a><\/p>\n<p style=\"padding-left: 30px;\"><strong>Evangelisch-Lutherisches Pfarramt<\/strong>\u00a0\u2022 Dr. Bayer Str. 13, 84347 Pfarrkirchen\u00a0 \u2022\u00a0 Tel. 08561\/1414\u00a0 \u2022\u00a0 Fax 08561\/6673 \u2022 B\u00fcrozeiten: Dienstag und Freitag von 9.00 bis 12.00 Uhr \u2022 E-Mail: <a href=\"mailto:pfarramt@pfarrkirchen-evangelisch.de\">pfarramt@pfarrkirchen-evangelisch.de<\/a>\u00a0\u2022 <a href=\"http:\/\/www.pfarrkirchen-evangelisch.de\" target=\"_blank\" rel=\"noopener noreferrer\">www.pfarrkirchen-evangelisch.de<\/a><\/p>\n<h2>R<\/h2>\n<p><strong>Rettungsdienst<\/strong> \u2022 Notruf-Tel.: 112<\/p>\n<p>&nbsp;<\/p>\n<h2>S<\/h2>\n<p><strong>Standesamt <\/strong>f\u00fcr Postm\u00fcnster in der Stadt Pfarrkirchen \u2022 Rathaus II, Ringstr. 29, 84347 Pfarrkirchen \u2022\u00a0 Tel. 08561\/306-5331 \u2022 <a href=\"http:\/\/www.pfarrkirchen.de\" target=\"_blank\" rel=\"noopener noreferrer\">www.pfarrkirchen.de<\/a><\/p>\n<p><strong>Senioren- und Pflegeheim\u00a0<\/strong>\u2022\u00a0Diakonisches Werk Pfarrkirchen e.V.\u00a0\u2022\u00a0Christanger 1-8\u00a0\u2022\u00a0Tel. 08561\/309-0\u00a0\u2022 <a href=\"http:\/\/www.diakonie-pfarrkirchen.de\" target=\"_blank\" rel=\"noopener noreferrer\">www.diakonie-pfarrkirchen.de<\/a><\/p>\n<p>&nbsp;<\/p>\n<h2>T<\/h2>\n<p><strong>Telekom<\/strong> \u2022 Servicenummer: 0800 33 01000<\/p>\n<p><strong>Tierarzt <\/strong>\u2022 Kleintierpraxis Dr. Deingruber \u2022 Schalldorf 1 \u2022 Tel. 08561\/988766 \u2022 <a href=\"http:\/\/www.kleintierpraxis-pan.de\" target=\"_blank\" rel=\"noopener noreferrer\">www.kleintierpraxis-pan.de<\/a><\/p>\n<p>&nbsp;<\/p>\n<h2>W<\/h2>\n<p><strong>Wasserversorgung<\/strong> \u2022 Zweckverband Wasserversorgung Rottal \u2022 Hauptstr. 19, 84168 Aham \u2022 Tel. 08561\/6337 \u2022 Service-Notruf: 08744\/96120 \u2022 <a href=\"http:\/\/www.zwr.de\" target=\"_blank\" rel=\"noopener noreferrer\">www.zwr.de<\/a><br \/>\n<strong>Wasserqualit\u00e4t \/ Wasserwerte<\/strong> \u2022 Zweckverband Wasserversorgung Rottal (siehe oben) \u2022 <a href=\"https:\/\/www.postmuenster.de\/wp-content\/uploads\/2020\/12\/Wasserwerte.pdf\" target=\"_blank\" rel=\"noopener noreferrer\">Wasserwerte<\/a><\/p>\n<p><strong>Wertstoffhof und Kompostplatz<\/strong> \u2022 H\u00f6ckberg, 84347 Pfarrkirchen (in Postm\u00fcnster nur Containerstellplatz mit eingeschr\u00e4nktem Angebot) \u2022 <a href=\"http:\/\/www.awv-isar-inn.de\" target=\"_blank\" rel=\"noopener noreferrer\">www.awv-isar-inn.de<\/a><\/p>\n<p><strong>Wasserwirtschaftsamt Deggendorf<\/strong> \u2022 Dienstort Postm\u00fcnster \u2022 Dammstr. 2 \u2022 Tel. 0991\/2504-0 \u2022 E-Mail: <span class=\"link_mail\"><a title=\"E-Mail-Postfach Wasserwirtschaftsamt\" href=\"mailto:poststelle@wwa-deg.bayern.de\">poststelle@wwa-deg.bayern.de<\/a> \u2022 <a href=\"http:\/\/www.wasserwirtschaftsamt-deggendorf.de\" target=\"_blank\" rel=\"noopener noreferrer\">www.wasserwirtschaftsamt-deggendorf.de<\/a><\/span><\/p>\n<p>&nbsp;<\/p>\n<h2>Z<\/h2>\n<p><strong>Zweckverband Erholungsgebiet Pfarrkirchen-Postm\u00fcnster<\/strong> \u2022 Stadt Pfarrkirchen, Hr. Bauer \u2022 Tel. 08561\/306-5232<\/p>\n<p>&nbsp;<\/p>\n<p>&nbsp;<\/p>\n<p>Keine Gew\u00e4hr f\u00fcr Richtigkeit und Vollst\u00e4ndigkeit. Alle Angaben ohne Gew\u00e4hr.<\/p>\n","protected":false},"excerpt":{"rendered":"<p>Folgende \u00f6ffentliche Stellen und Einrichtungen sind f\u00fcr Gemeindeb\u00fcrgerinnen und -b\u00fcrger wichtig: &nbsp; A Abfallbeseitigung \u2022 Abfallwirtschaftsverband Isar-Inn \u2022 Karl-Rolle-Str. 43, 84307 Eggenfelden \u2022 Tel. 08721\/9612-0 \u2022 www.awv-isar-inn.de \u00c4rztlicher Bereitschaftsdienst \u2022 au\u00dferhalb der Sprechzeiten (nachts, Wochenende, Feiertage) bundesweit \u00fcber einheitliche Telefonnummer erreichbar: Tel. 116 117 (Achtung: bei Notf\u00e4llen aber 112!) Apothekennotdienst-Hotline \u2022 Tel. 0800 00 22833 [&hellip;]<\/p>\n","protected":false},"author":11,"featured_media":0,"parent":3936,"menu_order":5,"comment_status":"closed","ping_status":"closed","template":"page-full.php","meta":{"footnotes":""},"class_list":["post-3953","page","type-page","status-publish","hentry"],"publishpress_future_action":{"enabled":false,"date":"2026-05-24 07:09:03","action":"change-status","newStatus":"draft","terms":[],"taxonomy":"","extraData":[]},"publishpress_future_workflow_manual_trigger":{"enabledWorkflows":[]},"_links":{"self":[{"href":"https:\/\/www.postmuenster.de\/index.php?rest_route=\/wp\/v2\/pages\/3953","targetHints":{"allow":["GET"]}}],"collection":[{"href":"https:\/\/www.postmuenster.de\/index.php?rest_route=\/wp\/v2\/pages"}],"about":[{"href":"https:\/\/www.postmuenster.de\/index.php?rest_route=\/wp\/v2\/types\/page"}],"author":[{"embeddable":true,"href":"https:\/\/www.postmuenster.de\/index.php?rest_route=\/wp\/v2\/users\/11"}],"replies":[{"embeddable":true,"href":"https:\/\/www.postmuenster.de\/index.php?rest_route=%2Fwp%2Fv2%2Fcomments&post=3953"}],"version-history":[{"count":36,"href":"https:\/\/www.postmuenster.de\/index.php?rest_route=\/wp\/v2\/pages\/3953\/revisions"}],"predecessor-version":[{"id":8494,"href":"https:\/\/www.postmuenster.de\/index.php?rest_route=\/wp\/v2\/pages\/3953\/revisions\/8494"}],"up":[{"embeddable":true,"href":"https:\/\/www.postmuenster.de\/index.php?rest_route=\/wp\/v2\/pages\/3936"}],"wp:attachment":[{"href":"https:\/\/www.postmuenster.de\/index.php?rest_route=%2Fwp%2Fv2%2Fmedia&parent=3953"}],"curies":[{"name":"wp","href":"https:\/\/api.w.org\/{rel}","templated":true}]}}