{"id":3955,"date":"2016-05-03T10:58:52","date_gmt":"2016-05-03T08:58:52","guid":{"rendered":"http:\/\/wordpress.postmuenster.de\/?page_id=3955"},"modified":"2023-04-27T08:30:10","modified_gmt":"2023-04-27T06:30:10","slug":"informationen","status":"publish","type":"page","link":"https:\/\/www.postmuenster.de\/?page_id=3955","title":{"rendered":"\u00dcber die Gemeinde"},"content":{"rendered":"<h2><a href=\"https:\/\/www.postmuenster.de\/wp-content\/uploads\/2016\/05\/Luftbild-Postmuenster.jpg\" data-lbwps-width=\"2000\" data-lbwps-height=\"1333\" data-lbwps-srcsmall=\"https:\/\/www.postmuenster.de\/wp-content\/uploads\/2016\/05\/Luftbild-Postmuenster.jpg\"><img loading=\"lazy\" decoding=\"async\" class=\"alignright wp-image-4453 size-medium\" src=\"https:\/\/www.postmuenster.de\/wp-content\/uploads\/2016\/05\/Luftbild-Postmuenster-300x200.jpg\" alt=\"Luftbild-Postmuenster\" width=\"300\" height=\"200\" srcset=\"https:\/\/www.postmuenster.de\/wp-content\/uploads\/2016\/05\/Luftbild-Postmuenster-300x200.jpg 300w, https:\/\/www.postmuenster.de\/wp-content\/uploads\/2016\/05\/Luftbild-Postmuenster-1024x682.jpg 1024w, https:\/\/www.postmuenster.de\/wp-content\/uploads\/2016\/05\/Luftbild-Postmuenster.jpg 2000w\" sizes=\"auto, (max-width: 300px) 100vw, 300px\" \/><\/a>Die Gemeinde Postm\u00fcnster&#8230;<\/h2>\n<p>&#8230;liegt im niederbayerischen Landkreis Rottal-Inn. Eingebettet in die H\u00fcgellandschaft des Rottals, bietet unser Ort eine gro\u00dfartige Lebensqualit\u00e4t f\u00fcr Einwohner und Urlauber.<\/p>\n<p>Postm\u00fcnster ist eine Fl\u00e4chengemeinde und erstreckt sich auf ein Gebiet von 43,49 km\u00b2. Neben dem Hauptort Postm\u00fcnster und dem Ortsteil Neuhofen z\u00e4hlen insgesamt 153 Weiler zum Gemeindegebiet. Damit geh\u00f6rt die Gemeinde Postm\u00fcnster bayernweit zu den \u201eSpitzenreitern\u201c hinsichtlich der Anzahl an einzelnen Ortsteilen. Landwirtschaft pr\u00e4gt unser Landschaftsbild und Gewerbestruktur.<\/p>\n<p>Die Gemeinde hat ca. 2.400 Einwohner. B\u00fcrgermeister ist Stefan Weindl (CSU).<\/p>\n<p>Postm\u00fcnster ist Standort einer Grundschule. Der als Hochwasser-R\u00fcckhaltebecken konzipierte Rottauensee dient mit seinen Liegewiesen, Badem\u00f6glichkeiten und umliegenden Freizeitm\u00f6glichkeiten auch als Naherholungsgebiet.<\/p>\n<p>Die Kreisstadt Pfarrkirchen ist nur ca. 2 km entfernt; nach Eggenfelden sind es ca. 12 km. Die Bundesstra\u00dfe B388 f\u00fchrt direkt an Postm\u00fcnster vorbei.<\/p>\n<p>&nbsp;<\/p>\n<h2>Beschreibung des Gemeindewappens<a href=\"https:\/\/www.postmuenster.de\/wp-content\/uploads\/2016\/04\/wappen.png\" data-lbwps-width=\"512\" data-lbwps-height=\"512\" data-lbwps-srcsmall=\"https:\/\/www.postmuenster.de\/wp-content\/uploads\/2016\/04\/wappen.png\"><img loading=\"lazy\" decoding=\"async\" class=\"alignright wp-image-3704\" src=\"http:\/\/wordpress.postmuenster.de\/wp-content\/uploads\/2016\/04\/wappen-300x300.png\" alt=\"wappen\" width=\"188\" height=\"188\" srcset=\"https:\/\/www.postmuenster.de\/wp-content\/uploads\/2016\/04\/wappen-300x300.png 300w, https:\/\/www.postmuenster.de\/wp-content\/uploads\/2016\/04\/wappen-150x150.png 150w, https:\/\/www.postmuenster.de\/wp-content\/uploads\/2016\/04\/wappen.png 512w\" sizes=\"auto, (max-width: 188px) 100vw, 188px\" \/><\/a><\/h2>\n<p>Im Gemeindegebiet Postm\u00fcnster liegt der Rottstausee (Rottauensee), der seit alters der von Landwirtschaft gepr\u00e4gten Gegend einen wichtigen neuen Akzent verleiht. Das Wassersymbol der heraldischen Wellenleisten und das Landwirtschaftssinnbild der \u00c4hren geben diese geographischen Bez\u00fcge im Wappen wieder. F\u00fcr die Geschichte Postm\u00fcnsters ist es wichtig, dass dort im fr\u00fchen Mittelalter ein Kloster bestand, worauf sich offensichtlich auch das Ortsnamensgrundwort \u201e-m\u00fcnster\u201c bezieht. Als Hinweis darauf wurde in das Wappen der Abtstab aufgenommen, das Attribut des Kirchenpatrons von Postm\u00fcnster, St. Benedikt.<\/p>\n","protected":false},"excerpt":{"rendered":"<p>Die Gemeinde Postm\u00fcnster&#8230; &#8230;liegt im niederbayerischen Landkreis Rottal-Inn. Eingebettet in die H\u00fcgellandschaft des Rottals, bietet unser Ort eine gro\u00dfartige Lebensqualit\u00e4t f\u00fcr Einwohner und Urlauber. Postm\u00fcnster ist eine Fl\u00e4chengemeinde und erstreckt sich auf ein Gebiet von 43,49 km\u00b2. Neben dem Hauptort Postm\u00fcnster und dem Ortsteil Neuhofen z\u00e4hlen insgesamt 153 Weiler zum Gemeindegebiet. Damit geh\u00f6rt die Gemeinde [&hellip;]<\/p>\n","protected":false},"author":11,"featured_media":0,"parent":3936,"menu_order":1,"comment_status":"closed","ping_status":"closed","template":"page-full.php","meta":{"footnotes":""},"class_list":["post-3955","page","type-page","status-publish","hentry"],"publishpress_future_action":{"enabled":false,"date":"2026-05-08 06:11:47","action":"change-status","newStatus":"draft","terms":[],"taxonomy":"","extraData":[]},"publishpress_future_workflow_manual_trigger":{"enabledWorkflows":[]},"_links":{"self":[{"href":"https:\/\/www.postmuenster.de\/index.php?rest_route=\/wp\/v2\/pages\/3955","targetHints":{"allow":["GET"]}}],"collection":[{"href":"https:\/\/www.postmuenster.de\/index.php?rest_route=\/wp\/v2\/pages"}],"about":[{"href":"https:\/\/www.postmuenster.de\/index.php?rest_route=\/wp\/v2\/types\/page"}],"author":[{"embeddable":true,"href":"https:\/\/www.postmuenster.de\/index.php?rest_route=\/wp\/v2\/users\/11"}],"replies":[{"embeddable":true,"href":"https:\/\/www.postmuenster.de\/index.php?rest_route=%2Fwp%2Fv2%2Fcomments&post=3955"}],"version-history":[{"count":30,"href":"https:\/\/www.postmuenster.de\/index.php?rest_route=\/wp\/v2\/pages\/3955\/revisions"}],"predecessor-version":[{"id":8437,"href":"https:\/\/www.postmuenster.de\/index.php?rest_route=\/wp\/v2\/pages\/3955\/revisions\/8437"}],"up":[{"embeddable":true,"href":"https:\/\/www.postmuenster.de\/index.php?rest_route=\/wp\/v2\/pages\/3936"}],"wp:attachment":[{"href":"https:\/\/www.postmuenster.de\/index.php?rest_route=%2Fwp%2Fv2%2Fmedia&parent=3955"}],"curies":[{"name":"wp","href":"https:\/\/api.w.org\/{rel}","templated":true}]}}