{"id":3962,"date":"2016-05-03T11:03:46","date_gmt":"2016-05-03T09:03:46","guid":{"rendered":"http:\/\/wordpress.postmuenster.de\/?page_id=3962"},"modified":"2025-05-06T13:52:09","modified_gmt":"2025-05-06T11:52:09","slug":"essen-trinken","status":"publish","type":"page","link":"https:\/\/www.postmuenster.de\/?page_id=3962","title":{"rendered":"Essen &#038; Trinken"},"content":{"rendered":"<h2>Genie\u00dfen Sie niederbayerische Gem\u00fctlichkeit&#8230;<\/h2>\n<p>Die folgenden Gastronomen und Stellen hei\u00dfen Sie mit einem herzlichen &#8222;Gr\u00fc\u00df Gott&#8220; willkommen:<\/p>\n<p>&nbsp;<\/p>\n<h3>Gastst\u00e4tten<\/h3>\n<p><strong>Gasthaus Brunnenhof \u00b7 <\/strong>Hauptstr. 25 \u00b7 84389 Postm\u00fcnster \u00b7 Tel. 08561\/929758<\/p>\n<p><strong>Gasthof &#8211; Pension\u00a0Hasenberger &#8211; Eder \u00b7 <\/strong>Hieb 1 \u00b7 84389 Postm\u00fcnster \u00b7 Tel. 08561\/8192<\/p>\n<p><strong>Minigolf Postm\u00fcnster \u00b7 <\/strong>Beckenrandstr. 2 \u00b7 84389 Postm\u00fcnster \u00b7 Tel. 0171\/5785087 \u00b7 <a href=\"http:\/\/www.minigolf-postmuenster.de\" target=\"_blank\" rel=\"noopener noreferrer\">www.minigolf-postmuenster.de<\/a><\/p>\n<p><strong>Gl\u00fcck am Eck &#8211; Bayerischer Imbiss &amp; Catering<\/strong> <strong> \u00b7 <\/strong>Hauptstr. 7 \u00b7 84389 Postm\u00fcnster \u00b7 Tel. <span class=\"x193iq5w xeuugli x13faqbe x1vvkbs x1xmvt09 x1lliihq x1s928wv xhkezso x1gmr53x x1cpjm7i x1fgarty x1943h6x xudqn12 x3x7a5m x6prxxf xvq8zen xo1l8bm xzsf02u x1yc453h\" dir=\"auto\">08561\/9069497<\/span><\/p>\n<p><strong>Ristaurante &amp; Pizzeria &#8222;Italia am See&#8220; \u00b7 <\/strong>Schwanhof 1 \u00b7 84389 Postm\u00fcnster \u00b7 Tel. 01511\/2222227 \u00b7 <a href=\"https:\/\/www.italia-am-see.de\" target=\"_blank\" rel=\"noopener noreferrer\">www.italia-am-see.de<\/a><\/p>\n<p><strong>Gasthaus Linke \u00b7 <\/strong>Dorfplatz 5 (Neuhofen) \u00b7 84389 Postm\u00fcnster \u00b7 ge\u00f6ffnet Do-So und auf Anfrage<\/p>\n<h2><\/h2>\n<p>&nbsp;<\/p>\n<h3>B\u00e4ckerei<\/h3>\n<div class=\"mod\" data-md=\"1002\" data-ved=\"0ahUKEwie3t-Y0NTMAhVGhywKHZCVDGMQkCkIZSgCMA4\">\n<div class=\"_eFb\">\n<div class=\"_mr kno-fb-ctx\" data-dtype=\"d3adr\" data-ved=\"0ahUKEwie3t-Y0NTMAhVGhywKHZCVDGMQghwIZigAMA4\">\n<div class=\"kp-header\" data-ved=\"0ahUKEwie3t-Y0NTMAhVGhywKHZCVDGMQ3z4IWCgA\">\n<div class=\"kp-hc\">\n<div class=\"_tN _IWg _HWg mod\" data-md=\"16\" data-hveid=\"95\" data-ved=\"0ahUKEwie3t-Y0NTMAhVGhywKHZCVDGMQhygIXzAL\">\n<div class=\"_fdf _odf _rdf\">\n<div class=\"kno-ecr-pt kno-fb-ctx _hdf\" data-dtype=\"d3bn\" data-ved=\"0ahUKEwie3t-Y0NTMAhVGhywKHZCVDGMQ3B0IYigBMAs\">\n<div>\n<p><strong>B\u00e4ckerei\u00a0Schmidseder &#8211; B\u00e4cker Sepp \u00b7 <\/strong>Kirchplatz 1 \u00b7 84389 Postm\u00fcnster \u00b7 Tel. 08561\/1340<\/p>\n<\/div>\n<\/div>\n<\/div>\n<\/div>\n<\/div>\n<\/div>\n<div class=\"kp-header\" data-ved=\"0ahUKEwie3t-Y0NTMAhVGhywKHZCVDGMQ3z4IWCgA\">\n<div class=\"kp-hc\">\n<div class=\"mod\" data-md=\"87\" data-hveid=\"99\" data-ved=\"0ahUKEwie3t-Y0NTMAhVGhywKHZCVDGMQkzkIYzAM\">\n<h2 class=\"_mr _Wfc vk_gy\"><\/h2>\n<p>&nbsp;<\/p>\n<h3 class=\"_mr _Wfc vk_gy\">Metzgereien<\/h3>\n<p><strong>Rottaler Bauernspezialit\u00e4ten GmbH \u00b7 <\/strong>Schachten 1 \u00b7 84389 Postm\u00fcnster \u00b7 Tel. 08561\/71121 \u00b7 <a href=\"https:\/\/rottaler-bauernspezialitaeten.de.tl\/\" target=\"_blank\" rel=\"noopener noreferrer\">www.rottaler-bauernspezialitaeten.de.tl<\/a><\/p>\n<\/div>\n<\/div>\n<\/div>\n<\/div>\n<\/div>\n<\/div>\n<p class=\"r\">\n","protected":false},"excerpt":{"rendered":"<p>Genie\u00dfen Sie niederbayerische Gem\u00fctlichkeit&#8230; Die folgenden Gastronomen und Stellen hei\u00dfen Sie mit einem herzlichen &#8222;Gr\u00fc\u00df Gott&#8220; willkommen: &nbsp; Gastst\u00e4tten Gasthaus Brunnenhof \u00b7 Hauptstr. 25 \u00b7 84389 Postm\u00fcnster \u00b7 Tel. 08561\/929758 Gasthof &#8211; Pension\u00a0Hasenberger &#8211; Eder \u00b7 Hieb 1 \u00b7 84389 Postm\u00fcnster \u00b7 Tel. 08561\/8192 Minigolf Postm\u00fcnster \u00b7 Beckenrandstr. 2 \u00b7 84389 Postm\u00fcnster \u00b7 Tel. 0171\/5785087 [&hellip;]<\/p>\n","protected":false},"author":11,"featured_media":0,"parent":3938,"menu_order":4,"comment_status":"closed","ping_status":"closed","template":"page-full.php","meta":{"footnotes":""},"class_list":["post-3962","page","type-page","status-publish","hentry"],"publishpress_future_action":{"enabled":false,"date":"2026-05-24 07:09:11","action":"change-status","newStatus":"draft","terms":[],"taxonomy":"","extraData":[]},"publishpress_future_workflow_manual_trigger":{"enabledWorkflows":[]},"_links":{"self":[{"href":"https:\/\/www.postmuenster.de\/index.php?rest_route=\/wp\/v2\/pages\/3962","targetHints":{"allow":["GET"]}}],"collection":[{"href":"https:\/\/www.postmuenster.de\/index.php?rest_route=\/wp\/v2\/pages"}],"about":[{"href":"https:\/\/www.postmuenster.de\/index.php?rest_route=\/wp\/v2\/types\/page"}],"author":[{"embeddable":true,"href":"https:\/\/www.postmuenster.de\/index.php?rest_route=\/wp\/v2\/users\/11"}],"replies":[{"embeddable":true,"href":"https:\/\/www.postmuenster.de\/index.php?rest_route=%2Fwp%2Fv2%2Fcomments&post=3962"}],"version-history":[{"count":40,"href":"https:\/\/www.postmuenster.de\/index.php?rest_route=\/wp\/v2\/pages\/3962\/revisions"}],"predecessor-version":[{"id":9212,"href":"https:\/\/www.postmuenster.de\/index.php?rest_route=\/wp\/v2\/pages\/3962\/revisions\/9212"}],"up":[{"embeddable":true,"href":"https:\/\/www.postmuenster.de\/index.php?rest_route=\/wp\/v2\/pages\/3938"}],"wp:attachment":[{"href":"https:\/\/www.postmuenster.de\/index.php?rest_route=%2Fwp%2Fv2%2Fmedia&parent=3962"}],"curies":[{"name":"wp","href":"https:\/\/api.w.org\/{rel}","templated":true}]}}