{"id":3964,"date":"2016-05-03T11:05:16","date_gmt":"2016-05-03T09:05:16","guid":{"rendered":"http:\/\/wordpress.postmuenster.de\/?page_id=3964"},"modified":"2019-01-03T13:11:07","modified_gmt":"2019-01-03T12:11:07","slug":"informationen","status":"publish","type":"page","link":"https:\/\/www.postmuenster.de\/?page_id=3964","title":{"rendered":"Informationen"},"content":{"rendered":"<h2>Sie sind auf der Suche nach&#8230;<a href=\"https:\/\/www.postmuenster.de\/wp-content\/uploads\/2016\/05\/Postmuenster-Tourismus-Logo.jpg\" data-lbwps-width=\"1099\" data-lbwps-height=\"606\" data-lbwps-srcsmall=\"https:\/\/www.postmuenster.de\/wp-content\/uploads\/2016\/05\/Postmuenster-Tourismus-Logo.jpg\"><img loading=\"lazy\" decoding=\"async\" class=\"alignright wp-image-4637 size-medium\" src=\"https:\/\/www.postmuenster.de\/wp-content\/uploads\/2016\/05\/Postmuenster-Tourismus-Logo-300x165.jpg\" alt=\"Postmuenster-Tourismus-Logo\" width=\"300\" height=\"165\" srcset=\"https:\/\/www.postmuenster.de\/wp-content\/uploads\/2016\/05\/Postmuenster-Tourismus-Logo-300x165.jpg 300w, https:\/\/www.postmuenster.de\/wp-content\/uploads\/2016\/05\/Postmuenster-Tourismus-Logo-1024x565.jpg 1024w, https:\/\/www.postmuenster.de\/wp-content\/uploads\/2016\/05\/Postmuenster-Tourismus-Logo.jpg 1099w\" sizes=\"auto, (max-width: 300px) 100vw, 300px\" \/><\/a><\/h2>\n<p>Aktivurlaub, Faulenzerurlaub, Erholungsurlaub, Kururlaub, Sommerfrische, Ferien, Landurlaub oder Urlaub auf dem Bauernhof &#8211; f\u00fcr die ganze Familie und mit vielen M\u00f6glichkeiten der Freizeitgestaltung, vielleicht auch noch in der N\u00e4he von Thermalb\u00e4dern?<\/p>\n<p>&nbsp;<\/p>\n<h2>Bittesch\u00f6n!<\/h2>\n<p><a href=\"https:\/\/www.postmuenster.de\/wp-content\/uploads\/2016\/05\/Postmuenster-Rottauensee.jpg\" data-lbwps-width=\"2000\" data-lbwps-height=\"1500\" data-lbwps-srcsmall=\"https:\/\/www.postmuenster.de\/wp-content\/uploads\/2016\/05\/Postmuenster-Rottauensee.jpg\"><img loading=\"lazy\" decoding=\"async\" class=\"alignright wp-image-4601 size-medium\" src=\"https:\/\/www.postmuenster.de\/wp-content\/uploads\/2016\/05\/Postmuenster-Rottauensee-300x225.jpg\" alt=\"Postmuenster-Rottauensee\" width=\"300\" height=\"225\" srcset=\"https:\/\/www.postmuenster.de\/wp-content\/uploads\/2016\/05\/Postmuenster-Rottauensee-300x225.jpg 300w, https:\/\/www.postmuenster.de\/wp-content\/uploads\/2016\/05\/Postmuenster-Rottauensee-1024x768.jpg 1024w, https:\/\/www.postmuenster.de\/wp-content\/uploads\/2016\/05\/Postmuenster-Rottauensee.jpg 2000w\" sizes=\"auto, (max-width: 300px) 100vw, 300px\" \/><\/a>Diese Form von Urlaub erleben Sie im Freizeit- und Erholungsgebiet Postm\u00fcnster am Rottauensee und Umgebung!<\/p>\n<p>Alle die preiswerten Urlaub suchen, von Jung bis Alt, Freizeitsportler und besonders Familien, werden sich in Postm\u00fcnster garantiert wohl f\u00fchlen. Das <a href=\"\/?page_id=3966\">Freizeitangebot in und um Postm\u00fcnster<\/a> ist vielf\u00e4ltig und eine gute Basis f\u00fcr eine aktive Erholung in einer ruhigen und nat\u00fcrlichen Atmosph\u00e4re.<\/p>\n<p>Die N\u00e4he der f\u00fcr ihre heilende Wirkung bekannten Thermalquellen im Rottaler B\u00e4derdreieck Bad Birnbach (15 min.), Bad Griesbach (25 min.) und Bad F\u00fcssing (45 min.) erm\u00f6glichen auch mal einen gem\u00fctlichen Tagesausflug in einen dieser Badeorte.<\/p>\n<p>Im Sinne einer gesunden Erholung wollen wir Ihnen Ihre Urlaubsplanung so einfach wie m\u00f6glich machen. Sie finden auf unserer Homepage deshalb auch eine Zusammenfassung von <a href=\"\/?page_id=3960\">Unterk\u00fcnften in Postm\u00fcnster<\/a>.<\/p>\n<p>&nbsp;<\/p>\n<p>Weitere Informationen erhalten Sie auch beim Fremdenverkehrsverein Pfarrkirchen und Umgebung unter <a href=\"http:\/\/www.urlaub-im-rottal.de\" target=\"_blank\" rel=\"noopener\">www.urlaub-im-rottal.de<\/a>!<\/p>\n","protected":false},"excerpt":{"rendered":"<p>Sie sind auf der Suche nach&#8230; Aktivurlaub, Faulenzerurlaub, Erholungsurlaub, Kururlaub, Sommerfrische, Ferien, Landurlaub oder Urlaub auf dem Bauernhof &#8211; f\u00fcr die ganze Familie und mit vielen M\u00f6glichkeiten der Freizeitgestaltung, vielleicht auch noch in der N\u00e4he von Thermalb\u00e4dern? &nbsp; Bittesch\u00f6n! Diese Form von Urlaub erleben Sie im Freizeit- und Erholungsgebiet Postm\u00fcnster am Rottauensee und Umgebung! Alle [&hellip;]<\/p>\n","protected":false},"author":11,"featured_media":0,"parent":3938,"menu_order":1,"comment_status":"closed","ping_status":"closed","template":"page-full.php","meta":{"footnotes":""},"class_list":["post-3964","page","type-page","status-publish","hentry"],"publishpress_future_action":{"enabled":false,"date":"2026-05-06 04:37:47","action":"change-status","newStatus":"draft","terms":[],"taxonomy":"","extraData":[]},"publishpress_future_workflow_manual_trigger":{"enabledWorkflows":[]},"_links":{"self":[{"href":"https:\/\/www.postmuenster.de\/index.php?rest_route=\/wp\/v2\/pages\/3964","targetHints":{"allow":["GET"]}}],"collection":[{"href":"https:\/\/www.postmuenster.de\/index.php?rest_route=\/wp\/v2\/pages"}],"about":[{"href":"https:\/\/www.postmuenster.de\/index.php?rest_route=\/wp\/v2\/types\/page"}],"author":[{"embeddable":true,"href":"https:\/\/www.postmuenster.de\/index.php?rest_route=\/wp\/v2\/users\/11"}],"replies":[{"embeddable":true,"href":"https:\/\/www.postmuenster.de\/index.php?rest_route=%2Fwp%2Fv2%2Fcomments&post=3964"}],"version-history":[{"count":13,"href":"https:\/\/www.postmuenster.de\/index.php?rest_route=\/wp\/v2\/pages\/3964\/revisions"}],"predecessor-version":[{"id":6906,"href":"https:\/\/www.postmuenster.de\/index.php?rest_route=\/wp\/v2\/pages\/3964\/revisions\/6906"}],"up":[{"embeddable":true,"href":"https:\/\/www.postmuenster.de\/index.php?rest_route=\/wp\/v2\/pages\/3938"}],"wp:attachment":[{"href":"https:\/\/www.postmuenster.de\/index.php?rest_route=%2Fwp%2Fv2%2Fmedia&parent=3964"}],"curies":[{"name":"wp","href":"https:\/\/api.w.org\/{rel}","templated":true}]}}