{"id":3966,"date":"2016-05-03T11:07:04","date_gmt":"2016-05-03T09:07:04","guid":{"rendered":"http:\/\/wordpress.postmuenster.de\/?page_id=3966"},"modified":"2022-05-23T13:41:54","modified_gmt":"2022-05-23T11:41:54","slug":"freizeitmoeglichkeiten","status":"publish","type":"page","link":"https:\/\/www.postmuenster.de\/?page_id=3966","title":{"rendered":"Freizeitm\u00f6glichkeiten"},"content":{"rendered":"<p>Die M\u00f6glichkeiten der Freizeitgestaltung in Postm\u00fcnster und Umgebung sind \u00e4u\u00dferst vielf\u00e4ltig. Durch die Integration von Sport- und Spielanlagen in die Natur um den Rottauensee k\u00f6nnen sich Sporttreibende und Erholungssuchende in nat\u00fcrlicher Umgebung regenerieren. F\u00fcr Freizeitaktivit\u00e4ten finden Sie im Naherholungsgebiet Pfarrkirchen-Postm\u00fcnster folgende Einrichtungen:<strong><br \/>\n<\/strong><\/p>\n<p>&nbsp;<\/p>\n<h2>Rund um den Rottauensee<\/h2>\n<p><a href=\"https:\/\/www.postmuenster.de\/wp-content\/uploads\/2016\/07\/Liegewiesen-im-Morgenlicht.jpg\" data-lbwps-width=\"2000\" data-lbwps-height=\"1500\" data-lbwps-srcsmall=\"https:\/\/www.postmuenster.de\/wp-content\/uploads\/2016\/07\/Liegewiesen-im-Morgenlicht.jpg\"><img loading=\"lazy\" decoding=\"async\" class=\"alignright wp-image-4895 size-medium\" src=\"https:\/\/www.postmuenster.de\/wp-content\/uploads\/2016\/07\/Liegewiesen-im-Morgenlicht-300x225.jpg\" alt=\"\" width=\"300\" height=\"225\" srcset=\"https:\/\/www.postmuenster.de\/wp-content\/uploads\/2016\/07\/Liegewiesen-im-Morgenlicht-300x225.jpg 300w, https:\/\/www.postmuenster.de\/wp-content\/uploads\/2016\/07\/Liegewiesen-im-Morgenlicht-1024x768.jpg 1024w, https:\/\/www.postmuenster.de\/wp-content\/uploads\/2016\/07\/Liegewiesen-im-Morgenlicht.jpg 2000w\" sizes=\"auto, (max-width: 300px) 100vw, 300px\" \/><\/a><strong>Angeln: <\/strong>An verschiedenen Stellen des Rottauensees k\u00f6nnen sich Angler niederlassen. Angelkarten gibt es bei<br \/>\nAbtis Angelstube, Dr.-Bachl-Str. 3, 834347 Pfarrkirchen, Tel. 08561\/929244 oder<br \/>\nRottaler Angelshop Dirnaichner, Edhofer Str. 5, 84332 Hebertsfelden, Tel. 08721\/6536.<\/p>\n<p><strong>Baden &amp; Schwimmen:<\/strong> F\u00fcr Naturfreunde bietet der Rottauensee sehr gute Badem\u00f6glichkeiten, wenn auch das Wasser nicht klar ist wie ein Bergsee. Jeder kann sich auf den naturnahen Auwiesen um den See ein geeignetes, ruhiges, sonniges oder schattiges Pl\u00e4tzchen suchen und sich auf seine Art entspannen. Badespa\u00df gibt es nat\u00fcrlich auch im gerade mal 5 Minuten entfernten, beheizten Freibad der Kreisstadt Pfarrkirchen. Dort gibt es zwei gro\u00dfe Wasserrutschen, Erlebnisbecken, Schwimmerbecken, Babybecken, Tischtennispl\u00e4tze und mehr.<\/p>\n<p><strong>Eisstockschie\u00dfen:<\/strong> Neben dem Rottauensee ist in Postm\u00fcnster auch noch der kleine Gambachsee \u00f6stlich des Staudammes bei den Eissch\u00fctzen sehr beliebt.<\/p>\n<p><strong>Golf: <\/strong>Auf dem gro\u00dfangelegten 18-Loch Golfplatz inmitten der Auwiesen und Biotope westlich des Rottauensees kommen alle Golfliebhaber auf ihre Kosten. Auch Sportlergr\u00f6\u00dfen wie Franz Beckenbauer oder Bernhard Langer haben hier schon abgeschlagen. N\u00e4here Infos beim Golfclub: <a href=\"http:\/\/www.rottaler-gc.de\" target=\"_blank\" rel=\"noopener noreferrer\">www.rottaler-gc.de<\/a><cite><br \/>\n<\/cite><\/p>\n<p><strong>Grillen:<\/strong> Mehrere Grillpl\u00e4tze bereichern das Angebot am Ufer des Rottauensees. Interessenten m\u00fcssen dies vorab beim Zweckverband Erholungsgebiet Pfarrkirchen-Postm\u00fcnster unter Tel. 08561\/306-5232 anmelden.<\/p>\n<p><strong>Reiten:<\/strong> Rund um den Rottauensee sowie entlang der Rott gibt es ausgeschilderte Reitwege.<\/p>\n<p><strong>Rundfl\u00fcge:<\/strong> Hoch hinaus geht es mit dem Luftsportclub Pfarrkirchen e.V.! Vom Flugplatz an der Westseite des Rottauensees werden auch Gastfl\u00fcge im Motorsegler oder Segelflugzeug angeboten. N\u00e4here Infos beim Luftsportclub: <a href=\"http:\/\/lsc-pfarrkirchen.de\/fliegen\/gastfluege\" target=\"_blank\" rel=\"noopener noreferrer\">www.lsc-pfarrkirchen.de<\/a><\/p>\n<p><strong>Surfen &amp; Segeln:<\/strong> Da das Rott-Tal in der Hauptwindrichtung West-Ost liegt, bietet der Rottauensee ideale Voraussetzungen zum Surfen und Segeln. Das Befahren des Sees mit motorisierten Booten ist jedoch untersagt.<\/p>\n<p><strong>Skilanglauf:<\/strong> F\u00fcr Skilangl\u00e4ufer werden bei ausreichender Schneelage um den Rottauensee Loipen vorgespurt, sodass hier Anf\u00e4nger wie Fortgeschrittene ideale Voraussetzungen vorfinden.<\/p>\n<p><strong>Schlittschuhlaufen:<\/strong> Schlittschuhl\u00e4ufer haben auf dem Rottauensee praktisch endlose Freiheit sich ihrem Hobby zu widmen.<\/p>\n<p><strong>Zelten:<\/strong> Abenteuerfeeling pur kommt beim Zelten am Rottauensee auf. Interessenten m\u00fcssen dies vorab beim Zweckverband Erholungsgebiet Pfarrkirchen-Postm\u00fcnster (Verwaltung im Rathaus der Stadt Pfarrkirchen) unter Tel. 08561\/306-5232 anmelden.<\/p>\n<p>&nbsp;<\/p>\n<p>&nbsp;<\/p>\n<h2>Wandern, Radfahren &amp; mehr<\/h2>\n<p><strong><a href=\"https:\/\/www.postmuenster.de\/wp-content\/uploads\/2016\/05\/Rottalradweg.jpg\" data-lbwps-width=\"2000\" data-lbwps-height=\"1331\" data-lbwps-srcsmall=\"https:\/\/www.postmuenster.de\/wp-content\/uploads\/2016\/05\/Rottalradweg.jpg\"><img loading=\"lazy\" decoding=\"async\" class=\"alignright wp-image-4645 size-medium\" src=\"https:\/\/www.postmuenster.de\/wp-content\/uploads\/2016\/05\/Rottalradweg-300x200.jpg\" alt=\"Rottalradweg\" width=\"300\" height=\"200\" srcset=\"https:\/\/www.postmuenster.de\/wp-content\/uploads\/2016\/05\/Rottalradweg-300x200.jpg 300w, https:\/\/www.postmuenster.de\/wp-content\/uploads\/2016\/05\/Rottalradweg-1024x681.jpg 1024w, https:\/\/www.postmuenster.de\/wp-content\/uploads\/2016\/05\/Rottalradweg.jpg 2000w\" sizes=\"auto, (max-width: 300px) 100vw, 300px\" \/><\/a>Wandern, Spazieren und Laufen:<\/strong> F\u00fcr Spazierg\u00e4nger, Wanderer und L\u00e4ufer bieten sich besonders die Fu\u00dfwege entlang der Rott, um den Rottauensee sowie die umliegende H\u00fcgellandschaft an. Sch\u00f6ne Ausblicke ins Rottal und den Rottauensee k\u00f6nnen Besucher von den Anh\u00f6hen genie\u00dfen. Auch vom Staudamm aus bieten sich abwechslungsreiche Ansichten von See und Ort. Routenvorschl\u00e4ge erhalten Sie auf dem <a href=\"https:\/\/regio.outdooractive.com\/oar-rottal-inn\/de\/touren\/#cat=Wandern&amp;zc=14,12.87589,48.42029\" target=\"_blank\" rel=\"noopener noreferrer\">Tourenportal<\/a> der Ferienregion Rottal-Inn.<\/p>\n<p>Hier k\u00f6nnen Sie zudem Wanderkarten laden:<\/p>\n<ul>\n<li><a href=\"\/wp-content\/uploads\/2016\/05\/Karte-Naherholungsgebiet-Pfarrkirchen-Postmuenster.pdf\" target=\"_blank\" rel=\"noopener noreferrer\">Naherholungsgebiet Pfarrkirchen-Postm\u00fcnster<\/a> (PDF, ca. 4 MB)<\/li>\n<li><a href=\"\/wp-content\/uploads\/2016\/07\/Wanderwege-Pfarrkirchen.pdf\" target=\"_blank\" rel=\"noopener noreferrer\">Wanderwege in und um Pfarrkirchen<\/a> (PDF, ca. 7 MB)<\/li>\n<\/ul>\n<p><strong>Nordic Walking: <\/strong>Im <a href=\"https:\/\/bayern.aok.de\/fileadmin\/user_upload\/AOK-Bayern\/05-Content-PDF\/Rottal_Direktion_Rottal-Inn.pdf\" target=\"_blank\" rel=\"noopener noreferrer\">AOKparcours<\/a> findet man abwechslungsreiche Routen &#8211; geeignet sowohl f\u00fcr Anf\u00e4nger als auch f\u00fcr sportlich orientierte Nordic Walker. In Zusammenarbeit mit Rosi Mittermeier und Christian Neureuther sind mehrere Routen als Rundkurs ausgearbeitet und beschildert worden; Infotafeln informieren zudem \u00fcber Aufw\u00e4rm- und Dehn\u00fcbungen und auf der Technik-Route k\u00f6nnen Sie ganz einfach in sieben Schritten die sog. &#8222;Nordic ALFA Technik&#8220; erlernen. Diese und weitere Varianten k\u00f6nnen Sie im <a href=\"https:\/\/regio.outdooractive.com\/oar-rottal-inn\/de\/touren\/#cat=Laufen&amp;zc=14,12.87589,48.42029\" target=\"_blank\" rel=\"noopener noreferrer\">Tourenportal<\/a> abrufen.<strong><br \/>\n<\/strong><\/p>\n<p><strong>Radfahren &amp; Mountainbiken:<\/strong> Ein gut ausgebautes und beschildertes Radwegenetz bietet die ideale Grundlage f\u00fcr entspannte oder ausgedehnte Radtouren, egal ob mit Rad oder E-Bike. Postm\u00fcnster liegt direkt am 87 km langen Rottalradweg. Die fast ausschlie\u00dflich ebene Strecke beginnt bei Neumarkt-St. Veit und f\u00fchrt entlang der Rott bis nach Neuhaus am Inn. Mountainbiker kommen im wenig befahrenen, h\u00fcgeligen Umland voll auf ihre Kosten. Der Tourenplaner erm\u00f6glicht es Ihnen sich aus einer Vielzahl an Touren in unserem Landkreis die ideale Radl- oder Wandertour herauszusuchen. Durch die umfangreichen Toureninfos wie H\u00f6henprofile, Karten und Luftbilder erhalten Sie einen realistischen Eindruck von der Route. <a href=\"https:\/\/regio.outdooractive.com\/oar-rottal-inn\/de\/touren\/#cat=Rad&amp;zc=14,12.87589,48.42029\" target=\"_blank\" rel=\"noopener noreferrer\">Hier geht&#8217;s zum Tourenportal!<\/a><\/p>\n<p><strong>Trimm-Dich-Pfad \/ Vitaparcours:<\/strong> Sehr beliebt sind bei Joggern, Spazierg\u00e4ngern und Radfahrern die Wege links und rechts der Rott zwischen Postm\u00fcnster und Pfarrkirchen. In den Wiesen neben der Strecke befinden sich auf dem <a href=\"http:\/\/www.trimm-dich-pfad.com\/standorte\/verzeichnis\/plz-8\/84347-trimm-dich-pfad-pfarrkirchen\" target=\"_blank\" rel=\"noopener noreferrer\">Vitaparcours<\/a> verschiedene Trimm-Dich-Stationen, gut geeignet f\u00fcr ein paar Auflockerungs\u00fcbungen zwischendurch.<\/p>\n<p>&nbsp;<\/p>\n<p>&nbsp;<\/p>\n<h2>Minigolf, Spiele &amp; Co.<\/h2>\n<p><strong><a href=\"https:\/\/www.postmuenster.de\/wp-content\/uploads\/2016\/05\/Beachvolleyball.jpg\" data-lbwps-width=\"1600\" data-lbwps-height=\"1195\" data-lbwps-srcsmall=\"https:\/\/www.postmuenster.de\/wp-content\/uploads\/2016\/05\/Beachvolleyball.jpg\"><img loading=\"lazy\" decoding=\"async\" class=\"alignright wp-image-4646 size-medium\" src=\"https:\/\/www.postmuenster.de\/wp-content\/uploads\/2016\/05\/Beachvolleyball-300x224.jpg\" alt=\"Beachvolleyball\" width=\"300\" height=\"224\" srcset=\"https:\/\/www.postmuenster.de\/wp-content\/uploads\/2016\/05\/Beachvolleyball-300x224.jpg 300w, https:\/\/www.postmuenster.de\/wp-content\/uploads\/2016\/05\/Beachvolleyball-1024x765.jpg 1024w, https:\/\/www.postmuenster.de\/wp-content\/uploads\/2016\/05\/Beachvolleyball.jpg 1600w\" sizes=\"auto, (max-width: 300px) 100vw, 300px\" \/><\/a>Beachvolleyball:<\/strong> Zwei Beachvolleyballpl\u00e4tze der TSG Postm\u00fcnster runden das Angebot ab. Auskunft erhalten Interessenten bei der <a href=\"http:\/\/www.bieranjas.net\/\" target=\"_blank\" rel=\"noopener noreferrer\">TSG Postm\u00fcnster, Abt. Volleyball<\/a>.<\/p>\n<p><strong>Boccia:<\/strong> Auf dem Minigolfgel\u00e4nde steht eine Bocciabahn zur Verf\u00fcgung. Wer platziert seine Kugel am N\u00e4hesten an die Zielkugel? Spannende Spiele im Freundes- oder Familienkreis sind hier garantiert.<\/p>\n<p><strong>Fu\u00dfball:<\/strong> In Postm\u00fcnster befindet sich am Fu\u00dfe des Staudammes ein Fu\u00dfball- sowie ein Trainingsplatz, der vom \u00f6rtlichen Sportverein TSG Postm\u00fcnster betreut wird (Info\/Ansprechpartner: <a href=\"http:\/\/www.tsg-postmuenster.de\" target=\"_blank\" rel=\"noopener noreferrer\">www.tsg-postmuenster.de<\/a>).<\/p>\n<p><strong>Kinderspielpl\u00e4tze:<\/strong> Kinder k\u00f6nnen sich auf den gemeindlichen Spielpl\u00e4tzen austoben. Jede Menge Spa\u00df ist vor allem am Spielplatz an der Beckenrandstra\u00dfe n\u00e4he Sportgel\u00e4nde geboten.<\/p>\n<p><strong>Minigolf:<\/strong> Die Minigolfanlage unterhalb des Staudammes in Postm\u00fcnster bietet Unterhaltung f\u00fcr die ganze Familie. In dem leicht ansteigenden Gel\u00e4nde sind die einzelnen Bahnen gr\u00f6\u00dffl\u00e4chig im Gr\u00fcnen verteilt.<\/p>\n<p><strong>Pit-Pat:<\/strong> Eine Alternative zum Minigolf stellt die Pit-Pat-Spielanlage auf dem Minigolfgel\u00e4nde dar. An dieser Kombination aus Minigolf und Billard hat Jung und Alt seine Freude.<\/p>\n<p><strong>Skateranlage &amp; Streetballplatz:<\/strong> Skater k\u00f6nnen auf der gemeindlichen Skateranlage n\u00e4he dem Sportgel\u00e4nde an der Beckenrandstra\u00dfe coole Tricks \u00fcben. Verschiedene Hindernisse und Rampen bieten Abwechslung. Basketballer k\u00f6nnen auf dem dortigen Streetballplatz ein paar K\u00f6rbe werfen.<\/p>\n<p><strong>Stockschie\u00dfen:<\/strong> Die Asphaltanlage direkt neben dem Minigolfgel\u00e4nde ist t\u00e4glich ge\u00f6ffnet und steht f\u00fcr spannende &#8222;Duelle&#8220; zur Verf\u00fcgung.<\/p>\n<p><strong>Tennispl\u00e4tze:\u00a0<\/strong>Direkt neben den Sportpl\u00e4tzen \u00f6stlich des Staudammes befindet sich ein Court mit drei Spielfeldern. (Info: <a href=\"http:\/\/www.tsg-postmuenster.de\/tsg\/tennis-2\/\" target=\"_blank\" rel=\"noopener noreferrer\">TSG Abt. Tennis<\/a>).<\/p>\n<p>&nbsp;<\/p>\n<p>&nbsp;<\/p>\n<h2>Und noch mehr&#8230;<\/h2>\n<p>Zus\u00e4tzlich bietet die benachbarte <a href=\"http:\/\/www.pfarrkirchen.de\" target=\"_blank\" rel=\"noopener noreferrer\"><strong>Kreisstadt Pfarrkirchen<\/strong><\/a> ein beheiztes Erlebnis-Freibad, Bowling-Bahn, Squash- und Badminton-Anlage, Kletterhalle, Fitnessstudios, Quadbahn, Inlinepark, viele Caf\u00e8s und Einkaufsm\u00f6glichkeiten u.v.m.<\/p>\n","protected":false},"excerpt":{"rendered":"<p>Die M\u00f6glichkeiten der Freizeitgestaltung in Postm\u00fcnster und Umgebung sind \u00e4u\u00dferst vielf\u00e4ltig. Durch die Integration von Sport- und Spielanlagen in die Natur um den Rottauensee k\u00f6nnen sich Sporttreibende und Erholungssuchende in nat\u00fcrlicher Umgebung regenerieren. F\u00fcr Freizeitaktivit\u00e4ten finden Sie im Naherholungsgebiet Pfarrkirchen-Postm\u00fcnster folgende Einrichtungen: &nbsp; Rund um den Rottauensee Angeln: An verschiedenen Stellen des Rottauensees k\u00f6nnen sich [&hellip;]<\/p>\n","protected":false},"author":11,"featured_media":0,"parent":3938,"menu_order":5,"comment_status":"closed","ping_status":"closed","template":"page-full.php","meta":{"footnotes":""},"class_list":["post-3966","page","type-page","status-publish","hentry"],"publishpress_future_action":{"enabled":false,"date":"2026-05-24 07:06:24","action":"change-status","newStatus":"draft","terms":[],"taxonomy":"","extraData":[]},"publishpress_future_workflow_manual_trigger":{"enabledWorkflows":[]},"_links":{"self":[{"href":"https:\/\/www.postmuenster.de\/index.php?rest_route=\/wp\/v2\/pages\/3966","targetHints":{"allow":["GET"]}}],"collection":[{"href":"https:\/\/www.postmuenster.de\/index.php?rest_route=\/wp\/v2\/pages"}],"about":[{"href":"https:\/\/www.postmuenster.de\/index.php?rest_route=\/wp\/v2\/types\/page"}],"author":[{"embeddable":true,"href":"https:\/\/www.postmuenster.de\/index.php?rest_route=\/wp\/v2\/users\/11"}],"replies":[{"embeddable":true,"href":"https:\/\/www.postmuenster.de\/index.php?rest_route=%2Fwp%2Fv2%2Fcomments&post=3966"}],"version-history":[{"count":55,"href":"https:\/\/www.postmuenster.de\/index.php?rest_route=\/wp\/v2\/pages\/3966\/revisions"}],"predecessor-version":[{"id":8028,"href":"https:\/\/www.postmuenster.de\/index.php?rest_route=\/wp\/v2\/pages\/3966\/revisions\/8028"}],"up":[{"embeddable":true,"href":"https:\/\/www.postmuenster.de\/index.php?rest_route=\/wp\/v2\/pages\/3938"}],"wp:attachment":[{"href":"https:\/\/www.postmuenster.de\/index.php?rest_route=%2Fwp%2Fv2%2Fmedia&parent=3966"}],"curies":[{"name":"wp","href":"https:\/\/api.w.org\/{rel}","templated":true}]}}