{"id":3975,"date":"2016-05-03T11:18:36","date_gmt":"2016-05-03T09:18:36","guid":{"rendered":"http:\/\/wordpress.postmuenster.de\/?page_id=3975"},"modified":"2026-05-13T10:07:35","modified_gmt":"2026-05-13T08:07:35","slug":"der-postbote","status":"publish","type":"page","link":"https:\/\/www.postmuenster.de\/?page_id=3975","title":{"rendered":"Der Postbote"},"content":{"rendered":"<h2>Das Informationsblatt der Gemeinde Postm\u00fcnster<\/h2>\n<p>&nbsp;<\/p>\n<p>Liebe B\u00fcrgerinnen und B\u00fcrger,<\/p>\n<p>wir haben uns im Jahr 2014 entschlossen, dieses Informationsblatt ins Leben zu rufen. Unser \u201ePostbote\u201c erscheint alle drei Monate kostenlos und informiert Sie \u00fcber alles Wissenswerte und Interessante rund um Gemeinde, Vereine, Veranstaltungen und vieles mehr. Wir m\u00f6chten Sie dazu einladen, sich jederzeit an uns zu wenden, falls Sie die Ver\u00f6ffentlichung eines bestimmten Themas oder Artikels w\u00fcnschen (z.B. Berichte \u00fcber Vereinsaktivit\u00e4ten etc.) oder uns mitzuteilen, was Sie hier gerne lesen w\u00fcrden.<\/p>\n<p>Die Hefte liegen bei allen Gesch\u00e4ften und \u00f6ffentlichen Stellen im Gemeindegebiet zur kostenlosen Mitnahme auf (z.B. Rathaus, Kirche, B\u00e4cker etc.).<\/p>\n<p>&nbsp;<\/p>\n<p><b>Download der Ausgaben als PDF:<\/b><\/p>\n<p>&#8211; <a href=\"https:\/\/www.postmuenster.de\/wp-content\/uploads\/2026\/05\/Ausgabe-47-Mai-2026online.pdf\" target=\"_blank\" rel=\"noopener\">Ausgabe 47 | Mai 2026<\/a><\/p>\n<p>&#8211; <a href=\"https:\/\/www.postmuenster.de\/wp-content\/uploads\/2026\/03\/Ausgabe-46-Februar-2026Homepage.pdf\" target=\"_blank\" rel=\"noopener\">Ausgabe 46 | Februar 2026<\/a><\/p>\n<p>&#8211; <a href=\"https:\/\/www.postmuenster.de\/wp-content\/uploads\/2025\/11\/Ausgabe-45-November-2025NEU.pdf\" target=\"_blank\" rel=\"noopener\">Ausgabe 45 | November 2025<\/a><\/p>\n<p>&#8211; <a href=\"https:\/\/www.postmuenster.de\/wp-content\/uploads\/2025\/07\/Ausgabe-44-August-2025online.pdf\" target=\"_blank\" rel=\"noopener\">Ausgabe 44 | August 2025<\/a><\/p>\n<p>&#8211; <a href=\"https:\/\/www.postmuenster.de\/wp-content\/uploads\/2025\/05\/Ausgabe-43-Mai-2025NEU.pdf\" target=\"_blank\" rel=\"noopener\">Ausgabe 43 | Mai 2025<\/a><\/p>\n<p>&#8211; <a href=\"https:\/\/www.postmuenster.de\/wp-content\/uploads\/2025\/02\/Ausgabe-42-Februar-2025-web.pdf\">Ausgabe 42 | Februar 2025<\/a><\/p>\n<p>&#8211; <a href=\"https:\/\/www.postmuenster.de\/wp-content\/uploads\/2024\/11\/postbote-41.2024-web.pdf\" target=\"_blank\" rel=\"noopener\">Ausgabe 41 | November 2024<\/a><\/p>\n<p>&#8211; <a href=\"https:\/\/www.postmuenster.de\/wp-content\/uploads\/2024\/07\/postbote-40.2024-web.pdf\" target=\"_blank\" rel=\"noopener\">Ausgabe 40 | August 2024<\/a><\/p>\n<p>&#8211; <a href=\"https:\/\/www.postmuenster.de\/wp-content\/uploads\/2024\/05\/Ausgabe-39-Mai-2024.pdf\" target=\"_blank\" rel=\"noopener\">Ausgabe 39 | Mai 2024<\/a><\/p>\n<p>&#8211; <a href=\"https:\/\/www.postmuenster.de\/wp-content\/uploads\/2024\/02\/postbote-38.2024-web.pdf\" target=\"_blank\" rel=\"noopener\">Ausgabe 38 | Februar 2024<\/a><\/p>\n<p>&#8211; <a href=\"https:\/\/www.postmuenster.de\/wp-content\/uploads\/2023\/10\/postbote-37.2023-web.pdf\" target=\"_blank\" rel=\"noopener\">Ausgabe 37 | November 2023<\/a><\/p>\n<p>&#8211; <a href=\"https:\/\/www.postmuenster.de\/wp-content\/uploads\/2023\/07\/postbote-36.2023-web.pdf\" target=\"_blank\" rel=\"noopener\">Ausgabe 36 | August 2023<\/a><\/p>\n<p>&#8211; <a href=\"https:\/\/www.postmuenster.de\/wp-content\/uploads\/2023\/04\/postbote-35.2023-web.pdf\" target=\"_blank\" rel=\"noopener\">Ausgabe 35 | Mai 2023<\/a><\/p>\n<p>&#8211; <a href=\"https:\/\/www.postmuenster.de\/wp-content\/uploads\/2023\/02\/postbote-34.2023-web.pdf\" target=\"_blank\" rel=\"noopener\">Ausgabe 34 | Februar 2023<\/a><\/p>\n<p>&#8211; <a href=\"https:\/\/www.postmuenster.de\/wp-content\/uploads\/2022\/10\/postbote-33.2022-web.pdf\" target=\"_blank\" rel=\"noopener\">Ausgabe 33 | November 2022<\/a><\/p>\n<p>&#8211; <a href=\"https:\/\/www.postmuenster.de\/wp-content\/uploads\/2022\/08\/postbote-32.2022-web.pdf\" target=\"_blank\" rel=\"noopener\">Ausgabe 32 | August 2022<\/a><\/p>\n<p>&#8211; <a href=\"https:\/\/www.postmuenster.de\/wp-content\/uploads\/2022\/04\/postbote-31.2022-web.pdf\" target=\"_blank\" rel=\"noopener\">Ausgabe 31 | Mai 2022<\/a><\/p>\n<p>&#8211; <a href=\"https:\/\/www.postmuenster.de\/wp-content\/uploads\/2022\/01\/postbote-30.2022-web.pdf\" target=\"_blank\" rel=\"noopener\">Ausgabe 30 | Februar 2022<\/a><\/p>\n<p>&#8211; <a href=\"https:\/\/www.postmuenster.de\/wp-content\/uploads\/2021\/10\/postbote-29.2021-web.pdf\" target=\"_blank\" rel=\"noopener\">Ausgabe 29 | November 2021<\/a><\/p>\n<p>&#8211; <a href=\"https:\/\/www.postmuenster.de\/wp-content\/uploads\/2021\/07\/postbote-28.2021-web.pdf\" target=\"_blank\" rel=\"noopener\">Ausgabe 28 | August 2021<\/a><\/p>\n<p>&#8211; <a href=\"https:\/\/www.postmuenster.de\/wp-content\/uploads\/2021\/04\/postbote-27.2021-web.pdf\" target=\"_blank\" rel=\"noopener\">Ausgabe 27 | Mai 2021<\/a><\/p>\n<p>&#8211; <a href=\"https:\/\/www.postmuenster.de\/wp-content\/uploads\/2021\/02\/postbote-26.2021-web.pdf\" target=\"_blank\" rel=\"noopener\">Ausgabe 26 | Februar 2021<\/a><\/p>\n<p>&#8211; <a href=\"https:\/\/www.postmuenster.de\/wp-content\/uploads\/2020\/11\/postbote-25.2020-web.pdf\" target=\"_blank\" rel=\"noopener noreferrer\">Ausgabe 25 | November 2020<\/a><\/p>\n<p>&#8211; <a href=\"https:\/\/www.postmuenster.de\/wp-content\/uploads\/2020\/07\/postbote-24.2020-web.pdf\" target=\"_blank\" rel=\"noopener noreferrer\">Ausgabe 24 | August 2020<\/a><\/p>\n<p>&#8211; <a href=\"https:\/\/www.postmuenster.de\/wp-content\/uploads\/2020\/02\/postbote-23.2020-web.pdf\" target=\"_blank\" rel=\"noopener noreferrer\">Ausgabe 23 | Februar 2020<\/a><\/p>\n<p>&#8211; <a href=\"https:\/\/www.postmuenster.de\/wp-content\/uploads\/2019\/11\/postbote-22.2019-web.pdf\" target=\"_blank\" rel=\"noopener noreferrer\">Ausgabe 22 | November 2019<\/a><\/p>\n<p>&#8211; <a href=\"https:\/\/www.postmuenster.de\/wp-content\/uploads\/2019\/07\/postbote-21.2019-web.pdf\" target=\"_blank\" rel=\"noopener noreferrer\">Ausgabe 21 | August 2019<\/a><\/p>\n<p>&#8211; <a href=\"https:\/\/www.postmuenster.de\/wp-content\/uploads\/2019\/04\/postbote-20.2019-web.pdf\" target=\"_blank\" rel=\"noopener noreferrer\">Ausgabe 20 | Mai 2019<\/a><\/p>\n<p><a href=\"https:\/\/www.postmuenster.de\/wp-content\/uploads\/2019\/01\/postbote-19.2019-web.pdf\" target=\"_blank\" rel=\"noopener noreferrer\">&#8211; <\/a><a href=\"https:\/\/www.postmuenster.de\/wp-content\/uploads\/2019\/01\/postbote-19.2019-web.pdf\" target=\"_blank\" rel=\"noopener noreferrer\">Ausgabe 19 | Februar 2019<\/a><\/p>\n<p>&#8211; <a href=\"http:\/\/www.postmuenster.de\/wp-content\/uploads\/2018\/10\/postbote-18.2018-web.pdf\" target=\"_blank\" rel=\"noopener noreferrer\">Ausgabe 18 | November 2018<\/a><\/p>\n<p>&#8211; <a href=\"http:\/\/www.postmuenster.de\/wp-content\/uploads\/2018\/07\/postbote-17.2018-web.pdf\" target=\"_blank\" rel=\"noopener noreferrer\">Ausgabe 17 | August 2018<\/a><\/p>\n<p>&#8211; <a href=\"http:\/\/www.postmuenster.de\/wp-content\/uploads\/2018\/04\/postbote-16.2018-web.pdf\" target=\"_blank\" rel=\"noopener noreferrer\">Ausgabe 16 | Mai 2018<\/a><\/p>\n<p>&#8211; <a href=\"http:\/\/www.postmuenster.de\/wp-content\/uploads\/2018\/01\/postbote-15.2018-web.pdf\" target=\"_blank\" rel=\"noopener noreferrer\">Ausgabe 15 | Februar 2018<\/a><\/p>\n<p>&#8211; <a href=\"http:\/\/www.postmuenster.de\/wp-content\/uploads\/2016\/05\/postbote-14.2017-web.pdf\" target=\"_blank\" rel=\"noopener noreferrer\">Ausgabe 14 | November 2017<\/a><\/p>\n<p>&#8211; <a href=\"http:\/\/www.postmuenster.de\/wp-content\/uploads\/2017\/07\/postbote-13.2017-web.pdf\" target=\"_blank\" rel=\"noopener noreferrer\">Ausgabe 13 | August 2017<\/a><\/p>\n<p>&#8211; <a href=\"http:\/\/www.postmuenster.de\/wp-content\/uploads\/2016\/05\/postbote-12.2017-web.pdf\" target=\"_blank\" rel=\"noopener noreferrer\">Ausgabe 12 | Mai 2017<\/a><\/p>\n<p>&#8211; <a href=\"http:\/\/www.postmuenster.de\/wp-content\/uploads\/2016\/05\/postbote-11.2017-web.pdf\" target=\"_blank\" rel=\"noopener noreferrer\">Ausgabe 11 | Februar 2017<\/a><\/p>\n<p>&#8211; <a href=\"http:\/\/www.postmuenster.de\/wp-content\/uploads\/2016\/05\/postbote-10.2016-web.pdf\" target=\"_blank\" rel=\"noopener noreferrer\">Ausgabe 10 | November 2016<\/a><\/p>\n<p>&#8211; <a href=\"\/wp-content\/uploads\/2016\/05\/postbote-9.2016-web.pdf\" target=\"_blank\" rel=\"noopener noreferrer\">Ausgabe 9 | August 2016<\/a><\/p>\n<p>&#8211; <a href=\"\/wp-content\/uploads\/2016\/06\/postbote-8.2016-web.pdf\" target=\"_blank\" rel=\"noopener noreferrer\">Ausgabe 8 | Mai 2016<\/a><\/p>\n<p>&#8211; <a href=\"\/wp-content\/uploads\/2016\/06\/postbote-7.2016-web.pdf\" target=\"_blank\" rel=\"noopener noreferrer\">Ausgabe 7 | Februar 2016<\/a><\/p>\n<p>&#8211; <a href=\"\/wp-content\/uploads\/2016\/06\/postbote-6.2015-web.pdf\" target=\"_blank\" rel=\"noopener noreferrer\">Ausgabe 6 | Oktober 2015<\/a><\/p>\n<p>&#8211; <a href=\"\/wp-content\/uploads\/2016\/06\/postbote-5.2015-web.pdf\" target=\"_blank\" rel=\"noopener noreferrer\">Ausgabe 5 | Juli 2015<\/a><\/p>\n<p>&#8211; <a href=\"\/wp-content\/uploads\/2016\/06\/postbote-4.2015-web.pdf\" target=\"_blank\" rel=\"noopener noreferrer\">Ausgabe 4 | April 2015<\/a><\/p>\n<p>&#8211; <a href=\"\/wp-content\/uploads\/2016\/06\/postbote-3.2015-web.pdf\" target=\"_blank\" rel=\"noopener noreferrer\">Ausgabe 3 | Januar 2015<\/a><\/p>\n<p>&#8211; <a href=\"\/wp-content\/uploads\/2016\/06\/postbote-2.2014-web.pdf\" target=\"_blank\" rel=\"noopener noreferrer\">Ausgabe 2 | Oktober 2014<\/a><\/p>\n<p>&#8211; <a href=\"\/wp-content\/uploads\/2016\/06\/postbote-1.2014-web.pdf\" target=\"_blank\" rel=\"noopener noreferrer\">Ausgabe 1 | Juli 2014<\/a><\/p>\n<p>&nbsp;<\/p>\n<p>Die n\u00e4chste Ausgabe erscheint im August 2026.<br \/>\nRedaktionsschluss ist der 10.07.2026.<br \/>\nWir freuen uns \u00fcber Beitr\u00e4ge; diese bitte an <a href=\"mailto:poststelle@postmuenster.de\">poststelle@postmuenster.de<\/a> senden.<\/p>\n","protected":false},"excerpt":{"rendered":"<p>Das Informationsblatt der Gemeinde Postm\u00fcnster &nbsp; Liebe B\u00fcrgerinnen und B\u00fcrger, wir haben uns im Jahr 2014 entschlossen, dieses Informationsblatt ins Leben zu rufen. Unser \u201ePostbote\u201c erscheint alle drei Monate kostenlos und informiert Sie \u00fcber alles Wissenswerte und Interessante rund um Gemeinde, Vereine, Veranstaltungen und vieles mehr. Wir m\u00f6chten Sie dazu einladen, sich jederzeit an uns [&hellip;]<\/p>\n","protected":false},"author":11,"featured_media":0,"parent":3940,"menu_order":4,"comment_status":"closed","ping_status":"closed","template":"page-full.php","meta":{"footnotes":""},"class_list":["post-3975","page","type-page","status-publish","hentry"],"publishpress_future_action":{"enabled":false,"date":"2026-05-24 07:09:03","action":"change-status","newStatus":"draft","terms":[],"taxonomy":"","extraData":[]},"publishpress_future_workflow_manual_trigger":{"enabledWorkflows":[]},"_links":{"self":[{"href":"https:\/\/www.postmuenster.de\/index.php?rest_route=\/wp\/v2\/pages\/3975","targetHints":{"allow":["GET"]}}],"collection":[{"href":"https:\/\/www.postmuenster.de\/index.php?rest_route=\/wp\/v2\/pages"}],"about":[{"href":"https:\/\/www.postmuenster.de\/index.php?rest_route=\/wp\/v2\/types\/page"}],"author":[{"embeddable":true,"href":"https:\/\/www.postmuenster.de\/index.php?rest_route=\/wp\/v2\/users\/11"}],"replies":[{"embeddable":true,"href":"https:\/\/www.postmuenster.de\/index.php?rest_route=%2Fwp%2Fv2%2Fcomments&post=3975"}],"version-history":[{"count":73,"href":"https:\/\/www.postmuenster.de\/index.php?rest_route=\/wp\/v2\/pages\/3975\/revisions"}],"predecessor-version":[{"id":9846,"href":"https:\/\/www.postmuenster.de\/index.php?rest_route=\/wp\/v2\/pages\/3975\/revisions\/9846"}],"up":[{"embeddable":true,"href":"https:\/\/www.postmuenster.de\/index.php?rest_route=\/wp\/v2\/pages\/3940"}],"wp:attachment":[{"href":"https:\/\/www.postmuenster.de\/index.php?rest_route=%2Fwp%2Fv2%2Fmedia&parent=3975"}],"curies":[{"name":"wp","href":"https:\/\/api.w.org\/{rel}","templated":true}]}}