{"id":3977,"date":"2016-05-03T11:19:06","date_gmt":"2016-05-03T09:19:06","guid":{"rendered":"http:\/\/wordpress.postmuenster.de\/?page_id=3977"},"modified":"2024-12-10T08:46:28","modified_gmt":"2024-12-10T07:46:28","slug":"formulare-downloads","status":"publish","type":"page","link":"https:\/\/www.postmuenster.de\/?page_id=3977","title":{"rendered":"Formulare &#038; Downloads"},"content":{"rendered":"<p>Folgende PDF-Formulare und Infos haben wir f\u00fcr Sie zum Download zusammengestellt. Einige Antr\u00e4ge k\u00f6nnen Sie jedoch auch \u00fcber unser PostOffice &#8211; das Online-Service-Portal direkt online ausf\u00fcllen.<\/p>\n<p>&nbsp;<\/p>\n<p style=\"padding-left: 80px;\">&#8211; <a href=\"\/wp-content\/uploads\/2016\/07\/Anmeldung.pdf\" target=\"_blank\" rel=\"noopener noreferrer\">Anmeldung bei der Meldebeh\u00f6rde<\/a><\/p>\n<p style=\"padding-left: 80px;\">&#8211; <a href=\"\/wp-content\/uploads\/2016\/07\/Wohnungsgeberbestaetigung.pdf\" target=\"_blank\" rel=\"noopener noreferrer\">Wohnungsgeberbest\u00e4tigung<\/a><\/p>\n<p style=\"padding-left: 80px;\">&#8211; <a href=\"\/wp-content\/uploads\/2016\/07\/Vollmacht-Personalausweis.pdf\" target=\"_blank\" rel=\"noopener noreferrer\">Vollmacht zur Personalausweisabholung<\/a> \/ <a href=\"\/wp-content\/uploads\/2016\/07\/Vollmacht-Reisepass.pdf\" target=\"_blank\" rel=\"noopener noreferrer\">Vollmacht zur Reisepassabholung<\/a><\/p>\n<p style=\"padding-left: 80px;\">&#8211; <a href=\"https:\/\/www.personalausweisportal.de\/SharedDocs\/downloads\/Webs\/PA\/DE\/informationsmaterial\/flyer-broschueren\/Broschuere_eID_karte.pdf?__blob=publicationFile&amp;v=3\" target=\"_blank\" rel=\"noopener noreferrer\">Infobrosch\u00fcre eID-Karte (information eID card)<\/a><\/p>\n<p style=\"padding-left: 80px;\">&#8211; <a href=\"\/wp-content\/uploads\/2016\/05\/Anmeldung-eines-Hundes.pdf\" target=\"_blank\" rel=\"noopener noreferrer\">Anmeldung eines Hundes<\/a><\/p>\n<p style=\"padding-left: 80px;\">&#8211; <a href=\"https:\/\/www.awv-isar-inn.de\/abfuhrkalender\/\" target=\"_blank\" rel=\"noopener noreferrer\">M\u00fcllabfuhrkalender<\/a><\/p>\n<p style=\"padding-left: 80px;\">&#8211; <a href=\"https:\/\/www.postmuenster.de\/wp-content\/uploads\/2020\/12\/Wasserwerte.pdf\" target=\"_blank\" rel=\"noopener noreferrer\">Wasseranalyse \/ Wasserwerte Trinkwasser<\/a><\/p>\n<p style=\"padding-left: 80px;\">&#8211; <a href=\"\/wp-content\/uploads\/2016\/07\/Gewerbeanmeldung.pdf\" target=\"_blank\" rel=\"noopener noreferrer\">Gewerbeanmeldung<\/a><\/p>\n<p style=\"padding-left: 80px;\">&#8211; <a href=\"https:\/\/www.postmuenster.de\/wp-content\/uploads\/2022\/04\/Antrag-auf-Gestattung.pdf\" target=\"_blank\" rel=\"noopener noreferrer\">Antrag auf vor\u00fcbergehende gastst\u00e4ttenrechtliche Erlaubnis gem\u00e4\u00df \u00a7 12 GastG<\/a><\/p>\n<p style=\"padding-left: 80px;\">&#8211; <a href=\"https:\/\/www.postmuenster.de\/wp-content\/uploads\/2023\/06\/Broschuere_Feste_Feiern_2023.pdf\" target=\"_blank\" rel=\"noopener\">Infobrosch\u00fcre \u201eFeste Feiern? Aber Richtig!\u201c<\/a><\/p>\n<p style=\"padding-left: 80px;\">&#8211; <a href=\"https:\/\/www.postmuenster.de\/wp-content\/uploads\/2023\/06\/Verleihbroschuere_Ansicht-2023.pdf\" target=\"_blank\" rel=\"noopener\">Verleihangebot der Kommunalen Jugendarbeit Rottal-Inn<\/a><\/p>\n<p style=\"padding-left: 80px;\">&#8211; <a href=\"\/wp-content\/uploads\/2016\/05\/Erteilung-SEPA-Lastschriftmandat.pdf\" target=\"_blank\" rel=\"noopener noreferrer\">Erteilung eines SEPA-Lastschriftmandats<\/a><\/p>\n<p style=\"padding-left: 80px;\">&#8211; <a href=\"http:\/\/www.zbfs.bayern.de\/imperia\/md\/content\/blvf\/sgbix\/antragsformular_behinderung.pdf\" target=\"_blank\" rel=\"noopener noreferrer\">Antrag auf Austellung eines Schwerbehindertenausweises<\/a><\/p>\n<p style=\"padding-left: 80px;\">&#8211; <a href=\"http:\/\/www.rundfunkbeitrag.de\/\" target=\"_blank\" rel=\"noopener noreferrer\">Rundfunkbeitrag &#8211; GEZ-Formulare<\/a><\/p>\n<p style=\"padding-left: 80px;\">&#8211; <a href=\"https:\/\/www.postmuenster.de\/wp-content\/uploads\/2024\/12\/Versand-Formular-Aenderungen-Grundsteuer-Finanzamt.pdf\" target=\"_blank\" rel=\"noopener\">\u00c4nderungsantrag Grundsteuer Finanzamt<\/a><\/p>\n<p>&nbsp;<\/p>\n<p>Hinweis: Zum \u00d6ffnen und Speichern der Dateien ben\u00f6tigen Sie den Adobe Reader, welchen Sie <a href=\"https:\/\/get.adobe.com\/reader\/?loc=de\" target=\"_blank\" rel=\"noopener noreferrer\">hier<\/a> kostenlos downloaden k\u00f6nnen.<\/p>\n","protected":false},"excerpt":{"rendered":"<p>Folgende PDF-Formulare und Infos haben wir f\u00fcr Sie zum Download zusammengestellt. Einige Antr\u00e4ge k\u00f6nnen Sie jedoch auch \u00fcber unser PostOffice &#8211; das Online-Service-Portal direkt online ausf\u00fcllen. &nbsp; &#8211; Anmeldung bei der Meldebeh\u00f6rde &#8211; Wohnungsgeberbest\u00e4tigung &#8211; Vollmacht zur Personalausweisabholung \/ Vollmacht zur Reisepassabholung &#8211; Infobrosch\u00fcre eID-Karte (information eID card) &#8211; Anmeldung eines Hundes &#8211; M\u00fcllabfuhrkalender &#8211; [&hellip;]<\/p>\n","protected":false},"author":11,"featured_media":0,"parent":3940,"menu_order":3,"comment_status":"closed","ping_status":"closed","template":"page-full.php","meta":{"footnotes":""},"class_list":["post-3977","page","type-page","status-publish","hentry"],"publishpress_future_action":{"enabled":false,"date":"2026-05-20 14:00:44","action":"change-status","newStatus":"draft","terms":[],"taxonomy":"","extraData":[]},"publishpress_future_workflow_manual_trigger":{"enabledWorkflows":[]},"_links":{"self":[{"href":"https:\/\/www.postmuenster.de\/index.php?rest_route=\/wp\/v2\/pages\/3977","targetHints":{"allow":["GET"]}}],"collection":[{"href":"https:\/\/www.postmuenster.de\/index.php?rest_route=\/wp\/v2\/pages"}],"about":[{"href":"https:\/\/www.postmuenster.de\/index.php?rest_route=\/wp\/v2\/types\/page"}],"author":[{"embeddable":true,"href":"https:\/\/www.postmuenster.de\/index.php?rest_route=\/wp\/v2\/users\/11"}],"replies":[{"embeddable":true,"href":"https:\/\/www.postmuenster.de\/index.php?rest_route=%2Fwp%2Fv2%2Fcomments&post=3977"}],"version-history":[{"count":39,"href":"https:\/\/www.postmuenster.de\/index.php?rest_route=\/wp\/v2\/pages\/3977\/revisions"}],"predecessor-version":[{"id":9054,"href":"https:\/\/www.postmuenster.de\/index.php?rest_route=\/wp\/v2\/pages\/3977\/revisions\/9054"}],"up":[{"embeddable":true,"href":"https:\/\/www.postmuenster.de\/index.php?rest_route=\/wp\/v2\/pages\/3940"}],"wp:attachment":[{"href":"https:\/\/www.postmuenster.de\/index.php?rest_route=%2Fwp%2Fv2%2Fmedia&parent=3977"}],"curies":[{"name":"wp","href":"https:\/\/api.w.org\/{rel}","templated":true}]}}