{"id":3979,"date":"2021-10-25T08:00:24","date_gmt":"2021-10-25T06:00:24","guid":{"rendered":"http:\/\/wordpress.postmuenster.de\/?page_id=3979"},"modified":"2025-07-29T09:39:05","modified_gmt":"2025-07-29T07:39:05","slug":"baugebiete","status":"publish","type":"page","link":"https:\/\/www.postmuenster.de\/?page_id=3979","title":{"rendered":"Baugebiete"},"content":{"rendered":"<p>Verwirklichen Sie doch Ihren Traum vom Eigenheim in Postm\u00fcnster! Folgende Baugrundst\u00fccke k\u00f6nnen direkt von der Gemeinde Postm\u00fcnster erworben werden:<\/p>\n<p>&nbsp;<\/p>\n<h2>Aktuelle Situation<\/h2>\n<p>Aktuell stehen von der Gemeinde Postm\u00fcnster im Baugebiet &#8222;Am Kandlfeld II&#8220; in Neuhofen und Baugebiet &#8222;WA Waldh\u00f6he&#8220; Parzellen zum Verkauf.<\/p>\n<p>&nbsp;<\/p>\n<h2>Baugebiet WA Am Kandlfeld<em> <span class=\"ILfuVd\"><span class=\"hgKElc\">\u2161<\/span><\/span><\/em><\/h2>\n<div id=\"attachment_8085\" style=\"width: 184px\" class=\"wp-caption alignright\"><a href=\"https:\/\/www.postmuenster.de\/wp-content\/uploads\/2022\/09\/Kandlfeld2.jpg\" data-lbwps-width=\"442\" data-lbwps-height=\"550\" data-lbwps-srcsmall=\"https:\/\/www.postmuenster.de\/wp-content\/uploads\/2022\/09\/Kandlfeld2.jpg\"><img loading=\"lazy\" decoding=\"async\" aria-describedby=\"caption-attachment-8085\" class=\"wp-image-8085\" src=\"https:\/\/www.postmuenster.de\/wp-content\/uploads\/2022\/09\/Kandlfeld2-241x300.jpg\" alt=\"\" width=\"174\" height=\"217\" srcset=\"https:\/\/www.postmuenster.de\/wp-content\/uploads\/2022\/09\/Kandlfeld2-241x300.jpg 241w, https:\/\/www.postmuenster.de\/wp-content\/uploads\/2022\/09\/Kandlfeld2.jpg 442w\" sizes=\"auto, (max-width: 174px) 100vw, 174px\" \/><\/a><p id=\"caption-attachment-8085\" class=\"wp-caption-text\">WA Am Kandlfeld II<\/p><\/div>\n<p>S\u00fcdlich an das bestehende Baugebiet &#8222;Am Kandlfeld&#8220; liegt\u00a0 das Baugebiet &#8222;Am Kandlfeld II&#8220;. In ruhiger, l\u00e4ndlicher Lage mit sch\u00f6nem Weitblick finden Sie 13 Bauparzellen f\u00fcr Einzel- und Doppelh\u00e4user mit Grundst\u00fccksgr\u00f6\u00dfen von ca. 600 bis 800 m\u00b2.<\/p>\n<p><strong>Hier finden Sie alle wichtigen Informationen:<\/strong><\/p>\n<ul>\n<li>G\u00fcltiger Bebauungsplan: <a href=\"https:\/\/www.postmuenster.de\/download\/KandlfeldII.pdf\" target=\"_blank\" rel=\"noopener noreferrer\">Download PDF<\/a><\/li>\n<li>Parzellenplan mit Grundst\u00fcckspreisen: <a href=\"https:\/\/www.postmuenster.de\/wp-content\/uploads\/2022\/09\/Grundstueckspreise-Parzellenplan.pdf\" target=\"_blank\" rel=\"noopener\">Download PDF<\/a><\/li>\n<li>Bauzwang: innerhalb 5 Jahren<\/li>\n<li>Der Bau einer Zisterne mit einem Volumen von mind. 5 m\u00b3 ist Pflicht<\/li>\n<\/ul>\n<p><strong>Vergabemodus:<\/strong><\/p>\n<p>Die Vergabe der Grundst\u00fccke erfolgt mittels eines Bewerberverfahrens durch Vergabebeschluss des Gemeinderates. Interessenten k\u00f6nnen sich mit folgendem Fragebogen bewerben:<\/p>\n<ul>\n<li><a href=\"https:\/\/www.postmuenster.de\/wp-content\/uploads\/2022\/09\/FragebogenKandlfeld2.pdf\" target=\"_blank\" rel=\"noopener\">Fragebogen f\u00fcr Kaufbewerber<\/a><\/li>\n<\/ul>\n<p>Den ausgef\u00fcllten Fragebogen reichen Sie bei der Gemeinde Postm\u00fcnster, Hauptstr. 23, 84389 Postm\u00fcnster, Fax 0 85 61 \/ 98 49-29, E-Mail: poststelle@postmuenster.de ein.<\/p>\n<p><strong>Abgabefristen:<\/strong><\/p>\n<p>Die ausgef\u00fcllten Frageb\u00f6gen m\u00fcssen rechtzeitig vor den Gemeinderatssitzungen bei der Gemeinde Postm\u00fcnster eingegangen sein (per Post, Fax oder E-Mail).<br \/>\nSitzungstermine: an jedem zweiten Dienstag im Monat (keine Sitzung im August)<\/p>\n<p>&nbsp;<\/p>\n<p><img loading=\"lazy\" decoding=\"async\" class=\"aligncenter wp-image-8088 size-full\" src=\"https:\/\/www.postmuenster.de\/wp-content\/uploads\/2022\/09\/kandlfeld2.gif\" alt=\"\" width=\"784\" height=\"683\" \/><\/p>\n<p style=\"text-align: center;\">Rot ausgestrichene Parzellen sind bereits vergeben, Parzellen 8+9 stehen noch zum Verkauf.<\/p>\n<p>&nbsp;<\/p>\n<p>&nbsp;<\/p>\n<h2>Baugebiet WA Christanger<em> <span class=\"ILfuVd\"><span class=\"hgKElc\">\u2161<\/span><\/span><\/em><\/h2>\n<div id=\"attachment_7776\" style=\"width: 203px\" class=\"wp-caption alignright\"><img loading=\"lazy\" decoding=\"async\" aria-describedby=\"caption-attachment-7776\" class=\"wp-image-7776 size-medium\" src=\"https:\/\/www.postmuenster.de\/wp-content\/uploads\/2021\/10\/christanger2-193x300.jpg\" alt=\"\" width=\"193\" height=\"300\" srcset=\"https:\/\/www.postmuenster.de\/wp-content\/uploads\/2021\/10\/christanger2-193x300.jpg 193w, https:\/\/www.postmuenster.de\/wp-content\/uploads\/2021\/10\/christanger2.jpg 416w\" sizes=\"auto, (max-width: 193px) 100vw, 193px\" \/><p id=\"caption-attachment-7776\" class=\"wp-caption-text\">Baugebiet WA Christanger II<\/p><\/div>\n<p><span style=\"color: #800000;\"><strong>Alle Bauparzellen sind aktuell vergeben!<\/strong><\/span><\/p>\n<p>Direkt an der Gemeindegrenze zu Pfarrkirchen liegt an der Christangerstra\u00dfe das Baugebiet Christanger II. In bevorzugter und ebener Lage finden Sie zw\u00f6lf Bauparzellen f\u00fcr Einzel- und Doppelh\u00e4user mit Grundst\u00fccksgr\u00f6\u00dfen von ca. 600 bis 900 m\u00b2.<\/p>\n<p><strong>Hier finden Sie alle wichtigen Informationen:<\/strong><\/p>\n<ul>\n<li>G\u00fcltiger Bebauungsplan: <a href=\"https:\/\/www.postmuenster.de\/download\/ChristangerII.pdf\" target=\"_blank\" rel=\"noopener noreferrer\">Download PDF<\/a><\/li>\n<li>Parzellenplan mit Grundst\u00fcckspreisen: <a href=\"https:\/\/www.postmuenster.de\/wp-content\/uploads\/2021\/10\/Christanger2-Parzellenplan-Preise.pdf\" target=\"_blank\" rel=\"noopener\">Download PDF<\/a><\/li>\n<li>Bauzwang: innerhalb 3 Jahren<\/li>\n<li>Hinweis: Auf der Bauparzelle 5 wird vor\u00fcbergehend (voraussichtlich f\u00fcr ca. 3-5 Jahre) ein Containersystem zur Unterbringung einer Kinderkrippengruppe bis max. 10 Kinder errichtet.<\/li>\n<\/ul>\n<p><strong>Vergabemodus:<\/strong><\/p>\n<p>Die Vergabe der Grundst\u00fccke erfolgt mittels eines Bewerberverfahrens durch Vergabebeschluss des Gemeinderates. Interessenten k\u00f6nnen sich mit folgendem Fragebogen bewerben:<\/p>\n<ul>\n<li>Fragebogen (gel\u00f6scht)<\/li>\n<\/ul>\n<p>Den ausgef\u00fcllten Fragebogen reichen Sie bei der Gemeinde Postm\u00fcnster, Hauptstr. 23, 84389 Postm\u00fcnster, Fax 0 85 61 \/ 98 49-29, E-Mail: poststelle@postmuenster.de ein.<\/p>\n<p><strong>Abgabefristen:<\/strong><\/p>\n<p>Die ausgef\u00fcllten Frageb\u00f6gen m\u00fcssen rechtzeitig vor den Gemeinderatssitzungen bei der Gemeinde Postm\u00fcnster eingegangen sein (per Post, Fax oder E-Mail).<br \/>\nSitzungstermine: an jedem zweiten Dienstag im Monat (keine Sitzung im August)<\/p>\n<p>&nbsp;<\/p>\n<p><img loading=\"lazy\" decoding=\"async\" class=\"aligncenter wp-image-7775 size-full\" src=\"https:\/\/www.postmuenster.de\/wp-content\/uploads\/2021\/10\/christanger2.gif\" alt=\"\" width=\"784\" height=\"683\" \/><\/p>\n<p style=\"text-align: center;\">Stand: 10.10.2024 &#8211; Alle Bauparzellen vergeben<\/p>\n<p>&nbsp;<\/p>\n<p>&nbsp;<\/p>\n<h2>Baugebiet WA Stegm\u00fchle<\/h2>\n<div id=\"attachment_7058\" style=\"width: 282px\" class=\"wp-caption alignright\"><img loading=\"lazy\" decoding=\"async\" aria-describedby=\"caption-attachment-7058\" class=\"wp-image-7058 size-medium\" src=\"https:\/\/www.postmuenster.de\/wp-content\/uploads\/2019\/10\/BP-Stegmuehle-272x300.jpg\" alt=\"\" width=\"272\" height=\"300\" srcset=\"https:\/\/www.postmuenster.de\/wp-content\/uploads\/2019\/10\/BP-Stegmuehle-272x300.jpg 272w, https:\/\/www.postmuenster.de\/wp-content\/uploads\/2019\/10\/BP-Stegmuehle.jpg 781w\" sizes=\"auto, (max-width: 272px) 100vw, 272px\" \/><p id=\"caption-attachment-7058\" class=\"wp-caption-text\">Baugebiet WA Stegm\u00fchle<\/p><\/div>\n<p><span style=\"color: #800000;\"><strong>Alle Bauparzellen sind aktuell vergeben!<\/strong><\/span><\/p>\n<p>Am Ortsrand von Postm\u00fcnster direkt am Rottauenweg liegt das Baugebiet WA Stegm\u00fchle. Hier befinden sich in bevorzugter und ebener Lage f\u00fcnf Bauparzellen mit Grundst\u00fccksgr\u00f6\u00dfen von ca. 700 bis 900 m\u00b2. Ab sofort kann man sich auf die Grundst\u00fccke bewerben.<\/p>\n<p><strong>Hier finden Sie alle wichtigen Informationen:<\/strong><\/p>\n<ul>\n<li>G\u00fcltiger Bebauungsplan: <a href=\"https:\/\/www.postmuenster.de\/download\/Bebauungsplan-Stegmuehle.pdf\" target=\"_blank\" rel=\"noopener noreferrer\">Download PDF<\/a><\/li>\n<li>Parzellenplan mit Grundst\u00fcckspreisen: <a href=\"https:\/\/www.postmuenster.de\/wp-content\/uploads\/2019\/10\/Stegmuehle-Preise-Parzellenplan.pdf\" target=\"_blank\" rel=\"noopener noreferrer\">Download PDF<\/a><\/li>\n<li>Bauzwang: innerhalb 3 Jahren<\/li>\n<\/ul>\n<p><strong>Vergabemodus:<\/strong><\/p>\n<p>Die Vergabe der Grundst\u00fccke erfolgt mittels eines Bewerberverfahrens durch Vergabebeschluss des Gemeinderates. Interessenten k\u00f6nnen sich mit folgendem Fragebogen bewerben: [Fragebogen gel\u00f6scht]<\/p>\n<p>Den ausgef\u00fcllten Fragebogen reichen Sie bei der Gemeinde Postm\u00fcnster, Hauptstr. 23, 84389 Postm\u00fcnster, Fax 0 85 61 \/ 98 49-29, E-Mail: poststelle@postmuenster.de ein.<\/p>\n<p><strong>Abgabefristen:<\/strong><\/p>\n<p>Die ausgef\u00fcllten Frageb\u00f6gen m\u00fcssen bis sp\u00e4testens &#8230; der Gemeinde vorliegen.<\/p>\n<p>&nbsp;<\/p>\n<p><img loading=\"lazy\" decoding=\"async\" class=\"aligncenter wp-image-7053 size-full\" src=\"https:\/\/www.postmuenster.de\/wp-content\/uploads\/2019\/10\/stegmuehle.gif\" alt=\"\" width=\"545\" height=\"824\" \/><\/p>\n<p style=\"text-align: center;\">14.10.2022: Alle Parzellen vergeben<\/p>\n<p>&nbsp;<\/p>\n<p>&nbsp;<\/p>\n<p>&nbsp;<\/p>\n<h2><\/h2>\n<h2>Baugebiet WA Waldh\u00f6he<\/h2>\n<div id=\"attachment_4335\" style=\"width: 310px\" class=\"wp-caption alignright\"><a href=\"https:\/\/www.postmuenster.de\/wp-content\/uploads\/2016\/05\/Baugebiet-Waldhoehe.jpg\" data-lbwps-width=\"2000\" data-lbwps-height=\"1333\" data-lbwps-srcsmall=\"https:\/\/www.postmuenster.de\/wp-content\/uploads\/2016\/05\/Baugebiet-Waldhoehe.jpg\"><img loading=\"lazy\" decoding=\"async\" aria-describedby=\"caption-attachment-4335\" class=\"wp-image-4335 size-medium\" src=\"https:\/\/www.postmuenster.de\/wp-content\/uploads\/2016\/05\/Baugebiet-Waldhoehe-300x200.jpg\" alt=\"Baugebiet-Waldhoehe\" width=\"300\" height=\"200\" srcset=\"https:\/\/www.postmuenster.de\/wp-content\/uploads\/2016\/05\/Baugebiet-Waldhoehe-300x200.jpg 300w, https:\/\/www.postmuenster.de\/wp-content\/uploads\/2016\/05\/Baugebiet-Waldhoehe-1024x682.jpg 1024w, https:\/\/www.postmuenster.de\/wp-content\/uploads\/2016\/05\/Baugebiet-Waldhoehe.jpg 2000w\" sizes=\"auto, (max-width: 300px) 100vw, 300px\" \/><\/a><p id=\"caption-attachment-4335\" class=\"wp-caption-text\">Spatenstich im Baugebiet Waldh\u00f6he<\/p><\/div>\n<p><span style=\"color: #800000;\"><strong>Bauparzelle 1 verf\u00fcgbar!<\/strong><\/span><\/p>\n<p>Zwischen Schuldholzing\/Pfarrkirchen und Postm\u00fcnster im Ortsteil Afterhausen liegt das Baugebiet Waldh\u00f6he. Hier befinden sich an einem Nordhang 23 Bauparzellen mit Grundst\u00fccksgr\u00f6\u00dfen zwischen 600 \u2013 800 m\u00b2 und sch\u00f6nem Weitblick ins Rottal.<\/p>\n<p><strong>Hier finden Sie alle wichtigen Informationen:<\/strong><\/p>\n<ul>\n<li>G\u00fcltiger Bebauungsplan (WA Waldh\u00f6he: <a href=\"\/wp-content\/uploads\/2016\/05\/Waldhoehe_Raster.pdf\" target=\"_blank\" rel=\"noopener noreferrer\">Rasterbild<\/a>, <a href=\"\/wp-content\/uploads\/2016\/05\/Waldhoehe_Text.pdf\" target=\"_blank\" rel=\"noopener noreferrer\">textl. Festsetzungen<\/a>)<\/li>\n<li>Parzellenplan mit Grundst\u00fcckspreisen: <a href=\"\/wp-content\/uploads\/2016\/05\/Parzellenplan-Preise-Waldhoehe.pdf\" target=\"_blank\" rel=\"noopener noreferrer\">Download PDF<\/a><\/li>\n<li>F\u00f6rderprogramm f\u00fcr Familien: <a href=\"\/wp-content\/uploads\/2016\/05\/Foerderprogramm-Familien.pdf\" target=\"_blank\" rel=\"noopener noreferrer\">Download PDF<\/a><\/li>\n<li>Bauzwang: innerhalb 3 Jahren<\/li>\n<li>Preise: <a href=\"\/wp-content\/uploads\/2016\/05\/Grundstueckspreise.pdf\" target=\"_blank\" rel=\"noopener noreferrer\">Download PDF<\/a><\/li>\n<\/ul>\n<p><strong>Vergabemodus:<\/strong><\/p>\n<p>Die Vergabe der Grundst\u00fccke erfolgt mittels eines Bewerberverfahrens durch Vergabebeschluss des Gemeinderates. Interessenten k\u00f6nnen sich mit folgendem Fragebogen bewerben:<\/p>\n<ul>\n<li><a href=\"https:\/\/www.postmuenster.de\/wp-content\/uploads\/2016\/05\/Fragebogen.pdf\" target=\"_blank\" rel=\"noopener\">Fragebogen f\u00fcr Kaufbewerber<\/a><\/li>\n<\/ul>\n<p>Den ausgef\u00fcllten Fragebogen reichen Sie bei der Gemeinde Postm\u00fcnster, Hauptstr. 23, 84389 Postm\u00fcnster ein.<\/p>\n<p><strong>Abgabefristen:<\/strong><\/p>\n<p>Die ausgef\u00fcllten Frageb\u00f6gen m\u00fcssen rechtzeitig vor den Gemeinderatssitzungen der Gemeinde vorliegen.<br \/>\nSitzungstermine: an jedem zweiten Dienstag\u00a0im Monat (keine Sitzung im August)<\/p>\n<p>&nbsp;<\/p>\n<p><img loading=\"lazy\" decoding=\"async\" class=\"aligncenter wp-image-4285 size-full\" src=\"https:\/\/www.postmuenster.de\/wp-content\/uploads\/2016\/05\/waldhoehe.gif\" alt=\"waldhoehe\" width=\"545\" height=\"902\" \/><\/p>\n<p style=\"text-align: center;\">Hinweis: Die rot ausgestrichenen Parzellen sind bereits vergeben, Bauparzelle 1 steht zum Verkauf.<\/p>\n<p>&nbsp;<\/p>\n<p>&nbsp;<\/p>\n<p>&nbsp;<\/p>\n<h2>Eingeschr\u00e4nktes Gewerbegebiet Niedermeierfeld<\/h2>\n<div id=\"attachment_5852\" style=\"width: 310px\" class=\"wp-caption alignright\"><a href=\"https:\/\/www.postmuenster.de\/wp-content\/uploads\/2016\/05\/Niedermeierfeld-Spatenstich.jpg\" data-lbwps-width=\"3648\" data-lbwps-height=\"2736\" data-lbwps-srcsmall=\"https:\/\/www.postmuenster.de\/wp-content\/uploads\/2016\/05\/Niedermeierfeld-Spatenstich.jpg\"><img loading=\"lazy\" decoding=\"async\" aria-describedby=\"caption-attachment-5852\" class=\"wp-image-5852 size-medium\" src=\"https:\/\/www.postmuenster.de\/wp-content\/uploads\/2016\/05\/Niedermeierfeld-Spatenstich-300x225.jpg\" alt=\"\" width=\"300\" height=\"225\" srcset=\"https:\/\/www.postmuenster.de\/wp-content\/uploads\/2016\/05\/Niedermeierfeld-Spatenstich-300x225.jpg 300w, https:\/\/www.postmuenster.de\/wp-content\/uploads\/2016\/05\/Niedermeierfeld-Spatenstich-1024x768.jpg 1024w\" sizes=\"auto, (max-width: 300px) 100vw, 300px\" \/><\/a><p id=\"caption-attachment-5852\" class=\"wp-caption-text\">Spatenstich im GEe Niedermeierfeld<\/p><\/div>\n<p><span style=\"color: #800000;\"><strong>Alle Bauparzellen sind aktuell vergeben!<\/strong><\/span><\/p>\n<p>Direkt an der Kreisstra\u00dfe PAN17 in unmittelbarer N\u00e4he zur Bundesstra\u00dfe B388 (beim Bahn\u00fcbergang Schalldorf) liegt das eingeschr\u00e4nkte Gewerbegebiet Niedermeierfeld. Es stehen hier 6 Bauparzellen mit Grundst\u00fccksgr\u00f6\u00dfen zwischen ca. 1500 \u2013 2350 m\u00b2 f\u00fcr gewerbliche Baut\u00e4tigkeit zur Verf\u00fcgung.<\/p>\n<p>Es handelt sich um eingeschr\u00e4nktes Gewerbegebiet, d.h. zul\u00e4ssig sind Gewerbebetriebe aller Art, Lagerh\u00e4user, Lagerpl\u00e4tze und \u00f6ffentliche Betriebe, Gesch\u00e4fts-, B\u00fcro- und Verwaltungsgeb\u00e4ude, Tankstellen und Anlagen f\u00fcr sportliche Zwecke. Ausnahmsweise zul\u00e4ssig sind Betriebswohnungen \/ Betriebswohnh\u00e4user f\u00fcr Aufsichts- und Bereitschaftspersonen sowie f\u00fcr Betriebsinhaber und Betriebsleiter, die dem Gewerbebetrieb zugeordnet und ihm gegen\u00fcber in Grundfl\u00e4che und Baumasse untergeordnet sind. Die Wandh\u00f6he der Hauptgeb\u00e4ude darf max. 8 m betragen. Es sind max. zwei Vollgeschosse zul\u00e4ssig.<\/p>\n<p><strong>Hier finden Sie alle wichtigen Informationen:<\/strong><\/p>\n<ul>\n<li>G\u00fcltiger Bebauungsplan (GEe Niedermeierfeld: <a href=\"http:\/\/www.postmuenster.de\/download\/Niedermeierfeld_Raster.pdf\" target=\"_blank\" rel=\"noopener noreferrer\">Rasterbild<\/a>, <a href=\"http:\/\/www.postmuenster.de\/download\/Niedermeierfeld_Text.pdf\" target=\"_blank\" rel=\"noopener noreferrer\">textl. Festsetzungen<\/a>)<\/li>\n<li>Bauzwang: innerhalb 3 Jahren<\/li>\n<\/ul>\n<p style=\"text-align: center;\"><img loading=\"lazy\" decoding=\"async\" class=\"aligncenter wp-image-5856 size-full\" src=\"https:\/\/www.postmuenster.de\/wp-content\/uploads\/2016\/05\/Niedermeierfeld.gif\" alt=\"\" width=\"618\" height=\"805\" \/><\/p>\n<p style=\"text-align: center;\">Hinweis: Die rot ausgestrichenen Parzellen sind bereits vergeben.<\/p>\n<p>&nbsp;<\/p>\n<p>&nbsp;<\/p>\n<h2>Bebauungspl\u00e4ne online abrufbar<\/h2>\n<div id=\"attachment_4342\" style=\"width: 310px\" class=\"wp-caption alignright\"><img loading=\"lazy\" decoding=\"async\" aria-describedby=\"caption-attachment-4342\" class=\"wp-image-4342 size-medium\" src=\"https:\/\/www.postmuenster.de\/wp-content\/uploads\/2016\/05\/Ausschnitt-Geoportal-300x162.jpg\" alt=\"Ausschnitt-Geoportal\" width=\"300\" height=\"162\" srcset=\"https:\/\/www.postmuenster.de\/wp-content\/uploads\/2016\/05\/Ausschnitt-Geoportal-300x162.jpg 300w, https:\/\/www.postmuenster.de\/wp-content\/uploads\/2016\/05\/Ausschnitt-Geoportal-1024x553.jpg 1024w, https:\/\/www.postmuenster.de\/wp-content\/uploads\/2016\/05\/Ausschnitt-Geoportal.jpg 1680w\" sizes=\"auto, (max-width: 300px) 100vw, 300px\" \/><p id=\"caption-attachment-4342\" class=\"wp-caption-text\">Bebauungspl\u00e4ne bequem online abrufen<\/p><\/div>\n<p>Die Bebauungspl\u00e4ne der Gemeinde Postm\u00fcnster mit den textlichen Festsetzungen k\u00f6nnen online abgerufen werden! Gehen Sie hierzu auf: <a href=\"http:\/\/geoportal.bayern.de\/bayernatlas\/?bgLayer=atkis_sw&amp;topic=pl_bau&amp;X=5365092.52&amp;Y=4566493.27&amp;zoom=10&amp;lang=de&amp;layers=43df73e1-e2be-4034-83da-791f716fc394,26d2b2b8-3944-4a49-aec2-59f827d9aa9e\" target=\"_blank\" rel=\"noopener noreferrer\">geoportal.bayern.de\/bauleitplanungauskunft<\/a> Sie gelangen so zur \u00dcbersichtskarte mit einem Teilausschnitt von Postm\u00fcnster. Dort sind die Bebauungsplangebiete gelb eingezeichnet; mit einem Klick darauf erscheinen alle Informationen zum Bebauungsplan sowie Downloadlinks.<\/p>\n<p>&nbsp;<\/p>\n<p>&nbsp;<\/p>\n<h2>Hausnummerierung<\/h2>\n<p>Die Hausnummernzuteilung erfolgt durch die Gemeinde <a href=\"http:\/\/www.postmuenster.de\/wp-content\/uploads\/2016\/06\/Satzung-Strassenbenennung-Hausnummern.pdf\" target=\"_blank\" rel=\"noopener noreferrer\">auf Grundlage der bestehenden Satzung<\/a>. Die Hausnummernschilder werden zentral und einheitlich (blauer Grund \/ wei\u00dfe Schrift) von der Gemeinde zum Preis von ca. 30 Euro\/St\u00fcck beschafft und k\u00f6nnen nach vorheriger R\u00fccksprache im Rathaus abgeholt werden.<\/p>\n","protected":false},"excerpt":{"rendered":"<p>Verwirklichen Sie doch Ihren Traum vom Eigenheim in Postm\u00fcnster! Folgende Baugrundst\u00fccke k\u00f6nnen direkt von der Gemeinde Postm\u00fcnster erworben werden: &nbsp; Aktuelle Situation Aktuell stehen von der Gemeinde Postm\u00fcnster im Baugebiet &#8222;Am Kandlfeld II&#8220; in Neuhofen und Baugebiet &#8222;WA Waldh\u00f6he&#8220; Parzellen zum Verkauf. &nbsp; Baugebiet WA Am Kandlfeld \u2161 S\u00fcdlich an das bestehende Baugebiet &#8222;Am Kandlfeld&#8220; [&hellip;]<\/p>\n","protected":false},"author":11,"featured_media":0,"parent":3936,"menu_order":8,"comment_status":"closed","ping_status":"closed","template":"page-full.php","meta":{"footnotes":""},"class_list":["post-3979","page","type-page","status-publish","hentry"],"publishpress_future_action":{"enabled":false,"date":"2026-04-23 04:24:46","action":"change-status","newStatus":"draft","terms":[],"taxonomy":"","extraData":[]},"publishpress_future_workflow_manual_trigger":{"enabledWorkflows":[]},"_links":{"self":[{"href":"https:\/\/www.postmuenster.de\/index.php?rest_route=\/wp\/v2\/pages\/3979","targetHints":{"allow":["GET"]}}],"collection":[{"href":"https:\/\/www.postmuenster.de\/index.php?rest_route=\/wp\/v2\/pages"}],"about":[{"href":"https:\/\/www.postmuenster.de\/index.php?rest_route=\/wp\/v2\/types\/page"}],"author":[{"embeddable":true,"href":"https:\/\/www.postmuenster.de\/index.php?rest_route=\/wp\/v2\/users\/11"}],"replies":[{"embeddable":true,"href":"https:\/\/www.postmuenster.de\/index.php?rest_route=%2Fwp%2Fv2%2Fcomments&post=3979"}],"version-history":[{"count":111,"href":"https:\/\/www.postmuenster.de\/index.php?rest_route=\/wp\/v2\/pages\/3979\/revisions"}],"predecessor-version":[{"id":9330,"href":"https:\/\/www.postmuenster.de\/index.php?rest_route=\/wp\/v2\/pages\/3979\/revisions\/9330"}],"up":[{"embeddable":true,"href":"https:\/\/www.postmuenster.de\/index.php?rest_route=\/wp\/v2\/pages\/3936"}],"wp:attachment":[{"href":"https:\/\/www.postmuenster.de\/index.php?rest_route=%2Fwp%2Fv2%2Fmedia&parent=3979"}],"curies":[{"name":"wp","href":"https:\/\/api.w.org\/{rel}","templated":true}]}}