{"id":3983,"date":"2016-05-03T11:22:18","date_gmt":"2016-05-03T09:22:18","guid":{"rendered":"http:\/\/wordpress.postmuenster.de\/?page_id=3983"},"modified":"2025-04-28T08:42:27","modified_gmt":"2025-04-28T06:42:27","slug":"vereine-verbaende","status":"publish","type":"page","link":"https:\/\/www.postmuenster.de\/?page_id=3983","title":{"rendered":"Vereine &#038; Verb\u00e4nde"},"content":{"rendered":"<p>Eine Vielzahl von Vereinen und Verb\u00e4nden bereichern unser Dorfleben. Den jeweiligen Ansprechpartner erfahren Sie hier:<\/p>\n<p>&nbsp;<\/p>\n<p><strong>Bauernhilfsverein<\/strong> \u00b7 Vorsitzender: Hubert Bruckmeier \u00b7 Telefon: 08561 \/ 1065<\/p>\n<p><strong>BBV Gangerbauer und Postm\u00fcnster<\/strong> \u00b7 Vorsitzende: Max Grashuber jun. \u00b7 Telefon: 08561 \/ 8193 \/ Hildegard Lagleder \u00b7 Telefon: 08561 \/ 3952<\/p>\n<p><strong>BBV Neuhofen<\/strong> \u00b7 Vorsitzender: Martin Rieger \u00b7 Telefon: 08726 \/ 534<\/p>\n<p><strong>BBV Schalldorf<\/strong> \u00b7 Vorsitzender: Johann Wochinger \u00b7 Telefon: 08561 \/ 4968<\/p>\n<p><strong>B\u00dcNDNIS 90\/DIE GR\u00dcNEN Ortsverband Postm\u00fcnster<\/strong> \u00b7 Vorsitzender: Stefan Haug \u00b7 Telefon: 08726 \/ 910006<\/p>\n<p><strong>CSU Postm\u00fcnster<\/strong> \u00b7 Vorsitzender: Stefan H\u00f6lzlwimmer \u00b7 Telefon: 0157 \/ 58784437<\/p>\n<p><strong>Faschingsfreunde Postm\u00fcnster e.V.<\/strong> \u00b7 Vorsitzender: Reinhold Sigl \u00b7 Telefon: 0151 \/ 25683785<\/p>\n<p><strong>FFW Gangerbauer<\/strong> \u00b7 Vorsitzender: Alfred Kritzenberger \u00b7 Telefon: 08561 \/ 6702<\/p>\n<p><strong>FFW Neuhofen<\/strong> \u00b7 Vorsitzender: Tobias Braun \u00b7 Telefon: 0175 \/ 5445111<\/p>\n<p><strong>FFW Postm\u00fcnster<\/strong> \u00b7 Vorsitzender: Alois Rothmeier jun. \u00b7 Telefon: 0171 \/ 9523710<\/p>\n<p><strong>FFW Schalldorf<\/strong> \u00b7 Vorsitzender: Franz Enggruber jun. \u00b7 Telefon: 08561 \/ 983374<\/p>\n<p><strong>Gartenbauverein<\/strong> \u00b7 Vorsitzender: Johann Altmannsberger \u00b7 Telefon: 08561 \/ 3442<\/p>\n<p><strong>Kath. Frauenbund Neuhofen<\/strong> \u00b7 Vorsitzende: Renate Braun \u00b7 Telefon: 08726 \/ 1382<\/p>\n<p><strong>Kath. Frauenverein Postm\u00fcnster<\/strong> \u00b7 Vorsitzende: Beate Kainzlsperger \u00b7 Telefon: 08561 \/ 4314<\/p>\n<p><strong>KLJB Neuhofen<\/strong> \u00b7 Vorsitzender: Josef Schnell \u00b7 Telefon: 08726 \/ 452<\/p>\n<p><strong>KLJB Postm\u00fcnster <\/strong>\u00b7 Vorsitzender: Reinhard Neuwirth \u00b7 Telefon: 08561 \/ 3309<\/p>\n<p><strong>KSK Neuhofen<\/strong> \u00b7 Vorsitzender: Siegmund K\u00fchbeck \u00b7 Telefon: 08726 \/ 245<\/p>\n<p><strong>KSRK Postm\u00fcnster<\/strong> \u00b7 Vorsitzender: Leopold Rauch \u00b7 Telefon: 08561 \/ 4306<\/p>\n<p><strong>Landsmannschaft der Siebenb\u00fcrger Sachsen &#8211; Kreisverband Pfarrkirchen\/Rottal-Inn<\/strong> \u00b7 Vorsitzende: Ilse G\u00e4rtner \u00b7 Telefon: 08561 \/ 989473<\/p>\n<p><strong>Luftsportclub <\/strong>\u00b7 Vorsitzender: Hans Mittermeier \u00b7 Telefon: 08561 \/ 8784 (Flugplatz)<\/p>\n<p><strong>Privatunterst\u00fctzungsverein Gangerbauer <\/strong>\u00b7 Vorsitzender: Josef F\u00fcrstberger \u00b7 Telefon: 08561 \/ 1308<\/p>\n<p><strong>Ro\u00dferer Postm\u00fcnster<\/strong> \u00b7 Vorsitzende: Marianne Traunspurger \u00b7 Telefon: 08561 \/ 4484<\/p>\n<p><strong>Rotes Kreuz Neuhofen<\/strong> \u00b7 Vorsitzender: Franz Stockner \u00b7 Telefon: 08726 \/ 760<\/p>\n<p><strong>Verein f\u00fcr Deutsche Sch\u00e4ferhunde (SV) Ortsgruppe Postm\u00fcnster-Pfarrkirchen e. V.<\/strong> \u00b7 Vorsitzende: Sibylle H\u00e4user<\/p>\n<p><strong>Seniorenclub Neuhofen<\/strong> \u00b7 Vorsitzende: Gundelinde Wochinger \u00b7 Telefon: 08561 \/ 8779<\/p>\n<p><strong>Seniorenclub Postm\u00fcnster<\/strong> \u00b7 Vorsitzende: Sonja F\u00f6rg-Rohrmoser \u00b7 Telefon: 0151 \/ 61226656<\/p>\n<p><strong>Sonnwendfreunde Schalldorf e.V.<\/strong> \u00b7 Vorsitzender: Andreas Huber \u00b7 Telefon: 0159 \/ 02231209<\/p>\n<p><strong>SPD Postm\u00fcnster<\/strong> \u00b7 Vorsitzender: Philipp Konrad \u00b7 Telefon: 08561 \/ 910999<\/p>\n<p><strong>TSG Postm\u00fcnster<\/strong> \u00b7 Vorsitzender: Franz Pr\u00e4hofer \u00b7 Telefon: 08561 \/ 4632<\/p>\n<p><strong>TuS Neuhofen<\/strong> \u00b7 Vorsitzender: Andreas Brandl \u00b7 Telefon: 08726 \/ 9676072<\/p>\n<p><strong>VdK Postm\u00fcnster<\/strong> \u00b7 Vorsitzender: Alois Rothmeier sen. \u00b7 Telefon: 08561 \/ 6261<\/p>\n<p><strong>Wasserwacht<\/strong> \u00b7 Vorsitzende: Sabine Seitl \u00b7 Telefon: 08561 \/ 989119<\/p>\n","protected":false},"excerpt":{"rendered":"<p>Eine Vielzahl von Vereinen und Verb\u00e4nden bereichern unser Dorfleben. Den jeweiligen Ansprechpartner erfahren Sie hier: &nbsp; Bauernhilfsverein \u00b7 Vorsitzender: Hubert Bruckmeier \u00b7 Telefon: 08561 \/ 1065 BBV Gangerbauer und Postm\u00fcnster \u00b7 Vorsitzende: Max Grashuber jun. \u00b7 Telefon: 08561 \/ 8193 \/ Hildegard Lagleder \u00b7 Telefon: 08561 \/ 3952 BBV Neuhofen \u00b7 Vorsitzender: Martin Rieger \u00b7 [&hellip;]<\/p>\n","protected":false},"author":11,"featured_media":0,"parent":3936,"menu_order":6,"comment_status":"closed","ping_status":"closed","template":"page-full.php","meta":{"footnotes":""},"class_list":["post-3983","page","type-page","status-publish","hentry"],"publishpress_future_action":{"enabled":false,"date":"2026-04-29 16:45:14","action":"change-status","newStatus":"draft","terms":[],"taxonomy":"","extraData":[]},"publishpress_future_workflow_manual_trigger":{"enabledWorkflows":[]},"_links":{"self":[{"href":"https:\/\/www.postmuenster.de\/index.php?rest_route=\/wp\/v2\/pages\/3983","targetHints":{"allow":["GET"]}}],"collection":[{"href":"https:\/\/www.postmuenster.de\/index.php?rest_route=\/wp\/v2\/pages"}],"about":[{"href":"https:\/\/www.postmuenster.de\/index.php?rest_route=\/wp\/v2\/types\/page"}],"author":[{"embeddable":true,"href":"https:\/\/www.postmuenster.de\/index.php?rest_route=\/wp\/v2\/users\/11"}],"replies":[{"embeddable":true,"href":"https:\/\/www.postmuenster.de\/index.php?rest_route=%2Fwp%2Fv2%2Fcomments&post=3983"}],"version-history":[{"count":33,"href":"https:\/\/www.postmuenster.de\/index.php?rest_route=\/wp\/v2\/pages\/3983\/revisions"}],"predecessor-version":[{"id":9210,"href":"https:\/\/www.postmuenster.de\/index.php?rest_route=\/wp\/v2\/pages\/3983\/revisions\/9210"}],"up":[{"embeddable":true,"href":"https:\/\/www.postmuenster.de\/index.php?rest_route=\/wp\/v2\/pages\/3936"}],"wp:attachment":[{"href":"https:\/\/www.postmuenster.de\/index.php?rest_route=%2Fwp%2Fv2%2Fmedia&parent=3983"}],"curies":[{"name":"wp","href":"https:\/\/api.w.org\/{rel}","templated":true}]}}