{"id":3987,"date":"2016-05-03T11:23:44","date_gmt":"2016-05-03T09:23:44","guid":{"rendered":"http:\/\/wordpress.postmuenster.de\/?page_id=3987"},"modified":"2025-11-18T09:12:07","modified_gmt":"2025-11-18T08:12:07","slug":"ortsrecht","status":"publish","type":"page","link":"https:\/\/www.postmuenster.de\/?page_id=3987","title":{"rendered":"Ortsrecht"},"content":{"rendered":"<p>Hier finden Sie die Satzungen und Verordnungen der Gemeinde Postm\u00fcnster zum Herunterladen:<\/p>\n<p>&nbsp;<\/p>\n<h2><u>Satzungen:<\/u><\/h2>\n<ul>\n<li><a href=\"https:\/\/www.postmuenster.de\/wp-content\/uploads\/2025\/11\/Hundesteuersatzung.pdf\" target=\"_blank\" rel=\"noopener\">Satzung f\u00fcr die Erhebung einer Hundesteuer<\/a> (<a href=\"http:\/\/www.postmuenster.de\/wp-content\/uploads\/2016\/05\/Anmeldung-eines-Hundes.pdf\" target=\"_blank\" rel=\"noopener\">Download Anmeldeformular<\/a>)<\/li>\n<li><a href=\"https:\/\/www.postmuenster.de\/wp-content\/uploads\/2021\/04\/Erschliessungsbeitragssatzung-2021.pdf\" target=\"_blank\" rel=\"noopener\">Erschlie\u00dfungsbeitragssatzung<\/a><\/li>\n<li><a href=\"\/wp-content\/uploads\/2016\/06\/Ausbaubeitragssatzung.pdf\" target=\"_blank\" rel=\"noopener\">Satzung f\u00fcr die Erhebung von Beitr\u00e4gen zur Deckung des Aufwands f\u00fcr die Herstellung, Anschaffung, Verbesserung oder Erneuerung von Stra\u00dfen, Wegen, Pl\u00e4tzen, Parkpl\u00e4tzen, Gr\u00fcnanlagen und Kinderspielpl\u00e4tzen in der Gemeinde Postm\u00fcnster (Ausbaubeitragssatzung \u2013 ABS)<\/a><\/li>\n<li><a href=\"\/wp-content\/uploads\/2016\/06\/Satzung-Kleineinleiter.pdf\" target=\"_blank\" rel=\"noopener\">Satzung f\u00fcr die Erhebung einer Kommunalabgabe zur Abw\u00e4lzung der Abwasserabgabe<\/a><\/li>\n<li><a href=\"https:\/\/www.postmuenster.de\/wp-content\/uploads\/2021\/04\/Entwaesserungssatzung-2021.pdf\" target=\"_blank\" rel=\"noopener\">Entw\u00e4sserungssatzung (EWS) der Gemeinde Postm\u00fcnster<\/a><br \/>\n+ <a href=\"\/wp-content\/uploads\/2016\/06\/BGS.pdf\" target=\"_blank\" rel=\"noopener\">Geb\u00fchrensatzung<\/a><br \/>\n+\u00a0 <a href=\"https:\/\/www.postmuenster.de\/wp-content\/uploads\/2022\/01\/6.Aenderungssatzung-Kanalbenutzungsgebuehren.pdf\" target=\"_blank\" rel=\"noopener\">6. \u00c4nderungssatzung zur Geb\u00fchrensatzung (g\u00fcltig ab 01.01.2020)<\/a><br \/>\n+\u00a0 <a href=\"https:\/\/www.postmuenster.de\/wp-content\/uploads\/2023\/12\/7.Aenderungssatzung-Kanalbenutzungsgebuehren.pdf\" target=\"_blank\" rel=\"noopener\">7. \u00c4nderungssatzung zur Geb\u00fchrensatzung (g\u00fcltig ab 01.01.2024)<\/a><\/li>\n<li><a href=\"\/wp-content\/uploads\/2016\/06\/Verwaltungskostensatzung.pdf\" target=\"_blank\" rel=\"noopener\">Satzung \u00fcber die Erhebung von Verwaltungskosten im eigenen Wirkungskreis<\/a><\/li>\n<li><a href=\"https:\/\/www.postmuenster.de\/wp-content\/uploads\/2024\/11\/Hebesatzsatzung.pdf\" target=\"_blank\" rel=\"noopener\">Satzung \u00fcber die Festsetzung der Grundsteuerhebes\u00e4tze (Hebesatzsatzung)<\/a><\/li>\n<li><a href=\"https:\/\/www.postmuenster.de\/wp-content\/uploads\/2025\/06\/Friedhofssatzung-2025.pdf\" target=\"_blank\" rel=\"noopener\">Satzung der Gemeinde Postm\u00fcnster \u00fcber die Benutzung der gemeindlichen Bestattungseinrichtungen<\/a><br \/>\n+ <a href=\"https:\/\/www.postmuenster.de\/wp-content\/uploads\/2025\/06\/Friedhofsgebuehrensatzung-2025.pdf\" target=\"_blank\" rel=\"noopener\">Geb\u00fchrensatzung<\/a><\/li>\n<li><a href=\"\/wp-content\/uploads\/2016\/06\/Feuerwehrsatzung.pdf\" target=\"_blank\" rel=\"noopener\">Satzung f\u00fcr die Freiwilligen Feuerwehren<\/a><\/li>\n<li><a href=\"\/wp-content\/uploads\/2016\/06\/Satzung-Strassenbenennung-Hausnummern.pdf\" target=\"_blank\" rel=\"noopener\">Satzung \u00fcber Stra\u00dfenbenennung und Hausnummerierung<\/a><\/li>\n<li><a href=\"https:\/\/www.postmuenster.de\/wp-content\/uploads\/2025\/10\/Stellplatzsatzung.pdf\" target=\"_blank\" rel=\"noopener\">Satzung zur Einf\u00fchrung einer Pflicht zum Nachweis von Stellpl\u00e4tzen f\u00fcr Kraftfahrzeuge (Stellplatzsatzung)<\/a><\/li>\n<li><a href=\"\/wp-content\/uploads\/2016\/06\/Archivsatzung.pdf\" target=\"_blank\" rel=\"noopener\">Satzung der Gemeinde Postm\u00fcnster \u00fcber Aufgaben und Ben\u00fctzung des Gemeindearchivs<\/a><\/li>\n<li><a href=\"http:\/\/geoportal.bayern.de\/bayernatlas\/?bgLayer=atkis_sw&amp;topic=pl_bau&amp;X=5365092.52&amp;Y=4566493.27&amp;zoom=10&amp;lang=de&amp;layers=43df73e1-e2be-4034-83da-791f716fc394,26d2b2b8-3944-4a49-aec2-59f827d9aa9e\" target=\"_blank\" rel=\"noopener\">Bebauungspl\u00e4ne inkl. textlicher Festsetzungen<\/a><\/li>\n<\/ul>\n<p>&nbsp;<\/p>\n<h2><u>Verordnungen:<\/u><\/h2>\n<ul style=\"list-style-type: disc;\">\n<li><a href=\"\/wp-content\/uploads\/2016\/06\/Hundehaltungsverordnung-mit-Karte.pdf\" target=\"_blank\" rel=\"noopener\">Verordnung der Gemeinde Postm\u00fcnster zum Schutz der \u00d6ffentlichkeit vor Gefahren durch Hunde (Hundehaltungsverordnung &#8211; HVO)<\/a><\/li>\n<li><a href=\"https:\/\/www.postmuenster.de\/wp-content\/uploads\/2022\/10\/Verordnung-HauslaermV.pdf\" target=\"_blank\" rel=\"noopener\">Verordnung \u00fcber die Vermeidung ruhest\u00f6renden Hausl\u00e4rms der Gemeinde Postm\u00fcnster (Hausl\u00e4rmV)<\/a><\/li>\n<li><a href=\"https:\/\/www.postmuenster.de\/wp-content\/uploads\/2022\/10\/Plakatierungsverordnung.pdf\" target=\"_blank\" rel=\"noopener\">Verordnung \u00fcber das Anbringen von Anschl\u00e4gen und die Darstellung durch Bildwerfer in der \u00d6ffentlichkeit (Plakatierungsverordnung)<\/a><\/li>\n<li><a href=\"https:\/\/www.postmuenster.de\/wp-content\/uploads\/2021\/03\/2021-Verordnung-ueber-die-Reinhaltung-und-die-Reinigung-der-oeffentlichen-Strassen-und-die-Sicherung-der-Gehbahnen-im-Winter.pdf\" target=\"_blank\" rel=\"noopener\">Verordnung \u00fcber die Reinhaltung und die Reinigung der \u00f6ffentlichen Stra\u00dfen und die Sicherung der Gehbahnen im Winter<\/a><\/li>\n<\/ul>\n<p>&nbsp;<\/p>\n<p>Hinweis: Zum \u00d6ffnen und Speichern der Dateien ben\u00f6tigen Sie den Adobe Reader, welchen Sie <a href=\"https:\/\/get.adobe.com\/reader\/?loc=de\" target=\"_blank\" rel=\"noopener\">hier<\/a> kostenlos downloaden k\u00f6nnen.<\/p>\n","protected":false},"excerpt":{"rendered":"<p>Hier finden Sie die Satzungen und Verordnungen der Gemeinde Postm\u00fcnster zum Herunterladen: &nbsp; Satzungen: Satzung f\u00fcr die Erhebung einer Hundesteuer (Download Anmeldeformular) Erschlie\u00dfungsbeitragssatzung Satzung f\u00fcr die Erhebung von Beitr\u00e4gen zur Deckung des Aufwands f\u00fcr die Herstellung, Anschaffung, Verbesserung oder Erneuerung von Stra\u00dfen, Wegen, Pl\u00e4tzen, Parkpl\u00e4tzen, Gr\u00fcnanlagen und Kinderspielpl\u00e4tzen in der Gemeinde Postm\u00fcnster (Ausbaubeitragssatzung \u2013 ABS) [&hellip;]<\/p>\n","protected":false},"author":11,"featured_media":0,"parent":3936,"menu_order":7,"comment_status":"closed","ping_status":"closed","template":"page-full.php","meta":{"footnotes":""},"class_list":["post-3987","page","type-page","status-publish","hentry"],"publishpress_future_action":{"enabled":false,"date":"2026-05-05 15:58:26","action":"change-status","newStatus":"draft","terms":[],"taxonomy":"","extraData":[]},"publishpress_future_workflow_manual_trigger":{"enabledWorkflows":[]},"_links":{"self":[{"href":"https:\/\/www.postmuenster.de\/index.php?rest_route=\/wp\/v2\/pages\/3987","targetHints":{"allow":["GET"]}}],"collection":[{"href":"https:\/\/www.postmuenster.de\/index.php?rest_route=\/wp\/v2\/pages"}],"about":[{"href":"https:\/\/www.postmuenster.de\/index.php?rest_route=\/wp\/v2\/types\/page"}],"author":[{"embeddable":true,"href":"https:\/\/www.postmuenster.de\/index.php?rest_route=\/wp\/v2\/users\/11"}],"replies":[{"embeddable":true,"href":"https:\/\/www.postmuenster.de\/index.php?rest_route=%2Fwp%2Fv2%2Fcomments&post=3987"}],"version-history":[{"count":52,"href":"https:\/\/www.postmuenster.de\/index.php?rest_route=\/wp\/v2\/pages\/3987\/revisions"}],"predecessor-version":[{"id":9485,"href":"https:\/\/www.postmuenster.de\/index.php?rest_route=\/wp\/v2\/pages\/3987\/revisions\/9485"}],"up":[{"embeddable":true,"href":"https:\/\/www.postmuenster.de\/index.php?rest_route=\/wp\/v2\/pages\/3936"}],"wp:attachment":[{"href":"https:\/\/www.postmuenster.de\/index.php?rest_route=%2Fwp%2Fv2%2Fmedia&parent=3987"}],"curies":[{"name":"wp","href":"https:\/\/api.w.org\/{rel}","templated":true}]}}