{"id":3989,"date":"2016-05-03T11:26:01","date_gmt":"2016-05-03T09:26:01","guid":{"rendered":"http:\/\/wordpress.postmuenster.de\/?page_id=3989"},"modified":"2025-05-15T13:03:02","modified_gmt":"2025-05-15T11:03:02","slug":"links","status":"publish","type":"page","link":"https:\/\/www.postmuenster.de\/?page_id=3989","title":{"rendered":"Links"},"content":{"rendered":"<p>In diesem Verzeichnis haben wir interessante Webseiten rund um Postm\u00fcnster zusammengestellt.<\/p>\n<p>Schauen Sie doch auch mal dort vorbei:<\/p>\n<p>&nbsp;<\/p>\n<h2>Einrichtungen und Vereine<\/h2>\n<p>Christanger Heime und Kindergarten:\u00a0<a href=\"http:\/\/www.christanger.de\" target=\"_blank\" rel=\"noopener noreferrer\">www.christanger.de<\/a><\/p>\n<p>Christlich Freie W\u00e4hlergemeinschaft Postm\u00fcnster:\u00a0<a href=\"http:\/\/www.postmuenster.de\/CFWG\" target=\"_blank\" rel=\"noopener noreferrer\">www.postmuenster.de\/CFWG<\/a><\/p>\n<p>CSU Ortsverband Postm\u00fcnster: <a href=\"https:\/\/www.csu.de\/verbaende\/ov\/postmuenster\/\" target=\"_blank\" rel=\"noopener\">www.csu.de\/verbaende\/ov\/postmuenster<\/a><\/p>\n<p>Freiwillige Feuerwehr Postm\u00fcnster: <a href=\"http:\/\/postmuenster.feuerwehren.bayern\" target=\"_blank\" rel=\"noopener noreferrer\">postmuenster.feuerwehren.bayern<\/a><\/p>\n<p>Grundschule Postm\u00fcnster: <a href=\"http:\/\/www.vs-postmuenster.de\" target=\"_blank\" rel=\"noopener noreferrer\">www.vs-postmuenster.de<\/a><\/p>\n<p>SPD Ortsverein Postm\u00fcnster:\u00a0<a href=\"https:\/\/www.postmuenster.de\/spdneu\/\" target=\"_blank\" rel=\"noopener noreferrer\">www.postmuenster.de\/spdneu<\/a><\/p>\n<p>TSG-Postm\u00fcnster:\u00a0<a href=\"http:\/\/www.tsg-postmuenster.de\" target=\"_blank\" rel=\"noopener noreferrer\">www.tsg-postmuenster.de<\/a><\/p>\n<p>VDK Ortsverband Postm\u00fcnster: <a href=\"http:\/\/www.vdk.de\/ov-postmuenster\/\" target=\"_blank\" rel=\"noopener noreferrer\">www.vdk.de\/ov-postmuenster<\/a><\/p>\n<p>Verein f\u00fcr Deutsche Sch\u00e4ferhunde (SV) Ortsgruppe Postm\u00fcnster-Pfarrkirchen e. V.:\u00a0<a href=\"http:\/\/www.og-postm\u00fcnster-pfarrkirchen.de\" target=\"_blank\" rel=\"noopener noreferrer\">www.og-postm\u00fcnster-pfarrkirchen.de<br \/>\n<\/a><\/p>\n<p>Luftsportclub Pfarrkirchen e.V.: <a href=\"http:\/\/www.lsc-pfarrkirchen.de\" target=\"_blank\" rel=\"noopener noreferrer\">www.lsc-pfarrkirchen.de<\/a><a href=\"http:\/\/www.og-postm\u00fcnster-pfarrkirchen.de\" target=\"_blank\" rel=\"noopener noreferrer\"><br \/>\n<\/a><\/p>\n<p>&nbsp;<\/p>\n<h2>Gewerbebetriebe aus Postm\u00fcnster<\/h2>\n<p>Wolfgang Aigner , Schreinerei, Wintergartenbau: <a href=\"http:\/\/www.schreinerei-aigner.de\" target=\"_blank\" rel=\"noopener noreferrer\">www.schreinerei-aigner.de<\/a><\/p>\n<p>Immobilien Fischer GmbH &amp; Co. KG: <a href=\"http:\/\/www.immo-fischer.com\" target=\"_blank\" rel=\"noopener noreferrer\">www.immo-fischer.com<\/a><\/p>\n<p>Fischer Arbeitsb\u00fchnen GmbH, Arbeitsb\u00fchnenverleih: <a href=\"http:\/\/www.arbeitsbuehnen-fischer.de\" target=\"_blank\" rel=\"noopener noreferrer\">www.arbeitsbuehnen-fischer.de<\/a><\/p>\n<p>Manfred Grammelsberger, Busunternehmen: <a href=\"http:\/\/www.grammelsberger-reisen.de\" target=\"_blank\" rel=\"noopener noreferrer\">www.grammelsberger-reisen.de<\/a><\/p>\n<p>Reifen Moosm\u00fcller: <a href=\"http:\/\/www.reifen-moosmueller.de\" target=\"_blank\" rel=\"noopener noreferrer\">www.reifen-moosmueller.de<\/a><\/p>\n<p>Pflanzen Weindl, Baumschule &#8211; Garten- und Landschaftsbau: <a href=\"http:\/\/www.pflanzen-weindl.de\" target=\"_blank\" rel=\"noopener noreferrer\">www.pflanzen-weindl.de<\/a><\/p>\n<p>J\u00fcrgen Widl, Garten- und Landschaftsbau: <a href=\"http:\/\/www.widl-galabau.de\" target=\"_blank\" rel=\"noopener noreferrer\">www.widl-galabau.de<\/a><\/p>\n<p>Josef Wimmer, Aquarellgalerie: <a href=\"http:\/\/jwimmer.homepage.t-online.de\/\" target=\"_blank\" rel=\"noopener noreferrer\">jwimmer.homepage.t-online.de<\/a><\/p>\n<p>&nbsp;<\/p>\n<h2>Weitere Links<\/h2>\n<p><a href=\"http:\/\/www.urlaub-im-rottal.de\" target=\"_blank\" rel=\"noopener noreferrer\">Urlaub im Rottal<\/a>\u00a0 Informationsseite des Fremdenverkehrsverein Pfarrkirchen mit Informationen rund um die Ferienregion<\/p>\n<p><a href=\"http:\/\/www.rottal-inn.de\" target=\"_blank\" rel=\"noopener noreferrer\">Landkreis Rottal-Inn<\/a>\u00a0 Portal mit Informationen zum Landkreis, Landratsamt, Wirtschaft und Tourismus<\/p>\n<p><a href=\"http:\/\/www.pfarrkirchen.de\" target=\"_blank\" rel=\"noopener noreferrer\">Stadt Pfarrkirchen<\/a>\u00a0 Kreisstadt in unmittelbarer N\u00e4he zu Postm\u00fcnster<\/p>\n<p><a href=\"http:\/\/www.polizei.bayern.de\" target=\"_blank\" rel=\"noopener noreferrer\">Polizei Bayern<\/a>\u00a0 umfassendes Portal der Bayerischen Polizei mit aktuellen Themen und Informationen<\/p>\n<p><a href=\"http:\/\/www.rettungskette-forst.de\" target=\"_blank\" rel=\"noopener noreferrer\">Rettungskette Forst<\/a>\u00a0 bei Notf\u00e4llen in Waldgebieten ausgewiesene Rettungstreffpunkte und Vorgehensweisen<\/p>\n<p><a href=\"https:\/\/ec.th-deg.de\/de\/\" target=\"_blank\" rel=\"noopener noreferrer\">European Campus Rottal-Inn<\/a>\u00a0 Studienangebot in Pfarrkirchen als Teil der Technischen Hochschule Deggendorf<\/p>\n<p><a href=\"http:\/\/www.th-deg.de\/wb\" target=\"_blank\" rel=\"noopener noreferrer\">Wohnungsb\u00f6rse f\u00fcr Studierende und Vermieter<\/a>\u00a0 Plattform der Technischen Hochschule Deggendorf zur Vermittlung von Unterk\u00fcnften<\/p>\n<p><a href=\"http:\/\/web.integreat-app.de\" target=\"_blank\" rel=\"noopener noreferrer\">Local Information App<\/a>\u00a0 f\u00fcr ausl\u00e4ndische Mitb\u00fcrger konzipierte App f\u00fcrs Handy mit Hilfen und Infos aus dem Landkreis Rottal-Inn<\/p>\n<p><a href=\"http:\/\/www.rottal-inn.de\/infoportal\" target=\"_blank\" rel=\"noopener noreferrer\">B\u00fcrgerinfoportal &#8222;Mittendrin Rottal-Inn&#8220;<\/a>\u00a0 Infoportal des Landkreises Rottal-Inn \u00fcber wohnortnahe Dienstleister sowie Gesundheits- und Pr\u00e4ventionsangebote<\/p>\n<p><a href=\"http:\/\/www.keb-ris.de\/\" target=\"_blank\" rel=\"noopener noreferrer\">Katholische Erwachsenenbildung Rottal-Inn-Salzach<\/a>\u00a0 mit Veranstaltungen in Postm\u00fcnster und Neuhofen<\/p>\n<p><a href=\"http:\/\/vbw.pfarrkirchen.de\" target=\"_blank\" rel=\"noopener noreferrer\">Volksbildungswerk Pfarrkirchen<\/a>\u00a0 umfangreiches Kurs- und Bildungsangebot<\/p>\n<p><a href=\"http:\/\/rottal-inn.mifaz.de\" target=\"_blank\" rel=\"noopener noreferrer\">Mitfahrzentrale im Landkreis Rottal-Inn<\/a>\u00a0 Fahrgemeinschaften bilden und damit Geldbeutel und Umwelt schonen<\/p>\n<p><a href=\"https:\/\/www.wohin-du-willst.de\/app\/\" target=\"_blank\" rel=\"noopener noreferrer\">Wohin du willst<\/a>\u00a0 App f\u00fcrs Handy zur Information \u00fcber den Personennahverkehr im Landkreis Rottal-Inn<\/p>\n<p><a href=\"http:\/\/www.freilichtmuseum.de\" target=\"_blank\" rel=\"noopener noreferrer\">Freilichtmuseum Massing<\/a>\u00a0 stellt das fr\u00fchere Leben, Wirtschaften und Bauen der b\u00e4uerlichen Bev\u00f6lkerung Niederbayerns dar<\/p>\n<p><a href=\"http:\/\/www.theater-an-der-rott.de\" target=\"_blank\" rel=\"noopener noreferrer\">Theater an der Rott<\/a>\u00a0 das Theater des Landkreises &#8211; kultureller Treffpunkt im Rottal<\/p>\n<p><a href=\"http:\/\/www.naturgefahren.bayern.de\/\" target=\"_blank\" rel=\"noopener noreferrer\">www.naturgefahren.bayern.de<\/a>\u00a0 Das Bayerische Staatsministerium f\u00fcr Umwelt und Gesundheit informiert hier B\u00fcrger und Kommunen \u00fcber Naturgefahren, wie Hochwasser und Muren, Lawinen und Schneedruck, Trockenheit und Hitze, Unwetter sowie Rutschungen und Felsst\u00fcrze.<\/p>\n<p><a href=\"http:\/\/www.hochwasserinfo.bayern.de\/\" target=\"_blank\" rel=\"noopener noreferrer\">www.hochwasserinfo.bayern.de<\/a>\u00a0 Informationsseite der bayerischen Wasserwirtschaftsverwaltung, um die Sensibilit\u00e4t f\u00fcr das Thema Hochwasser zu st\u00e4rken und praktische M\u00f6glichkeiten zur Hochwasservorsorge aufzuzeigen.<\/p>\n<p><a href=\"http:\/\/www.boden-staendig.eu\" target=\"_blank\" rel=\"noopener noreferrer\">www.boden-staendig.eu<\/a>\u00a0\u00a0Zukunftsf\u00e4hige Landnutzung zu gestalten und Kulturlandschaft zu erhalten ist ein Hauptziel der Initiative boden:st\u00e4ndig. Zentraler Baustein hierf\u00fcr ist der Erhalt unserer Lebensgrundlagen \u201eBoden\u201d und \u201eWasser\u201d. Die Gemeinde Postm\u00fcnster ist als &#8222;boden:st\u00e4ndig&#8220; zertifiziert.<\/p>\n","protected":false},"excerpt":{"rendered":"<p>In diesem Verzeichnis haben wir interessante Webseiten rund um Postm\u00fcnster zusammengestellt. Schauen Sie doch auch mal dort vorbei: &nbsp; Einrichtungen und Vereine Christanger Heime und Kindergarten:\u00a0www.christanger.de Christlich Freie W\u00e4hlergemeinschaft Postm\u00fcnster:\u00a0www.postmuenster.de\/CFWG CSU Ortsverband Postm\u00fcnster: www.csu.de\/verbaende\/ov\/postmuenster Freiwillige Feuerwehr Postm\u00fcnster: postmuenster.feuerwehren.bayern Grundschule Postm\u00fcnster: www.vs-postmuenster.de SPD Ortsverein Postm\u00fcnster:\u00a0www.postmuenster.de\/spdneu TSG-Postm\u00fcnster:\u00a0www.tsg-postmuenster.de VDK Ortsverband Postm\u00fcnster: www.vdk.de\/ov-postmuenster Verein f\u00fcr Deutsche Sch\u00e4ferhunde (SV) Ortsgruppe [&hellip;]<\/p>\n","protected":false},"author":11,"featured_media":0,"parent":3940,"menu_order":7,"comment_status":"closed","ping_status":"closed","template":"page-full.php","meta":{"footnotes":""},"class_list":["post-3989","page","type-page","status-publish","hentry"],"publishpress_future_action":{"enabled":false,"date":"2026-05-24 07:08:40","action":"change-status","newStatus":"draft","terms":[],"taxonomy":"","extraData":[]},"publishpress_future_workflow_manual_trigger":{"enabledWorkflows":[]},"_links":{"self":[{"href":"https:\/\/www.postmuenster.de\/index.php?rest_route=\/wp\/v2\/pages\/3989","targetHints":{"allow":["GET"]}}],"collection":[{"href":"https:\/\/www.postmuenster.de\/index.php?rest_route=\/wp\/v2\/pages"}],"about":[{"href":"https:\/\/www.postmuenster.de\/index.php?rest_route=\/wp\/v2\/types\/page"}],"author":[{"embeddable":true,"href":"https:\/\/www.postmuenster.de\/index.php?rest_route=\/wp\/v2\/users\/11"}],"replies":[{"embeddable":true,"href":"https:\/\/www.postmuenster.de\/index.php?rest_route=%2Fwp%2Fv2%2Fcomments&post=3989"}],"version-history":[{"count":36,"href":"https:\/\/www.postmuenster.de\/index.php?rest_route=\/wp\/v2\/pages\/3989\/revisions"}],"predecessor-version":[{"id":9224,"href":"https:\/\/www.postmuenster.de\/index.php?rest_route=\/wp\/v2\/pages\/3989\/revisions\/9224"}],"up":[{"embeddable":true,"href":"https:\/\/www.postmuenster.de\/index.php?rest_route=\/wp\/v2\/pages\/3940"}],"wp:attachment":[{"href":"https:\/\/www.postmuenster.de\/index.php?rest_route=%2Fwp%2Fv2%2Fmedia&parent=3989"}],"curies":[{"name":"wp","href":"https:\/\/api.w.org\/{rel}","templated":true}]}}