{"id":4015,"date":"2016-05-03T14:56:33","date_gmt":"2016-05-03T12:56:33","guid":{"rendered":"http:\/\/wordpress.postmuenster.de\/?page_id=4015"},"modified":"2021-06-08T16:14:30","modified_gmt":"2021-06-08T14:14:30","slug":"kontakt-anfahrt","status":"publish","type":"page","link":"https:\/\/www.postmuenster.de\/?page_id=4015","title":{"rendered":"Kontakt &#038; Anfahrt"},"content":{"rendered":"<div id=\"attachment_4448\" style=\"width: 310px\" class=\"wp-caption alignright\"><a href=\"https:\/\/www.postmuenster.de\/wp-content\/uploads\/2016\/05\/Rathaus-Postmuenster.jpg\" data-lbwps-width=\"2000\" data-lbwps-height=\"1500\" data-lbwps-srcsmall=\"https:\/\/www.postmuenster.de\/wp-content\/uploads\/2016\/05\/Rathaus-Postmuenster.jpg\"><img loading=\"lazy\" decoding=\"async\" aria-describedby=\"caption-attachment-4448\" class=\"wp-image-4448 size-medium\" src=\"https:\/\/www.postmuenster.de\/wp-content\/uploads\/2016\/05\/Rathaus-Postmuenster-300x225.jpg\" alt=\"Rathaus-Postmuenster\" width=\"300\" height=\"225\" srcset=\"https:\/\/www.postmuenster.de\/wp-content\/uploads\/2016\/05\/Rathaus-Postmuenster-300x225.jpg 300w, https:\/\/www.postmuenster.de\/wp-content\/uploads\/2016\/05\/Rathaus-Postmuenster-1024x768.jpg 1024w, https:\/\/www.postmuenster.de\/wp-content\/uploads\/2016\/05\/Rathaus-Postmuenster.jpg 2000w\" sizes=\"auto, (max-width: 300px) 100vw, 300px\" \/><\/a><p id=\"caption-attachment-4448\" class=\"wp-caption-text\">Das Rathaus<\/p><\/div>\n<p>Die Gemeindeverwaltung im Rathaus Postm\u00fcnster k\u00f6nnen Sie wie folgt erreichen:<\/p>\n<p>\u00a0\n<\/p>\n<h2>Anschrift und Kontaktdaten<\/h2>\n<p>\nGemeinde Postm\u00fcnster<br \/>\nHauptstra\u00dfe 23<br \/>\n84389 Postm\u00fcnster<br \/>\nTelefon: 08561 \/ 98 49 0<br \/>\nTelefax: 08561 \/ 98 49 29<br \/>\nE-Mail: <a href=\"mailto:poststelle@postmuenster.de\">poststelle@postmuenster.de<br \/>\n<\/a><a href=\"https:\/\/formularserver-bp.bayern.de\/sichererKontakt?caller=52663498683\" target=\"_blank\" rel=\"noopener noreferrer\">Sicheres Kontaktformular<\/a><\/p>\n<p>\u00a0\n<\/p>\n<h2>\u00d6ffnungszeiten<\/h2>\n<p>\nMontag:\u00a0\u00a0\u00a0\u00a0 \u00a0 \u00a0 \u00a0 \u00a0 7.30 \u2013 12.00 Uhr<br \/>\nDienstag:\u00a0\u00a0\u00a0\u00a0\u00a0\u00a0\u00a0\u00a0\u00a0\u00a0 7.30 \u2013 12.00 Uhr\u00a0\u00a0\u00a0\u00a0 und \u00a0\u00a0\u00a0 13.00 \u2013 18.00 Uhr<b><b><br \/>\n<\/b><\/b>Mittwoch:\u00a0\u00a0\u00a0\u00a0\u00a0\u00a0\u00a0\u00a0\u00a0 7.30 \u2013 12.00 Uhr<b><b><br \/>\n<\/b><\/b>Donnerstag:\u00a0\u00a0\u00a0\u00a0\u00a0 7.30 \u2013 12.00 Uhr\u00a0\u00a0\u00a0\u00a0 und \u00a0\u00a0\u00a0 13.00 \u2013 17.00 Uhr<b><b><b><br \/>\n<\/b><\/b><\/b>Freitag:\u00a0\u00a0\u00a0\u00a0\u00a0\u00a0\u00a0\u00a0\u00a0\u00a0\u00a0\u00a0\u00a0 7.30 \u2013 12.00 Uhr<b><b><b><br \/>\n<\/b><\/b><\/b><\/p>\n<p>\u00a0\n<\/p>\n<h2>Anfahrt<\/h2>\n<p>\nDas Rathaus befindet sich im Ortskern von Postm\u00fcnster (Hauptstra\u00dfe 23). Es liegt zentral gegen\u00fcber von Kirche und B\u00e4cker.<br \/>\nEine \u00dcbersichtskarte sehen Sie hier:<\/p>\n<div class=\"embed-privacy-container is-disabled embed-bayernatlas\" data-embed-id=\"oembed_68c4adab729767e18889830987acd9f7\" data-embed-provider=\"bayernatlas\" style=\"aspect-ratio: 1040\/800;\">\t\t\t\t\t\t<button type=\"button\" class=\"embed-privacy-enable screen-reader-text\">Inhalt von BayernAtlas anzeigen<\/button>\t\t\t\t\t\t<\/p>\n<div class=\"embed-privacy-overlay\">\n<div class=\"embed-privacy-inner\">\n<p>\t\tHier klicken, um den Inhalt von BayernAtlas anzuzeigen.\t\t<\/p>\n<p class=\"embed-privacy-input-wrapper\">\t\t\t<input id=\"embed-privacy-store-bayernatlas-68c4adab729767e18889830987acd9f7\" type=\"checkbox\" value=\"1\" class=\"embed-privacy-input\" data-embed-provider=\"bayernatlas\">\t\t\t<label for=\"embed-privacy-store-bayernatlas-68c4adab729767e18889830987acd9f7\" class=\"embed-privacy-label\" data-embed-provider=\"bayernatlas\">\t\t\t\tInhalt von BayernAtlas immer anzeigen\t\t\t<\/label>\t\t<\/p>\n<\/p><\/div>\n<div class=\"embed-privacy-footer\"><span class=\"embed-privacy-url\"><a href=\"https:\/\/geoportal.bayern.de\/bayernatlas\/embed.html?X=5364949.79&amp;Y=4567040.03&amp;zoom=14&amp;lang=de&amp;topic=ba&amp;bgLayer=atkis&amp;catalogNodes=122\">Karte direkt \u00f6ffnen<\/a><\/span><\/div>\n<\/p><\/div>\n<div class=\"embed-privacy-content\">\t\t\t\t<script>var _oembed_68c4adab729767e18889830987acd9f7 = '{\\\"embed\\\":\\\"&lt;iframe style=&quot;border: 0;&quot; src=&quot;https:\\\\\/\\\\\/geoportal.bayern.de\\\\\/bayernatlas\\\\\/embed.html?X=5364949.79&amp;amp;Y=4567040.03&amp;amp;zoom=14&amp;amp;lang=de&amp;amp;topic=ba&amp;amp;bgLayer=atkis&amp;amp;catalogNodes=122&quot; width=&quot;1040&quot; height=&quot;800&quot; frameborder=&quot;0&quot;&gt;&lt;\\\\\/iframe&gt;\\\"}';<\/script>\t\t\t<\/div>\n<\/p><\/div><\/p>\n","protected":false},"excerpt":{"rendered":"<p>Die Gemeindeverwaltung im Rathaus Postm\u00fcnster k\u00f6nnen Sie wie folgt erreichen: \u00a0 Anschrift und Kontaktdaten Gemeinde Postm\u00fcnster Hauptstra\u00dfe 23 84389 Postm\u00fcnster Telefon: 08561 \/ 98 49 0 Telefax: 08561 \/ 98 49 29 E-Mail: poststelle@postmuenster.de Sicheres Kontaktformular \u00a0 \u00d6ffnungszeiten Montag:\u00a0\u00a0\u00a0\u00a0 \u00a0 \u00a0 \u00a0 \u00a0 7.30 \u2013 12.00 Uhr Dienstag:\u00a0\u00a0\u00a0\u00a0\u00a0\u00a0\u00a0\u00a0\u00a0\u00a0 7.30 \u2013 12.00 Uhr\u00a0\u00a0\u00a0\u00a0 und \u00a0\u00a0\u00a0 13.00 [&hellip;]<\/p>\n","protected":false},"author":11,"featured_media":0,"parent":3940,"menu_order":1,"comment_status":"closed","ping_status":"closed","template":"page-full.php","meta":{"footnotes":""},"class_list":["post-4015","page","type-page","status-publish","hentry"],"publishpress_future_action":{"enabled":false,"date":"2026-05-09 11:39:10","action":"change-status","newStatus":"draft","terms":[],"taxonomy":"","extraData":[]},"publishpress_future_workflow_manual_trigger":{"enabledWorkflows":[]},"_links":{"self":[{"href":"https:\/\/www.postmuenster.de\/index.php?rest_route=\/wp\/v2\/pages\/4015","targetHints":{"allow":["GET"]}}],"collection":[{"href":"https:\/\/www.postmuenster.de\/index.php?rest_route=\/wp\/v2\/pages"}],"about":[{"href":"https:\/\/www.postmuenster.de\/index.php?rest_route=\/wp\/v2\/types\/page"}],"author":[{"embeddable":true,"href":"https:\/\/www.postmuenster.de\/index.php?rest_route=\/wp\/v2\/users\/11"}],"replies":[{"embeddable":true,"href":"https:\/\/www.postmuenster.de\/index.php?rest_route=%2Fwp%2Fv2%2Fcomments&post=4015"}],"version-history":[{"count":14,"href":"https:\/\/www.postmuenster.de\/index.php?rest_route=\/wp\/v2\/pages\/4015\/revisions"}],"predecessor-version":[{"id":7600,"href":"https:\/\/www.postmuenster.de\/index.php?rest_route=\/wp\/v2\/pages\/4015\/revisions\/7600"}],"up":[{"embeddable":true,"href":"https:\/\/www.postmuenster.de\/index.php?rest_route=\/wp\/v2\/pages\/3940"}],"wp:attachment":[{"href":"https:\/\/www.postmuenster.de\/index.php?rest_route=%2Fwp%2Fv2%2Fmedia&parent=4015"}],"curies":[{"name":"wp","href":"https:\/\/api.w.org\/{rel}","templated":true}]}}