{"id":4634,"date":"2016-07-07T13:22:26","date_gmt":"2016-07-07T11:22:26","guid":{"rendered":"http:\/\/wordpress.postmuenster.de\/?page_id=4634"},"modified":"2019-01-03T13:16:52","modified_gmt":"2019-01-03T12:16:52","slug":"shop","status":"publish","type":"page","link":"https:\/\/www.postmuenster.de\/?page_id=4634","title":{"rendered":"Dorfladen"},"content":{"rendered":"<p>Von unserer Gemeinde sind bislang folgende Produkte und Werbematerialien erschienen, welche im Rathaus erworben werden k\u00f6nnen. Auf Anfrage ist auch ein Postversand m\u00f6glich.<\/p>\n<p>&nbsp;<\/p>\n<h2 style=\"text-align: center;\">Postkarten<\/h2>\n<p>&nbsp;<\/p>\n<p><a href=\"https:\/\/www.postmuenster.de\/wp-content\/uploads\/2016\/07\/Postkarte1.jpg\" data-lbwps-width=\"1732\" data-lbwps-height=\"1208\" data-lbwps-srcsmall=\"https:\/\/www.postmuenster.de\/wp-content\/uploads\/2016\/07\/Postkarte1.jpg\"><img loading=\"lazy\" decoding=\"async\" class=\"aligncenter wp-image-4976 size-medium\" src=\"https:\/\/www.postmuenster.de\/wp-content\/uploads\/2016\/07\/Postkarte1-300x209.jpg\" alt=\"Postkarte1\" width=\"300\" height=\"209\" srcset=\"https:\/\/www.postmuenster.de\/wp-content\/uploads\/2016\/07\/Postkarte1-300x209.jpg 300w, https:\/\/www.postmuenster.de\/wp-content\/uploads\/2016\/07\/Postkarte1-1024x714.jpg 1024w, https:\/\/www.postmuenster.de\/wp-content\/uploads\/2016\/07\/Postkarte1.jpg 1732w\" sizes=\"auto, (max-width: 300px) 100vw, 300px\" \/><\/a><\/p>\n<p style=\"text-align: center;\"><strong>Motiv 1:<\/strong><\/p>\n<p style=\"text-align: center;\">Luftbilder von Postm\u00fcnster und Neuhofen, Hustenmutterkapelle und Innenaufnahmen der Pfarrkirchen Postm\u00fcnster und Neuhofen<\/p>\n<p>&nbsp;<\/p>\n<p>&nbsp;<\/p>\n<p><a href=\"https:\/\/www.postmuenster.de\/wp-content\/uploads\/2016\/07\/Postkarte4.jpg\" data-lbwps-width=\"1728\" data-lbwps-height=\"1208\" data-lbwps-srcsmall=\"https:\/\/www.postmuenster.de\/wp-content\/uploads\/2016\/07\/Postkarte4.jpg\"><img loading=\"lazy\" decoding=\"async\" class=\"aligncenter wp-image-4979 size-medium\" src=\"https:\/\/www.postmuenster.de\/wp-content\/uploads\/2016\/07\/Postkarte4-300x210.jpg\" alt=\"Postkarte4\" width=\"300\" height=\"210\" srcset=\"https:\/\/www.postmuenster.de\/wp-content\/uploads\/2016\/07\/Postkarte4-300x210.jpg 300w, https:\/\/www.postmuenster.de\/wp-content\/uploads\/2016\/07\/Postkarte4-1024x716.jpg 1024w, https:\/\/www.postmuenster.de\/wp-content\/uploads\/2016\/07\/Postkarte4.jpg 1728w\" sizes=\"auto, (max-width: 300px) 100vw, 300px\" \/><\/a><\/p>\n<p style=\"text-align: center;\"><strong>Motiv 2:<\/strong><\/p>\n<p style=\"text-align: center;\">Blick auf den Rottauensee und Postm\u00fcnster<\/p>\n<p>&nbsp;<\/p>\n<p>&nbsp;<\/p>\n<p><a href=\"https:\/\/www.postmuenster.de\/wp-content\/uploads\/2016\/07\/Postkarte2.jpg\" data-lbwps-width=\"1728\" data-lbwps-height=\"1204\" data-lbwps-srcsmall=\"https:\/\/www.postmuenster.de\/wp-content\/uploads\/2016\/07\/Postkarte2.jpg\"><img loading=\"lazy\" decoding=\"async\" class=\"aligncenter wp-image-4977 size-medium\" src=\"https:\/\/www.postmuenster.de\/wp-content\/uploads\/2016\/07\/Postkarte2-300x209.jpg\" alt=\"Postkarte2\" width=\"300\" height=\"209\" srcset=\"https:\/\/www.postmuenster.de\/wp-content\/uploads\/2016\/07\/Postkarte2-300x209.jpg 300w, https:\/\/www.postmuenster.de\/wp-content\/uploads\/2016\/07\/Postkarte2-1024x713.jpg 1024w, https:\/\/www.postmuenster.de\/wp-content\/uploads\/2016\/07\/Postkarte2.jpg 1728w\" sizes=\"auto, (max-width: 300px) 100vw, 300px\" \/><\/a><\/p>\n<p style=\"text-align: center;\"><strong>Motiv 3:<\/strong><\/p>\n<p style=\"text-align: center;\">Dorfbrunnen, Gasthaus Brunnenhof, Rott und Golfplatz<\/p>\n<p>&nbsp;<\/p>\n<p>&nbsp;<\/p>\n<p><a href=\"https:\/\/www.postmuenster.de\/wp-content\/uploads\/2016\/07\/Postkarte3.jpg\" data-lbwps-width=\"1730\" data-lbwps-height=\"1206\" data-lbwps-srcsmall=\"https:\/\/www.postmuenster.de\/wp-content\/uploads\/2016\/07\/Postkarte3.jpg\"><img loading=\"lazy\" decoding=\"async\" class=\"aligncenter wp-image-4978 size-medium\" src=\"https:\/\/www.postmuenster.de\/wp-content\/uploads\/2016\/07\/Postkarte3-300x209.jpg\" alt=\"Postkarte3\" width=\"300\" height=\"209\" srcset=\"https:\/\/www.postmuenster.de\/wp-content\/uploads\/2016\/07\/Postkarte3-300x209.jpg 300w, https:\/\/www.postmuenster.de\/wp-content\/uploads\/2016\/07\/Postkarte3-1024x714.jpg 1024w, https:\/\/www.postmuenster.de\/wp-content\/uploads\/2016\/07\/Postkarte3.jpg 1730w\" sizes=\"auto, (max-width: 300px) 100vw, 300px\" \/><\/a><\/p>\n<p style=\"text-align: center;\"><strong>Motiv 4:<\/strong><\/p>\n<p style=\"text-align: center;\">Dorfbrunnen, Golfplatz und Luftbildansicht von Neuhofen<\/p>\n<p>&nbsp;<\/p>\n<p>&nbsp;<\/p>\n<p>&nbsp;<\/p>\n<h2 style=\"text-align: center;\">Tragetasche<\/h2>\n<p>&nbsp;<\/p>\n<p><a href=\"https:\/\/www.postmuenster.de\/wp-content\/uploads\/2016\/07\/Tragetasche.jpg\" data-lbwps-width=\"1732\" data-lbwps-height=\"1208\" data-lbwps-srcsmall=\"https:\/\/www.postmuenster.de\/wp-content\/uploads\/2016\/07\/Tragetasche.jpg\"><img loading=\"lazy\" decoding=\"async\" class=\"aligncenter wp-image-4980 size-medium\" src=\"https:\/\/www.postmuenster.de\/wp-content\/uploads\/2016\/07\/Tragetasche-300x209.jpg\" alt=\"Tragetasche\" width=\"300\" height=\"209\" srcset=\"https:\/\/www.postmuenster.de\/wp-content\/uploads\/2016\/07\/Tragetasche-300x209.jpg 300w, https:\/\/www.postmuenster.de\/wp-content\/uploads\/2016\/07\/Tragetasche-1024x714.jpg 1024w, https:\/\/www.postmuenster.de\/wp-content\/uploads\/2016\/07\/Tragetasche.jpg 1732w\" sizes=\"auto, (max-width: 300px) 100vw, 300px\" \/><\/a><\/p>\n<p style=\"text-align: center;\">Umweltfreundliche Baumwolltasche mit Gemeindewappen und sch\u00f6nem Postm\u00fcnster-Logo-Aufdruck<\/p>\n<p>&nbsp;<\/p>\n<p>&nbsp;<\/p>\n","protected":false},"excerpt":{"rendered":"<p>Von unserer Gemeinde sind bislang folgende Produkte und Werbematerialien erschienen, welche im Rathaus erworben werden k\u00f6nnen. Auf Anfrage ist auch ein Postversand m\u00f6glich. &nbsp; Postkarten &nbsp; Motiv 1: Luftbilder von Postm\u00fcnster und Neuhofen, Hustenmutterkapelle und Innenaufnahmen der Pfarrkirchen Postm\u00fcnster und Neuhofen &nbsp; &nbsp; Motiv 2: Blick auf den Rottauensee und Postm\u00fcnster &nbsp; &nbsp; Motiv 3: [&hellip;]<\/p>\n","protected":false},"author":11,"featured_media":0,"parent":3940,"menu_order":8,"comment_status":"closed","ping_status":"closed","template":"page-full.php","meta":{"footnotes":""},"class_list":["post-4634","page","type-page","status-publish","hentry"],"publishpress_future_action":{"enabled":false,"date":"2026-04-24 04:24:05","action":"change-status","newStatus":"draft","terms":[],"taxonomy":"","extraData":[]},"publishpress_future_workflow_manual_trigger":{"enabledWorkflows":[]},"_links":{"self":[{"href":"https:\/\/www.postmuenster.de\/index.php?rest_route=\/wp\/v2\/pages\/4634","targetHints":{"allow":["GET"]}}],"collection":[{"href":"https:\/\/www.postmuenster.de\/index.php?rest_route=\/wp\/v2\/pages"}],"about":[{"href":"https:\/\/www.postmuenster.de\/index.php?rest_route=\/wp\/v2\/types\/page"}],"author":[{"embeddable":true,"href":"https:\/\/www.postmuenster.de\/index.php?rest_route=\/wp\/v2\/users\/11"}],"replies":[{"embeddable":true,"href":"https:\/\/www.postmuenster.de\/index.php?rest_route=%2Fwp%2Fv2%2Fcomments&post=4634"}],"version-history":[{"count":14,"href":"https:\/\/www.postmuenster.de\/index.php?rest_route=\/wp\/v2\/pages\/4634\/revisions"}],"predecessor-version":[{"id":6910,"href":"https:\/\/www.postmuenster.de\/index.php?rest_route=\/wp\/v2\/pages\/4634\/revisions\/6910"}],"up":[{"embeddable":true,"href":"https:\/\/www.postmuenster.de\/index.php?rest_route=\/wp\/v2\/pages\/3940"}],"wp:attachment":[{"href":"https:\/\/www.postmuenster.de\/index.php?rest_route=%2Fwp%2Fv2%2Fmedia&parent=4634"}],"curies":[{"name":"wp","href":"https:\/\/api.w.org\/{rel}","templated":true}]}}