{"id":6673,"date":"2018-12-10T13:25:06","date_gmt":"2018-12-10T12:25:06","guid":{"rendered":"https:\/\/www.postmuenster.de\/?page_id=6673"},"modified":"2026-03-20T11:07:11","modified_gmt":"2026-03-20T10:07:11","slug":"veroeffentlichungen","status":"publish","type":"page","link":"https:\/\/www.postmuenster.de\/?page_id=6673","title":{"rendered":"Ver\u00f6ffentlichungen"},"content":{"rendered":"\r\n<h2>Ex-Ante-Ver\u00f6ffentlichungen<\/h2>\r\n\r\n\r\n\r\n<p>Die Gemeinde Postm\u00fcnster ist gem. \u00a7 19 Abs. 5 der Vergabe- und Vertragsordnung f\u00fcr Bauleistungen \u2013 Teil A (VOB\/A) in ihrer Funktion als Auftraggeber verpflichtet, Unternehmen fortlaufend \u00fcber beabsichtigte beschr\u00e4nkte Ausschreibungen nach \u00a7 3 Abs. 3 Nr. 1 VOB\/A, deren voraussichtlicher Auftragswert die Summe von 25.000,- \u20ac ohne Umsatzsteuer \u00fcbersteigt, zu informieren.<\/p>\r\n<p>&nbsp;<\/p>\r\n\r\n\r\n\r\n<h2>Ex-Post-Ver\u00f6ffentlichungen<\/h2>\r\n\r\n\r\n\r\n<p>Des weiteren\u00a0sind wir zur effektiven Vorbeugung gegen Unregelm\u00e4\u00dfigkeiten bei Auftragsvergaben im Sinne einer nachtr\u00e4glichen Transparenz ebenso verpflichtet, diverse Informationen \u00fcber vergebene Auftr\u00e4ge zu ver\u00f6ffentlichen (\u00a7 20 Abs. 3 der Vergabe- und Vertragsordnung f\u00fcr Bauleistungen \u2013 Teil A (VOB\/A). Eine Ver\u00f6ffentlichung ist immer dann erforderlich, wenn das jeweilige Auftragsvolumen ohne Umsatzsteuer einen Wert von 15.000,- \u20ac (Bauleistungen) bzw. 25.000,- \u20ac (Liefer- und Dienstleistungen) \u00fcberschreitet.<\/p>\r\n<p>&nbsp;<\/p>\r\n\r\n\r\n\r\n<h2>Ver\u00f6ffentlichungen:<\/h2>\r\n<p>Prallw\u00e4nde Kleinsporthalle (Turnhalle der Grundschule Postm\u00fcnster, Schulstr. 5, 84389 Postm\u00fcnster):<br \/>&gt;&gt; <a href=\"https:\/\/www.postmuenster.de\/wp-content\/uploads\/2019\/01\/Veroeffentlichung-Turnhalle-Prallwaende.pdf\" target=\"_blank\" rel=\"noopener\">zur Ex-Ante-Ver\u00f6ffentlichung<\/a><\/p>\r\n<p>Neubau eines Ableitungskanals und eines Regen\u00fcberlaufbeckens in Neuhofen, Gemeinde Postm\u00fcnster:<br \/>&gt;&gt; <a href=\"https:\/\/www.postmuenster.de\/wp-content\/uploads\/2019\/01\/Veroeffentlichung-Ableitungskanal-R\u00dc.pdf\" target=\"_blank\" rel=\"noopener\">zur Ex-Ante-Ver\u00f6ffentlichung<\/a><\/p>\r\n<p>Ausbau der Gemeindeverbindungsstra\u00dfe Schalldorf &#8211; Rahberg, BA I: Schwanhof &#8211; Rahberg, Stra\u00dfenbauarbeiten:<br \/>&gt;&gt; <a href=\"https:\/\/www.postmuenster.de\/wp-content\/uploads\/2023\/02\/Bekanntmachung-Rahberg-Schalldorf-BAI.pdf\" target=\"_blank\" rel=\"noopener\">zur Ex-Ante-Ver\u00f6ffentlichung<\/a><\/p>\r\n<p>Ausbau der Gemeindeverbindungsstra\u00dfe Schalldorf &#8211; Rahberg, BA II: Schalldorf &#8211; Rahberg, Stra\u00dfenbauarbeiten:<br \/>&gt;&gt; <a href=\"https:\/\/www.postmuenster.de\/wp-content\/uploads\/2024\/02\/Bekanntmachung-GVS-Schalldorf-Rahberg-BAII.pdf\" target=\"_blank\" rel=\"noopener\">zur Ex-Ante-Ver\u00f6ffentlichung<\/a><\/p>\r\n<p>Sanierung der Waldstra\u00dfe, Stra\u00dfenbauarbeiten:<br \/>&gt;&gt; <a href=\"https:\/\/www.postmuenster.de\/wp-content\/uploads\/2024\/05\/Vorinformation-Waldstrasse.pdf\" target=\"_blank\" rel=\"noopener\">zur Ex-Ante-Ver\u00f6ffentlichung<\/a><\/p>\r\n<p>Verl\u00e4ngerung Gehweg an der Hauptstra\u00dfe (Stra\u00dfen- und Tiefbauarbeiten):<br \/>&gt;&gt; <a href=\"https:\/\/www.postmuenster.de\/wp-content\/uploads\/2025\/03\/Vorinformation-Gehweg-Hauptstr.pdf\" target=\"_blank\" rel=\"noopener\">zur Ex-Ante-Ver\u00f6ffentlichung<\/a><\/p>\r\n<p>Ausbau der Gemeindeverbindungsstra\u00dfe Rahhof \u2013 Neuhofen von Guten\u00f6d bis Hans\u00f6d:<br \/>&gt;&gt; <a href=\"https:\/\/www.postmuenster.de\/wp-content\/uploads\/2026\/03\/Ex-Ante-Gutenoed.pdf\" target=\"_blank\" rel=\"noopener\">zur Ex-Ante-Ver\u00f6ffentlichung<\/a><\/p>\r\n","protected":false},"excerpt":{"rendered":"<p>Ex-Ante-Ver\u00f6ffentlichungen Die Gemeinde Postm\u00fcnster ist gem. \u00a7 19 Abs. 5 der Vergabe- und Vertragsordnung f\u00fcr Bauleistungen \u2013 Teil A (VOB\/A) in ihrer Funktion als Auftraggeber verpflichtet, Unternehmen fortlaufend \u00fcber beabsichtigte beschr\u00e4nkte Ausschreibungen nach \u00a7 3 Abs. 3 Nr. 1 VOB\/A, deren voraussichtlicher Auftragswert die Summe von 25.000,- \u20ac ohne Umsatzsteuer \u00fcbersteigt, zu informieren. &nbsp; Ex-Post-Ver\u00f6ffentlichungen [&hellip;]<\/p>\n","protected":false},"author":11,"featured_media":0,"parent":3936,"menu_order":11,"comment_status":"closed","ping_status":"closed","template":"page-full.php","meta":{"footnotes":""},"class_list":["post-6673","page","type-page","status-publish","hentry"],"publishpress_future_action":{"enabled":false,"date":"2026-05-07 06:01:41","action":"change-status","newStatus":"draft","terms":[],"taxonomy":"","extraData":[]},"publishpress_future_workflow_manual_trigger":{"enabledWorkflows":[]},"_links":{"self":[{"href":"https:\/\/www.postmuenster.de\/index.php?rest_route=\/wp\/v2\/pages\/6673","targetHints":{"allow":["GET"]}}],"collection":[{"href":"https:\/\/www.postmuenster.de\/index.php?rest_route=\/wp\/v2\/pages"}],"about":[{"href":"https:\/\/www.postmuenster.de\/index.php?rest_route=\/wp\/v2\/types\/page"}],"author":[{"embeddable":true,"href":"https:\/\/www.postmuenster.de\/index.php?rest_route=\/wp\/v2\/users\/11"}],"replies":[{"embeddable":true,"href":"https:\/\/www.postmuenster.de\/index.php?rest_route=%2Fwp%2Fv2%2Fcomments&post=6673"}],"version-history":[{"count":14,"href":"https:\/\/www.postmuenster.de\/index.php?rest_route=\/wp\/v2\/pages\/6673\/revisions"}],"predecessor-version":[{"id":9802,"href":"https:\/\/www.postmuenster.de\/index.php?rest_route=\/wp\/v2\/pages\/6673\/revisions\/9802"}],"up":[{"embeddable":true,"href":"https:\/\/www.postmuenster.de\/index.php?rest_route=\/wp\/v2\/pages\/3936"}],"wp:attachment":[{"href":"https:\/\/www.postmuenster.de\/index.php?rest_route=%2Fwp%2Fv2%2Fmedia&parent=6673"}],"curies":[{"name":"wp","href":"https:\/\/api.w.org\/{rel}","templated":true}]}}