{"id":7444,"date":"2020-12-09T13:27:16","date_gmt":"2020-12-09T12:27:16","guid":{"rendered":"https:\/\/www.postmuenster.de\/?page_id=7444"},"modified":"2026-03-31T09:03:19","modified_gmt":"2026-03-31T07:03:19","slug":"stellenausschreibungen","status":"publish","type":"page","link":"https:\/\/www.postmuenster.de\/?page_id=7444","title":{"rendered":"Stellenausschreibungen"},"content":{"rendered":"<p><strong>Feldgeschworene*r (m\/w\/d) <\/strong><u><\/u><\/p>\n<p>Die Gemeinde Postm\u00fcnster sucht laufend engagierte\/n B\u00fcrger*in (m\/w\/d) f\u00fcr das Amt eines\/einer Feldgeschworenen.<\/p>\n<p>Das Amt eines Feldgeschworenen ist das \u00e4lteste kommunale Ehrenamt in Bayern.<\/p>\n<p><strong>Aufgaben u.a.:<\/strong><\/p>\n<ul>\n<li>Mitwirkung bei der Abmarkung der Grundst\u00fccke durch das Vermessungsamt<\/li>\n<li>Beschaffung und Transport von Grenzmarken und anderen notwendigen Abmarkungsmaterialien<\/li>\n<li>\u00dcberwachung der Grenzzeichen<\/li>\n<li>Grenzbegehungen<\/li>\n<\/ul>\n<p><strong>Wer kann Feldgeschworene*r werden?<br \/>\n<\/strong>Jede\/r Deutsche\/r im Sinne von Art. 116 Abs. 1 Grundgesetz, der am Tage der Wahl das 18. Lebensjahr vollendet hat, seit mindestens drei Monaten seinen Aufenthalt in der Gemeinde nachweist und geistig und k\u00f6rperlich den Aufgaben des Feldgeschworenen gewachsen ist.<\/p>\n<p><strong>Aufwandsentsch\u00e4digung:<br \/>\n<\/strong>Feldgeschworene erhalten f\u00fcr ihre T\u00e4tigkeit eine Aufwandsentsch\u00e4digung nach Ma\u00dfgabe der Geb\u00fchrenordnung.<\/p>\n<p><strong>Bewerbung:<br \/>\n<\/strong>Interesse? Dann melden Sie sich bitte bei der Gemeinde Postm\u00fcnster, Tel.: 08561\/9849-0 oder per Mail an <a href=\"mailto:poststelle@postmuenster.de\">poststelle@postmuenster.de<\/a>.<\/p>\n","protected":false},"excerpt":{"rendered":"<p>Feldgeschworene*r (m\/w\/d) Die Gemeinde Postm\u00fcnster sucht laufend engagierte\/n B\u00fcrger*in (m\/w\/d) f\u00fcr das Amt eines\/einer Feldgeschworenen. Das Amt eines Feldgeschworenen ist das \u00e4lteste kommunale Ehrenamt in Bayern. Aufgaben u.a.: Mitwirkung bei der Abmarkung der Grundst\u00fccke durch das Vermessungsamt Beschaffung und Transport von Grenzmarken und anderen notwendigen Abmarkungsmaterialien \u00dcberwachung der Grenzzeichen Grenzbegehungen Wer kann Feldgeschworene*r werden? Jede\/r [&hellip;]<\/p>\n","protected":false},"author":11,"featured_media":0,"parent":3936,"menu_order":13,"comment_status":"closed","ping_status":"closed","template":"page-full.php","meta":{"footnotes":""},"class_list":["post-7444","page","type-page","status-publish","hentry"],"publishpress_future_action":{"enabled":false,"date":"2026-05-07 13:13:17","action":"change-status","newStatus":"draft","terms":[],"taxonomy":"","extraData":[]},"publishpress_future_workflow_manual_trigger":{"enabledWorkflows":[]},"_links":{"self":[{"href":"https:\/\/www.postmuenster.de\/index.php?rest_route=\/wp\/v2\/pages\/7444","targetHints":{"allow":["GET"]}}],"collection":[{"href":"https:\/\/www.postmuenster.de\/index.php?rest_route=\/wp\/v2\/pages"}],"about":[{"href":"https:\/\/www.postmuenster.de\/index.php?rest_route=\/wp\/v2\/types\/page"}],"author":[{"embeddable":true,"href":"https:\/\/www.postmuenster.de\/index.php?rest_route=\/wp\/v2\/users\/11"}],"replies":[{"embeddable":true,"href":"https:\/\/www.postmuenster.de\/index.php?rest_route=%2Fwp%2Fv2%2Fcomments&post=7444"}],"version-history":[{"count":43,"href":"https:\/\/www.postmuenster.de\/index.php?rest_route=\/wp\/v2\/pages\/7444\/revisions"}],"predecessor-version":[{"id":9805,"href":"https:\/\/www.postmuenster.de\/index.php?rest_route=\/wp\/v2\/pages\/7444\/revisions\/9805"}],"up":[{"embeddable":true,"href":"https:\/\/www.postmuenster.de\/index.php?rest_route=\/wp\/v2\/pages\/3936"}],"wp:attachment":[{"href":"https:\/\/www.postmuenster.de\/index.php?rest_route=%2Fwp%2Fv2%2Fmedia&parent=7444"}],"curies":[{"name":"wp","href":"https:\/\/api.w.org\/{rel}","templated":true}]}}