{"id":9679,"date":"2026-03-18T09:43:22","date_gmt":"2026-03-18T08:43:22","guid":{"rendered":"https:\/\/www.postmuenster.de\/?page_id=9679"},"modified":"2026-03-19T16:35:13","modified_gmt":"2026-03-19T15:35:13","slug":"pressearchiv","status":"publish","type":"page","link":"https:\/\/www.postmuenster.de\/?page_id=9679","title":{"rendered":"Pressearchiv"},"content":{"rendered":"<p>Hier finden Sie Pressemeldungen der Passauer Neuen Presse, Lokalredaktion Pfarrkirchen, \u00fcber Postm\u00fcnster.<br \/>\nSie k\u00f6nnen die unten angezeigte, externe Seite PNP.de auch <a href=\"https:\/\/www.pnp.de\/lokales\/landkreis-rottal-inn\/postmuenster\" target=\"_blank\" rel=\"noopener\">direkt in einem neuen Fenster \u00f6ffnen.<\/a><\/p>\n<div class=\"embed-privacy-container is-disabled embed-pnp-de\" data-embed-id=\"oembed_c2f5c24e649e6d1c708f221911ef899f\" data-embed-provider=\"pnp-de\">\t\t\t\t\t\t<button type=\"button\" class=\"embed-privacy-enable screen-reader-text\">\u201ePNP Pressearchiv\u201c von PNP.de anzeigen<\/button>\t\t\t\t\t\t<\/p>\n<div class=\"embed-privacy-overlay\">\n<div class=\"embed-privacy-inner\">\n<p>\t\tHier klicken, um den Inhalt von Passauer Neue Presse anzuzeigen.\t\t\t\t\t<br \/>\t\t\t\t\tErfahre mehr in der <a href=\"https:\/\/www.pnp.de\/datenschutz\" target=\"_blank\">Datenschutzerkl\u00e4rung von PNP.de<\/a>.\t\t<\/p>\n<p class=\"embed-privacy-input-wrapper\">\t\t\t<input id=\"embed-privacy-store-pnp-de-c2f5c24e649e6d1c708f221911ef899f\" type=\"checkbox\" value=\"1\" class=\"embed-privacy-input\" data-embed-provider=\"pnp-de\">\t\t\t<label for=\"embed-privacy-store-pnp-de-c2f5c24e649e6d1c708f221911ef899f\" class=\"embed-privacy-label\" data-embed-provider=\"pnp-de\">\t\t\t\tInhalt von PNP.de immer anzeigen\t\t\t<\/label>\t\t<\/p>\n<\/p><\/div>\n<div class=\"embed-privacy-footer\"><span class=\"embed-privacy-url\"><a href=\"https:\/\/www.pnp.de\/lokales\/landkreis-rottal-inn\/postmuenster\">\u201ePNP Pressearchiv\u201c direkt \u00f6ffnen<\/a><\/span><\/div>\n<\/p><\/div>\n<div class=\"embed-privacy-content\">\t\t\t\t<script>var _oembed_c2f5c24e649e6d1c708f221911ef899f = '{\\\"embed\\\":\\\"&lt;iframe style=&quot;height: 3500px; width: 100%;&quot; title=&quot;PNP Pressearchiv&quot; src=&quot;https:\\\\\/\\\\\/www.pnp.de\\\\\/lokales\\\\\/landkreis-rottal-inn\\\\\/postmuenster&quot;&gt;&lt;span style=&quot;display: inline-block; width: 0px; overflow: hidden; line-height: 0;&quot; data-mce-type=&quot;bookmark&quot; class=&quot;mce_SELRES_start&quot;&gt;\\\\ufeff&lt;\\\\\/span&gt;&lt;\\\\\/iframe&gt;\\\"}';<\/script>\t\t\t<\/div>\n<\/p><\/div><\/p>\n","protected":false},"excerpt":{"rendered":"<p>Hier finden Sie Pressemeldungen der Passauer Neuen Presse, Lokalredaktion Pfarrkirchen, \u00fcber Postm\u00fcnster. Sie k\u00f6nnen die unten angezeigte, externe Seite PNP.de auch direkt in einem neuen Fenster \u00f6ffnen. \u201ePNP Pressearchiv\u201c von PNP.de anzeigen Hier klicken, um den Inhalt von Passauer Neue Presse anzuzeigen. Erfahre mehr in der Datenschutzerkl\u00e4rung von PNP.de. Inhalt von PNP.de immer anzeigen \u201ePNP [&hellip;]<\/p>\n","protected":false},"author":1,"featured_media":0,"parent":669,"menu_order":4,"comment_status":"closed","ping_status":"closed","template":"page-full.php","meta":{"footnotes":""},"class_list":["post-9679","page","type-page","status-publish","hentry"],"publishpress_future_action":{"enabled":false,"date":"2026-05-09 20:21:45","action":"change-status","newStatus":"draft","terms":[],"taxonomy":"","extraData":[]},"publishpress_future_workflow_manual_trigger":{"enabledWorkflows":[]},"_links":{"self":[{"href":"https:\/\/www.postmuenster.de\/index.php?rest_route=\/wp\/v2\/pages\/9679","targetHints":{"allow":["GET"]}}],"collection":[{"href":"https:\/\/www.postmuenster.de\/index.php?rest_route=\/wp\/v2\/pages"}],"about":[{"href":"https:\/\/www.postmuenster.de\/index.php?rest_route=\/wp\/v2\/types\/page"}],"author":[{"embeddable":true,"href":"https:\/\/www.postmuenster.de\/index.php?rest_route=\/wp\/v2\/users\/1"}],"replies":[{"embeddable":true,"href":"https:\/\/www.postmuenster.de\/index.php?rest_route=%2Fwp%2Fv2%2Fcomments&post=9679"}],"version-history":[{"count":13,"href":"https:\/\/www.postmuenster.de\/index.php?rest_route=\/wp\/v2\/pages\/9679\/revisions"}],"predecessor-version":[{"id":9792,"href":"https:\/\/www.postmuenster.de\/index.php?rest_route=\/wp\/v2\/pages\/9679\/revisions\/9792"}],"up":[{"embeddable":true,"href":"https:\/\/www.postmuenster.de\/index.php?rest_route=\/wp\/v2\/pages\/669"}],"wp:attachment":[{"href":"https:\/\/www.postmuenster.de\/index.php?rest_route=%2Fwp%2Fv2%2Fmedia&parent=9679"}],"curies":[{"name":"wp","href":"https:\/\/api.w.org\/{rel}","templated":true}]}}