{"id":13,"date":"2014-09-21T16:10:45","date_gmt":"2014-09-21T14:10:45","guid":{"rendered":"http:\/\/www.postmuenster.de\/spdneu\/?page_id=13"},"modified":"2026-01-20T19:34:51","modified_gmt":"2026-01-20T17:34:51","slug":"geschichtliche-entwicklung","status":"publish","type":"page","link":"https:\/\/www.postmuenster.de\/spdneu\/?page_id=13","title":{"rendered":"Geschichtliche Entwicklung"},"content":{"rendered":"<p><a href=\"http:\/\/www.postmuenster.de\/spdneu\/wp-content\/uploads\/2014\/09\/aktuell.jpg\"><img loading=\"lazy\" decoding=\"async\" class=\"alignnone  wp-image-73\" src=\"http:\/\/www.postmuenster.de\/spdneu\/wp-content\/uploads\/2014\/09\/aktuell-300x176.jpg\" alt=\"aktuell\" width=\"421\" height=\"251\" \/><\/a><\/p>\n<p>Der Ortsverein wurde\u00a0im\u00a0November 1966\u00a0im Beisein von SPD-Kreisgesch\u00e4ftsf\u00fchrer Robert Stiglmayr in Postm\u00fcnster im Gasthaus Wochinger mit \u00fcber 20 Gr\u00fcndungsmitglieder ins Leben gerufen.\u00a0Vorsitzender wurde der Werkmeister Heinrich Schachtner, Stellvertreter Elektromeister Fritz Fe\u00dfler, Kassiererin Hausfrau Emma Sopp, Schriftf\u00fchrer Kaufmann Rudolf Schmitz, Organisationsleiter Hermann P\u00f6tzinger. Als Beisitzer fungierten Mechaniker Ludwig Seibert, Facharbeiter Josef Reitmeier, Revisor Schreinermeister Max Gei\u00dfinger.<\/p>\n<h2><strong>Bisherige Vorst\u00e4nde:<\/strong><\/h2>\n<ul>\n<li>Schachtner Heinrich<br \/>\nReitmeier Ludwig<br \/>\nGei\u00dfinger Max<br \/>\nSeibert Ludwig<br \/>\nSchmitz Rudi<br \/>\nLoipersberger Anton<br \/>\nGrausam Reinhard<br \/>\nSinzinger G\u00fcnther<br \/>\nDorner Robert<br \/>\nRothmeier Alois<\/li>\n<li>Dr. Johanna Fe\u00dfler<\/li>\n<li>Philipp Konrad<\/li>\n<\/ul>\n<h2><strong>Ortsverein heute<\/strong><\/h2>\n<p>Heute z\u00e4hlt der Ortsverein\u00a022 Mitglieder, verteilt \u00fcber alle Berufs- und Gesellschaftsgruppen. In den Mitgliederversammlungen werden weniger die grossen politischen Themen, als mehr das politische Geschehen in der Gemeinde diskutiert. Dabei stehen die SPD-Gemeinder\u00e4te Rede und Antwort.<\/p>\n","protected":false},"excerpt":{"rendered":"<p>Der Ortsverein wurde\u00a0im\u00a0November 1966\u00a0im Beisein von SPD-Kreisgesch\u00e4ftsf\u00fchrer Robert Stiglmayr in Postm\u00fcnster im Gasthaus Wochinger mit \u00fcber 20 Gr\u00fcndungsmitglieder ins Leben gerufen.\u00a0Vorsitzender wurde der Werkmeister Heinrich Schachtner, Stellvertreter Elektromeister Fritz Fe\u00dfler, Kassiererin Hausfrau Emma Sopp, Schriftf\u00fchrer Kaufmann Rudolf Schmitz, Organisationsleiter Hermann &hellip; <a href=\"https:\/\/www.postmuenster.de\/spdneu\/?page_id=13\">Weiterlesen <span class=\"meta-nav\">&rarr;<\/span><\/a><\/p>\n","protected":false},"author":1,"featured_media":0,"parent":0,"menu_order":6,"comment_status":"closed","ping_status":"closed","template":"","meta":{"footnotes":""},"class_list":["post-13","page","type-page","status-publish","hentry"],"_links":{"self":[{"href":"https:\/\/www.postmuenster.de\/spdneu\/index.php?rest_route=\/wp\/v2\/pages\/13","targetHints":{"allow":["GET"]}}],"collection":[{"href":"https:\/\/www.postmuenster.de\/spdneu\/index.php?rest_route=\/wp\/v2\/pages"}],"about":[{"href":"https:\/\/www.postmuenster.de\/spdneu\/index.php?rest_route=\/wp\/v2\/types\/page"}],"author":[{"embeddable":true,"href":"https:\/\/www.postmuenster.de\/spdneu\/index.php?rest_route=\/wp\/v2\/users\/1"}],"replies":[{"embeddable":true,"href":"https:\/\/www.postmuenster.de\/spdneu\/index.php?rest_route=%2Fwp%2Fv2%2Fcomments&post=13"}],"version-history":[{"count":6,"href":"https:\/\/www.postmuenster.de\/spdneu\/index.php?rest_route=\/wp\/v2\/pages\/13\/revisions"}],"predecessor-version":[{"id":181,"href":"https:\/\/www.postmuenster.de\/spdneu\/index.php?rest_route=\/wp\/v2\/pages\/13\/revisions\/181"}],"wp:attachment":[{"href":"https:\/\/www.postmuenster.de\/spdneu\/index.php?rest_route=%2Fwp%2Fv2%2Fmedia&parent=13"}],"curies":[{"name":"wp","href":"https:\/\/api.w.org\/{rel}","templated":true}]}}