{"id":24,"date":"2014-09-21T16:25:34","date_gmt":"2014-09-21T14:25:34","guid":{"rendered":"http:\/\/www.postmuenster.de\/spdneu\/?page_id=24"},"modified":"2026-01-20T19:32:13","modified_gmt":"2026-01-20T17:32:13","slug":"unsere-ziele","status":"publish","type":"page","link":"https:\/\/www.postmuenster.de\/spdneu\/?page_id=24","title":{"rendered":"Unsere Ziele"},"content":{"rendered":"\n<p>&nbsp;<\/p>\n\n\n\n<p>&nbsp;<\/p>\n\n\n\n<p>&nbsp;<\/p>\n\n\n\n<p>Unsere Kandidatinnen und Kandidaten f\u00fcr die Kommunalwahl 2026:<\/p>\n\n\n\n<p>&nbsp;<\/p>\n\n\n\n<figure class=\"wp-block-image\"><img loading=\"lazy\" decoding=\"async\" width=\"2560\" height=\"1746\" src=\"https:\/\/www.postmuenster.de\/spdneu\/wp-content\/uploads\/2026\/01\/DSC0596-scaled.jpg\" alt=\"\" class=\"wp-image-179\" srcset=\"https:\/\/www.postmuenster.de\/spdneu\/wp-content\/uploads\/2026\/01\/DSC0596-scaled.jpg 2560w, https:\/\/www.postmuenster.de\/spdneu\/wp-content\/uploads\/2026\/01\/DSC0596-300x205.jpg 300w, https:\/\/www.postmuenster.de\/spdneu\/wp-content\/uploads\/2026\/01\/DSC0596-1024x698.jpg 1024w, https:\/\/www.postmuenster.de\/spdneu\/wp-content\/uploads\/2026\/01\/DSC0596-768x524.jpg 768w, https:\/\/www.postmuenster.de\/spdneu\/wp-content\/uploads\/2026\/01\/DSC0596-1536x1047.jpg 1536w, https:\/\/www.postmuenster.de\/spdneu\/wp-content\/uploads\/2026\/01\/DSC0596-2048x1396.jpg 2048w, https:\/\/www.postmuenster.de\/spdneu\/wp-content\/uploads\/2026\/01\/DSC0596-440x300.jpg 440w\" sizes=\"auto, (max-width: 2560px) 100vw, 2560px\" \/><\/figure>\n\n\n\n<p><\/p>\n\n\n\n<p><\/p>\n\n\n\n<figure class=\"wp-block-table\"><table class=\"has-fixed-layout\"><tbody><tr><td>Listenplatz<\/td><td>Vorname<\/td><td>Nachname<\/td><\/tr><tr><td>1<\/td><td>Philipp<\/td><td>Konrad<\/td><\/tr><tr><td>2<\/td><td>Eva <\/td><td>Pr\u00e4hofer<\/td><\/tr><tr><td>3<\/td><td>G\u00fcnther<\/td><td>Rothmeier<\/td><\/tr><tr><td>4<\/td><td>Julia <\/td><td>Hartl<\/td><\/tr><tr><td>5<\/td><td>Sebastian<\/td><td>Gro\u00dfschedl<\/td><\/tr><tr><td>6<\/td><td>Gerlinde<\/td><td>Fe\u00dfler<\/td><\/tr><tr><td>7<\/td><td>Janos<\/td><td>Kis<\/td><\/tr><tr><td>8<\/td><td>Sonja<\/td><td>Hartl<\/td><\/tr><tr><td>9<\/td><td>Bernhard<\/td><td>H\u00f6lzl<\/td><\/tr><tr><td>10<\/td><td>Dr. Johanna<\/td><td>Fe\u00dfler<\/td><\/tr><tr><td>11<\/td><td>Alexander <\/td><td>Burner<\/td><\/tr><tr><td>12<\/td><td>Siegfried<\/td><td>Konrad<\/td><\/tr><tr><td>13<\/td><td>Alois Markus<\/td><td>Rothmeier<\/td><\/tr><\/tbody><\/table><\/figure>\n\n\n\n<p><b>Die Ziele Der SPD-Kandidaten und des B\u00fcrgermeisterkandidaten sind:<\/b><\/p>\n\n\n\n<p><strong>Wohnungsbau:<\/strong><\/p>\n\n\n\n<p><span style=\"font-weight: 400;\">Wir wollen bestehende Baul\u00fccken konsequent schlie\u00dfen, um zus\u00e4tzlichen Wohnraum zu schaffen, ohne neue Fl\u00e4chen zu versiegeln. Junge Familien sollen bei der Vergabe von Grundst\u00fccken bevorzugt werden, um ihnen einen guten Start in unserer Gemeinde zu erm\u00f6glichen.<\/span><\/p>\n\n\n\n<p>&nbsp;<\/p>\n\n\n\n<p><strong>Gewerbe:<\/strong><\/p>\n\n\n\n<p><span style=\"font-weight: 400;\">Bestehende Betriebe in unserer Gemeinde sollen gezielt unterst\u00fctzt und in ihrer Entwicklung gest\u00e4rkt werden. Gleichzeitig erleichtern wir die Ansiedlung neuer Kleinbetriebe. Die neu erworbene Fl\u00e4che an der B 388 soll zu einem modernen Gewerbe-Mischgebiet mit Zukunft entwickelt werden.<\/span><\/p>\n\n\n\n<p>&nbsp;<\/p>\n\n\n\n<p><strong>Kindergarten:<\/strong><\/p>\n\n\n\n<p><span style=\"font-weight: 400;\">Wir setzen uns f\u00fcr einen Neubau des Kindergartens in Postm\u00fcnster in direkter N\u00e4he zur Schule ein. Erg\u00e4nzend wollen wir eine verl\u00e4ssliche Ganztagsbetreuung f\u00fcr Sch\u00fclerinnen und Sch\u00fcler schaffen. Damit st\u00e4rken wir Familien und investieren in die Zukunft unserer Gemeinde.<\/span><\/p>\n\n\n\n<p>&nbsp;<\/p>\n\n\n\n<p><strong>Grundschule:<\/strong><\/p>\n\n\n\n<p><span style=\"font-weight: 400;\">Die kontinuierliche Modernisierung unserer Grundschule und der Lehrmittel muss oberste Priorit\u00e4t haben. So bereiten wir unsere Kinder bestm\u00f6glich auf die fortschreitende Digitalisierung vor. Bildung ist die wichtigste Investition in unsere Zukunft.<\/span><\/p>\n\n\n\n<p>&nbsp;<\/p>\n\n\n\n<p><strong>Energiewende:&nbsp;<\/strong><\/p>\n\n\n\n<p><span style=\"font-weight: 400;\">F\u00fcr die Energiewende in unserer Gemeinde wollen wir den Ausbau des Nahw\u00e4rmenetzes in Postm\u00fcnster vorantreiben und ein Nahw\u00e4rmekonzept f\u00fcr Neuhofen erstellen. Damit setzen wir auf eine nachhaltige und zukunftssichere W\u00e4rmeversorgung.<\/span><\/p>\n\n\n\n<p>&nbsp;<\/p>\n\n\n\n<p><strong>Verkehr:<\/strong><\/p>\n\n\n\n<p><span style=\"font-weight: 400;\">Wir setzen uns f\u00fcr eine sp\u00fcrbare Verkehrsberuhigung in unseren Ortskernen ein: sichere Schulwege, weniger Durchgangsverkehr und mehr Lebensqualit\u00e4t f\u00fcr die Anwohner. Durch Tempo-30-Zonen sorgen wir f\u00fcr mehr Sicherheit, Ruhe und ein besseres Miteinander im Ort.<\/span><\/p>\n\n\n\n<p><strong>Glasfaserausbau:<\/strong><\/p>\n\n\n\n<p><span style=\"font-weight: 400;\">Wir setzen uns f\u00fcr den konsequenten Ausbau des Glasfasernetzes ein, damit unsere Gemeinde zukunftsf\u00e4hig und wettbewerbsstark bleibt. Schnelles, zuverl\u00e4ssiges Internet f\u00fcr Haushalte, Schulen und Unternehmen st\u00e4rkt Wirtschaft, Bildung und Lebensqualit\u00e4t \u2013 heute und f\u00fcr kommende Generationen.<\/span><\/p>\n\n\n\n<p>&nbsp;<\/p>\n\n\n\n<p><strong>Vereine:<\/strong><\/p>\n\n\n\n<p><span style=\"font-weight: 400;\">Wir setzen uns f\u00fcr die gezielte F\u00f6rderung und verl\u00e4ssliche Unterst\u00fctzung unserer Vereine ein, denn sie sind das Herz unseres gemeinschaftlichen Lebens. Durch unb\u00fcrokratische Zusammenarbeit und die St\u00e4rkung des Ehrenamts sichern wir Vielfalt, Zusammenhalt und eine lebendige Gemeinde.<\/span><\/p>\n\n\n\n<p><\/p>\n","protected":false},"excerpt":{"rendered":"<p>&nbsp; &nbsp; &nbsp; Unsere Kandidatinnen und Kandidaten f\u00fcr die Kommunalwahl 2026: &nbsp; Listenplatz Vorname Nachname 1 Philipp Konrad 2 Eva Pr\u00e4hofer 3 G\u00fcnther Rothmeier 4 Julia Hartl 5 Sebastian Gro\u00dfschedl 6 Gerlinde Fe\u00dfler 7 Janos Kis 8 Sonja Hartl 9 &hellip; <a href=\"https:\/\/www.postmuenster.de\/spdneu\/?page_id=24\">Weiterlesen <span class=\"meta-nav\">&rarr;<\/span><\/a><\/p>\n","protected":false},"author":1,"featured_media":0,"parent":0,"menu_order":3,"comment_status":"closed","ping_status":"closed","template":"","meta":{"footnotes":""},"class_list":["post-24","page","type-page","status-publish","hentry"],"_links":{"self":[{"href":"https:\/\/www.postmuenster.de\/spdneu\/index.php?rest_route=\/wp\/v2\/pages\/24","targetHints":{"allow":["GET"]}}],"collection":[{"href":"https:\/\/www.postmuenster.de\/spdneu\/index.php?rest_route=\/wp\/v2\/pages"}],"about":[{"href":"https:\/\/www.postmuenster.de\/spdneu\/index.php?rest_route=\/wp\/v2\/types\/page"}],"author":[{"embeddable":true,"href":"https:\/\/www.postmuenster.de\/spdneu\/index.php?rest_route=\/wp\/v2\/users\/1"}],"replies":[{"embeddable":true,"href":"https:\/\/www.postmuenster.de\/spdneu\/index.php?rest_route=%2Fwp%2Fv2%2Fcomments&post=24"}],"version-history":[{"count":30,"href":"https:\/\/www.postmuenster.de\/spdneu\/index.php?rest_route=\/wp\/v2\/pages\/24\/revisions"}],"predecessor-version":[{"id":180,"href":"https:\/\/www.postmuenster.de\/spdneu\/index.php?rest_route=\/wp\/v2\/pages\/24\/revisions\/180"}],"wp:attachment":[{"href":"https:\/\/www.postmuenster.de\/spdneu\/index.php?rest_route=%2Fwp%2Fv2%2Fmedia&parent=24"}],"curies":[{"name":"wp","href":"https:\/\/api.w.org\/{rel}","templated":true}]}}