{"id":32,"date":"2014-09-21T16:36:44","date_gmt":"2014-09-21T14:36:44","guid":{"rendered":"http:\/\/www.postmuenster.de\/spdneu\/?page_id=32"},"modified":"2021-12-24T05:36:16","modified_gmt":"2021-12-24T03:36:16","slug":"mitglied","status":"publish","type":"page","link":"https:\/\/www.postmuenster.de\/spdneu\/?page_id=32","title":{"rendered":"Mitglied werden"},"content":{"rendered":"<p>Wir bieten Ihnen Informationen \u00fcber den Ortsverein, unsere Aktivit\u00e4ten und unsere Ziele in der Gemeindepolitik.<\/p>\n<p><strong>Wollen Sie Sich aktiv und nicht mehr nur noch passiv an der gro\u00dfen und kommunalen Politik beteiligen?<\/strong> Haben Sie eine soziale und demokratische Grundeinstellung und stehen zu unserem Grundgesetz? Dann werden Sie Mitglied im SPD-Ortsverein! In unseren Versammlungen haben wir interessante Diskussionen! Informieren Sie uns in der Rubrik\u00a0Kontakt \u00fcber Ihre Interessen.<\/p>\n<p>Philipp Konrad<br \/>1.Vorstand<\/p>\n<p>Bei wem schl\u00e4gt das Herz auf der linken Seite und m\u00f6chte\u00a0sich in der kleinen oder aber auch in der gro\u00dfen Politik einzubringen, uns unterst\u00fctzen oder einfach als &#8222;stilles&#8220; Mitglied seine Zusimmmung zu unserer Arbeit zeigen?<\/p>\n<p>Dann melden Sie\u00a0Sich bitte, gerne unter:<\/p>\n<p>Philipp Konrad<br \/>Tel.:+49 171 4800466<br \/>philippkonrad89@gmail.com<br \/>Wald 12<br \/>84389 Postm\u00fcnster<\/p>\n\n\n<p><\/p>\n","protected":false},"excerpt":{"rendered":"<p>Wir bieten Ihnen Informationen \u00fcber den Ortsverein, unsere Aktivit\u00e4ten und unsere Ziele in der Gemeindepolitik. Wollen Sie Sich aktiv und nicht mehr nur noch passiv an der gro\u00dfen und kommunalen Politik beteiligen? Haben Sie eine soziale und demokratische Grundeinstellung und &hellip; <a href=\"https:\/\/www.postmuenster.de\/spdneu\/?page_id=32\">Weiterlesen <span class=\"meta-nav\">&rarr;<\/span><\/a><\/p>\n","protected":false},"author":1,"featured_media":0,"parent":0,"menu_order":8,"comment_status":"closed","ping_status":"closed","template":"","meta":{"footnotes":""},"class_list":["post-32","page","type-page","status-publish","hentry"],"_links":{"self":[{"href":"https:\/\/www.postmuenster.de\/spdneu\/index.php?rest_route=\/wp\/v2\/pages\/32","targetHints":{"allow":["GET"]}}],"collection":[{"href":"https:\/\/www.postmuenster.de\/spdneu\/index.php?rest_route=\/wp\/v2\/pages"}],"about":[{"href":"https:\/\/www.postmuenster.de\/spdneu\/index.php?rest_route=\/wp\/v2\/types\/page"}],"author":[{"embeddable":true,"href":"https:\/\/www.postmuenster.de\/spdneu\/index.php?rest_route=\/wp\/v2\/users\/1"}],"replies":[{"embeddable":true,"href":"https:\/\/www.postmuenster.de\/spdneu\/index.php?rest_route=%2Fwp%2Fv2%2Fcomments&post=32"}],"version-history":[{"count":4,"href":"https:\/\/www.postmuenster.de\/spdneu\/index.php?rest_route=\/wp\/v2\/pages\/32\/revisions"}],"predecessor-version":[{"id":173,"href":"https:\/\/www.postmuenster.de\/spdneu\/index.php?rest_route=\/wp\/v2\/pages\/32\/revisions\/173"}],"wp:attachment":[{"href":"https:\/\/www.postmuenster.de\/spdneu\/index.php?rest_route=%2Fwp%2Fv2%2Fmedia&parent=32"}],"curies":[{"name":"wp","href":"https:\/\/api.w.org\/{rel}","templated":true}]}}